{"id":990,"date":"2025-01-02T07:30:16","date_gmt":"2025-01-02T07:30:16","guid":{"rendered":"https:\/\/shkvina.vn\/?post_type=product&#038;p=990"},"modified":"2025-01-02T07:49:05","modified_gmt":"2025-01-02T07:49:05","slug":"phan-mem-do-luong","status":"publish","type":"product","link":"https:\/\/shkvina.vn\/en\/product\/phan-mem-do-luong","title":{"rendered":"Ph\u1ea7n m\u1ec1m SHK CMM YM Measure IDMIS"},"content":{"rendered":"<p><strong>Gi\u1edbi thi\u1ec7u ph\u1ea7n m\u1ec1m \u0111o l\u01b0\u1eddng 3D IDMIS<\/strong>.<\/p>\n<p>G\u00f3i ph\u1ea7n m\u1ec1m \u0111o l\u01b0\u1eddng c\u00f3 nhi\u1ec1u g\u00f3i ng\u00f4n ng\u1eef m\u1edf r\u1ed9ng nh\u01b0 ti\u1ebfng Trung v\u00e0 ti\u1ebfng Anh. Ngo\u00e0i giao di\u1ec7n v\u1eadn h\u00e0nh, ch\u01b0\u01a1ng tr\u00ecnh b\u1ed9 ph\u1eadn v\u00e0 b\u00e1o c\u00e1o \u0111\u1ea7u ra c\u0169ng c\u00f3 th\u1ec3 th\u1ef1c hi\u1ec7n chuy\u1ec3n \u0111\u1ed5i ng\u00f4n ng\u1eef t\u1ef1 \u0111\u1ed9ng. C\u00f3 tr\u1ee3 gi\u00fap tr\u1ef1c tuy\u1ebfn, h\u01b0\u1edbng d\u1eabn s\u1eed d\u1ee5ng v\u00e0 t\u00e0i li\u1ec7u \u0111\u00e0o t\u1ea1o b\u1eb1ng ti\u1ebfng Trung v\u00e0 ti\u1ebfng Anh.<\/p>\n<p>IDMIS l\u00e0 m\u1ed9t lo\u1ea1t ph\u1ea7n m\u1ec1m h\u1ec7 th\u1ed1ng \u0111o l\u01b0\u1eddng th\u00f4ng minh m\u1edf \u0111\u01b0\u1ee3c thi\u1ebft k\u1ebf ri\u00eang cho ng\u01b0\u1eddi d\u00f9ng \u0111o t\u1ecda \u0111\u1ed9 chung. IDMIS cung c\u1ea5p giao di\u1ec7n m\u1edf \u0111\u1ec3 trao \u0111\u1ed5i d\u1eef li\u1ec7u v\u1edbi c\u00e1c ph\u1ea7n m\u1ec1m v\u00e0 m\u1ea1ng kh\u00e1c, cho ph\u00e9p ng\u01b0\u1eddi d\u00f9ng k\u1ebft n\u1ed1i li\u1ec1n m\u1ea1ch thi\u1ebft b\u1ecb \u0111o l\u01b0\u1eddng v\u1edbi h\u1ec7 th\u1ed1ng t\u1ef1 \u0111\u1ed9ng h\u00f3a doanh nghi\u1ec7p ho\u1eb7c c\u00e1c h\u1ec7 th\u1ed1ng qu\u1ea3n l\u00fd Mis kh\u00e1c. IDMIS tu\u00e2n th\u1ee7 \u0111\u1ea7y \u0111\u1ee7 ti\u00eau chu\u1ea9n DMIS, c\u00f3 giao di\u1ec7n tr\u1ef1c quan v\u00e0 ph\u1ed5 qu\u00e1t, th\u00f4ng minh v\u00e0 hi\u1ec7u qu\u1ea3, \u0111\u01a1n gi\u1ea3n v\u00e0 d\u1ec5 s\u1eed d\u1ee5ng. N\u00f3 ho\u00e0n to\u00e0n ph\u00e1 v\u1ee1 n\u00fat th\u1eaft c\u1ed5 chai chuy\u00ean nghi\u1ec7p c\u1ee7a ng\u01b0\u1eddi v\u1eadn h\u00e0nh, gi\u00fap ng\u01b0\u1eddi d\u00f9ng gi\u1ea3m chi ph\u00ed v\u00e0 t\u0103ng hi\u1ec7u qu\u1ea3, \u0111\u1ed3ng th\u1eddi hi\u1ec7n th\u1ef1c h\u00f3a nhu c\u1ea7u \u0111o l\u01b0\u1eddng hi\u1ec7u qu\u1ea3 v\u00e0 nhanh ch\u00f3ng c\u1ee7a ng\u01b0\u1eddi d\u00f9ng!.<\/p>\n<p>G\u00f3i ph\u1ea7n m\u1ec1m IDMIS c\u00f3 th\u1ec3 cung c\u1ea5p nhi\u1ec1u gi\u1ea3i ph\u00e1p \u0111o l\u01b0\u1eddng ho\u00e0n ch\u1ec9nh! T\u01b0\u01a1ng th\u00edch v\u1edbi nhi\u1ec1u thi\u1ebft b\u1ecb \u0111i\u1ec1u khi\u1ec3n nh\u01b0 UCC, Pantec, SB, UWC4000 v\u00e0 c\u00f3 th\u1ec3 m\u1edf r\u1ed9ng.<\/p>\n<p>IDMIS l\u00e0 b\u01b0\u1edbc \u0111\u1ed9t ph\u00e1 m\u1edbi trong ng\u00e0nh ph\u1ea7n m\u1ec1m ba t\u1ecda \u0111\u1ed9 v\u1ec1 m\u1eb7t th\u1ef1c ti\u1ec5n, th\u00f4ng minh v\u00e0 ti\u1ec7n l\u1ee3i, l\u00e0 s\u1ef1 l\u1ef1a ch\u1ecdn t\u1ed1t nh\u1ea5t cho ng\u00e0nh s\u1ea3n xu\u1ea5t v\u00e0 \u0111o l\u01b0\u1eddng.<\/p>\n<p><strong>\u0110\u1ea7u d\u00f2.<\/strong><\/p>\n<p>Ph\u1ea7n m\u1ec1m IDMIS r\u1ea5t \u0111\u01a1n gi\u1ea3n v\u1ec1 m\u1eb7t c\u1ea5u h\u00ecnh h\u1ec7 th\u1ed1ng \u0111\u1ea7u d\u00f2, hi\u1ec7u chu\u1ea9n, ki\u1ec3m so\u00e1t, l\u1ef1a ch\u1ecdn, v.v. H\u1ec7 th\u1ed1ng hi\u1ec7u chu\u1ea9n \u0111\u1ea7u d\u00f2 c\u00f3 ch\u1ee9c n\u0103ng hi\u1ec7u chu\u1ea9n t\u1ef1 \u0111\u1ed9ng v\u00e0 cung c\u1ea5p ph\u01b0\u01a1ng ph\u00e1p x\u00e1c \u0111\u1ecbnh k\u1ebft qu\u1ea3 hi\u1ec7u chu\u1ea9n. Ph\u01b0\u01a1ng ph\u00e1p hi\u1ec7u chu\u1ea9n \u0111\u01a1n gi\u1ea3n v\u00e0 nhanh ch\u00f3ng. Ch\u01b0\u01a1ng tr\u00ecnh hi\u1ec7u chu\u1ea9n t\u1ef1 \u0111\u1ed9ng c\u0169ng c\u00f3 th\u1ec3 \u0111\u01b0\u1ee3c t\u1ea1o \u0111\u1ec3 t\u1ea5t c\u1ea3 c\u00e1c \u0111\u1ea7u d\u00f2 c\u00f3 ch\u01b0\u01a1ng tr\u00ecnh hi\u1ec7u chu\u1ea9n ri\u00eang bi\u1ec7t.<\/p>\n<p>H\u1ec7 th\u1ed1ng \u0111\u1ea7u d\u00f2 kh\u00f4ng ch\u1ec9 c\u00f3 th\u1ec3 th\u1ef1c hi\u1ec7n hi\u1ec7u chu\u1ea9n t\u1ef1 \u0111\u1ed9ng v\u00e0 li\u00ean k\u1ebft gi\u1eefa c\u00e1c v\u1ecb tr\u00ed kh\u00e1c nhau c\u1ee7a c\u00f9ng m\u1ed9t nh\u00f3m \u0111\u1ea7u d\u00f2 m\u00e0 c\u00f2n th\u1ef1c hi\u1ec7n hi\u1ec7u chu\u1ea9n t\u1ef1 \u0111\u1ed9ng v\u00e0 li\u00ean k\u1ebft gi\u1eefa c\u00e1c v\u1ecb tr\u00ed kh\u00e1c nhau c\u1ee7a c\u00e1c nh\u00f3m \u0111\u1ea7u d\u00f2 kh\u00e1c nhau.<img loading=\"lazy\" decoding=\"async\" class=\"alignnone size-full wp-image-991\" src=\"https:\/\/shkvina.vn\/wp-content\/uploads\/2025\/01\/z6189708937717_1f9b247f901ed1835e38ea8f88318f22.jpg\" alt=\"\" width=\"945\" height=\"488\" srcset=\"https:\/\/shkvina.vn\/wp-content\/uploads\/2025\/01\/z6189708937717_1f9b247f901ed1835e38ea8f88318f22.jpg 945w, https:\/\/shkvina.vn\/wp-content\/uploads\/2025\/01\/z6189708937717_1f9b247f901ed1835e38ea8f88318f22-800x413.jpg 800w, https:\/\/shkvina.vn\/wp-content\/uploads\/2025\/01\/z6189708937717_1f9b247f901ed1835e38ea8f88318f22-768x397.jpg 768w, https:\/\/shkvina.vn\/wp-content\/uploads\/2025\/01\/z6189708937717_1f9b247f901ed1835e38ea8f88318f22-18x9.jpg 18w\" sizes=\"auto, (max-width: 945px) 100vw, 945px\" \/><\/p>\n<p>&nbsp;<\/p>","protected":false},"excerpt":{"rendered":"<p>Gi\u1edbi thi\u1ec7u ph\u1ea7n m\u1ec1m \u0111o l\u01b0\u1eddng 3D IDMIS. G\u00f3i ph\u1ea7n m\u1ec1m \u0111o l\u01b0\u1eddng c\u00f3 nhi\u1ec1u g\u00f3i ng\u00f4n ng\u1eef m\u1edf r\u1ed9ng nh\u01b0 ti\u1ebfng Trung v\u00e0 ti\u1ebfng Anh. Ngo\u00e0i giao di\u1ec7n v\u1eadn h\u00e0nh, ch\u01b0\u01a1ng tr\u00ecnh b\u1ed9 ph\u1eadn v\u00e0 b\u00e1o c\u00e1o \u0111\u1ea7u ra c\u0169ng c\u00f3 th\u1ec3 th\u1ef1c hi\u1ec7n chuy\u1ec3n \u0111\u1ed5i ng\u00f4n ng\u1eef t\u1ef1 \u0111\u1ed9ng. C\u00f3 tr\u1ee3 gi\u00fap tr\u1ef1c<\/p>","protected":false},"featured_media":991,"comment_status":"open","ping_status":"closed","template":"","meta":[],"product_cat":[23],"product_tag":[],"class_list":["post-990","product","type-product","status-publish","has-post-thumbnail","hentry","product_cat-may-do-toa-do-cmm"],"yoast_head":"<!-- This site is optimized with the Yoast SEO Premium plugin v19.0.1 (Yoast SEO v20.8) - https:\/\/yoast.com\/wordpress\/plugins\/seo\/ -->\n<title>Ph\u1ea7n m\u1ec1m SHK CMM YM Measure IDMIS - C\u00d4NG TY TNHH TH\u01af\u01a0NG M\u1ea0I SHK INT\u2019L<\/title>\n<meta name=\"robots\" content=\"noindex, follow, max-snippet:-1, max-image-preview:large, max-video-preview:-1\" \/>\n<meta property=\"og:locale\" content=\"en_US\" \/>\n<meta property=\"og:type\" content=\"article\" \/>\n<meta property=\"og:title\" content=\"Ph\u1ea7n m\u1ec1m SHK CMM YM Measure IDMIS\" \/>\n<meta property=\"og:description\" content=\"Gi\u1edbi thi\u1ec7u ph\u1ea7n m\u1ec1m \u0111o l\u01b0\u1eddng 3D IDMIS. G\u00f3i ph\u1ea7n m\u1ec1m \u0111o l\u01b0\u1eddng c\u00f3 nhi\u1ec1u g\u00f3i ng\u00f4n ng\u1eef m\u1edf r\u1ed9ng nh\u01b0 ti\u1ebfng Trung v\u00e0 ti\u1ebfng Anh. Ngo\u00e0i giao di\u1ec7n v\u1eadn h\u00e0nh, ch\u01b0\u01a1ng tr\u00ecnh b\u1ed9 ph\u1eadn v\u00e0 b\u00e1o c\u00e1o \u0111\u1ea7u ra c\u0169ng c\u00f3 th\u1ec3 th\u1ef1c hi\u1ec7n chuy\u1ec3n \u0111\u1ed5i ng\u00f4n ng\u1eef t\u1ef1 \u0111\u1ed9ng. C\u00f3 tr\u1ee3 gi\u00fap tr\u1ef1c\" \/>\n<meta property=\"og:url\" content=\"https:\/\/shkvina.vn\/en\/product\/phan-mem-do-luong\/\" \/>\n<meta property=\"og:site_name\" content=\"C\u00d4NG TY TNHH TH\u01af\u01a0NG M\u1ea0I SHK INT\u2019L\" \/>\n<meta property=\"article:modified_time\" content=\"2025-01-02T07:49:05+00:00\" \/>\n<meta property=\"og:image\" content=\"https:\/\/shkvina.vn\/wp-content\/uploads\/2025\/01\/z6189708937717_1f9b247f901ed1835e38ea8f88318f22.jpg\" \/>\n\t<meta property=\"og:image:width\" content=\"945\" \/>\n\t<meta property=\"og:image:height\" content=\"488\" \/>\n\t<meta property=\"og:image:type\" content=\"image\/jpeg\" \/>\n<meta name=\"twitter:card\" content=\"summary_large_image\" \/>\n<meta name=\"twitter:label1\" content=\"Est. reading time\" \/>\n\t<meta name=\"twitter:data1\" content=\"3 minutes\" \/>\n<script type=\"application\/ld+json\" class=\"yoast-schema-graph\">{\"@context\":\"https:\/\/schema.org\",\"@graph\":[{\"@type\":\"WebPage\",\"@id\":\"https:\/\/shkvina.vn\/san-pham\/phan-mem-do-luong\",\"url\":\"https:\/\/shkvina.vn\/san-pham\/phan-mem-do-luong\",\"name\":\"Ph\u1ea7n m\u1ec1m SHK CMM YM Measure IDMIS - C\u00d4NG TY TNHH TH\u01af\u01a0NG M\u1ea0I SHK INT\u2019L\",\"isPartOf\":{\"@id\":\"https:\/\/shkvina.vn\/#website\"},\"datePublished\":\"2025-01-02T07:30:16+00:00\",\"dateModified\":\"2025-01-02T07:49:05+00:00\",\"breadcrumb\":{\"@id\":\"https:\/\/shkvina.vn\/san-pham\/phan-mem-do-luong#breadcrumb\"},\"inLanguage\":\"en-US\",\"potentialAction\":[{\"@type\":\"ReadAction\",\"target\":[\"https:\/\/shkvina.vn\/san-pham\/phan-mem-do-luong\"]}]},{\"@type\":\"BreadcrumbList\",\"@id\":\"https:\/\/shkvina.vn\/san-pham\/phan-mem-do-luong#breadcrumb\",\"itemListElement\":[{\"@type\":\"ListItem\",\"position\":1,\"name\":\"Home\",\"item\":\"https:\/\/shkvina.vn\/\"},{\"@type\":\"ListItem\",\"position\":2,\"name\":\"C\u1eeda h\u00e0ng\",\"item\":\"https:\/\/shkvina.vn\/cua-hang\"},{\"@type\":\"ListItem\",\"position\":3,\"name\":\"Ph\u1ea7n m\u1ec1m SHK CMM YM Measure IDMIS\"}]},{\"@type\":\"WebSite\",\"@id\":\"https:\/\/shkvina.vn\/#website\",\"url\":\"https:\/\/shkvina.vn\/\",\"name\":\"C\u00d4NG TY TNHH TH\u01af\u01a0NG M\u1ea0I SHK INT\u2019L\",\"description\":\"\",\"potentialAction\":[{\"@type\":\"SearchAction\",\"target\":{\"@type\":\"EntryPoint\",\"urlTemplate\":\"https:\/\/shkvina.vn\/?s={search_term_string}\"},\"query-input\":\"required name=search_term_string\"}],\"inLanguage\":\"en-US\"}]}<\/script>\n<!-- \/ Yoast SEO Premium plugin. -->","yoast_head_json":{"title":"Ph\u1ea7n m\u1ec1m SHK CMM YM Measure IDMIS - C\u00d4NG TY TNHH TH\u01af\u01a0NG M\u1ea0I SHK INT\u2019L","robots":{"index":"noindex","follow":"follow","max-snippet":"max-snippet:-1","max-image-preview":"max-image-preview:large","max-video-preview":"max-video-preview:-1"},"og_locale":"en_US","og_type":"article","og_title":"Ph\u1ea7n m\u1ec1m SHK CMM YM Measure IDMIS","og_description":"Gi\u1edbi thi\u1ec7u ph\u1ea7n m\u1ec1m \u0111o l\u01b0\u1eddng 3D IDMIS. G\u00f3i ph\u1ea7n m\u1ec1m \u0111o l\u01b0\u1eddng c\u00f3 nhi\u1ec1u g\u00f3i ng\u00f4n ng\u1eef m\u1edf r\u1ed9ng nh\u01b0 ti\u1ebfng Trung v\u00e0 ti\u1ebfng Anh. Ngo\u00e0i giao di\u1ec7n v\u1eadn h\u00e0nh, ch\u01b0\u01a1ng tr\u00ecnh b\u1ed9 ph\u1eadn v\u00e0 b\u00e1o c\u00e1o \u0111\u1ea7u ra c\u0169ng c\u00f3 th\u1ec3 th\u1ef1c hi\u1ec7n chuy\u1ec3n \u0111\u1ed5i ng\u00f4n ng\u1eef t\u1ef1 \u0111\u1ed9ng. C\u00f3 tr\u1ee3 gi\u00fap tr\u1ef1c","og_url":"https:\/\/shkvina.vn\/en\/product\/phan-mem-do-luong\/","og_site_name":"C\u00d4NG TY TNHH TH\u01af\u01a0NG M\u1ea0I SHK INT\u2019L","article_modified_time":"2025-01-02T07:49:05+00:00","og_image":[{"width":945,"height":488,"url":"https:\/\/shkvina.vn\/wp-content\/uploads\/2025\/01\/z6189708937717_1f9b247f901ed1835e38ea8f88318f22.jpg","type":"image\/jpeg"}],"twitter_card":"summary_large_image","twitter_misc":{"Est. reading time":"3 minutes"},"schema":{"@context":"https:\/\/schema.org","@graph":[{"@type":"WebPage","@id":"https:\/\/shkvina.vn\/san-pham\/phan-mem-do-luong","url":"https:\/\/shkvina.vn\/san-pham\/phan-mem-do-luong","name":"Ph\u1ea7n m\u1ec1m SHK CMM YM Measure IDMIS - C\u00d4NG TY TNHH TH\u01af\u01a0NG M\u1ea0I SHK INT\u2019L","isPartOf":{"@id":"https:\/\/shkvina.vn\/#website"},"datePublished":"2025-01-02T07:30:16+00:00","dateModified":"2025-01-02T07:49:05+00:00","breadcrumb":{"@id":"https:\/\/shkvina.vn\/san-pham\/phan-mem-do-luong#breadcrumb"},"inLanguage":"en-US","potentialAction":[{"@type":"ReadAction","target":["https:\/\/shkvina.vn\/san-pham\/phan-mem-do-luong"]}]},{"@type":"BreadcrumbList","@id":"https:\/\/shkvina.vn\/san-pham\/phan-mem-do-luong#breadcrumb","itemListElement":[{"@type":"ListItem","position":1,"name":"Home","item":"https:\/\/shkvina.vn\/"},{"@type":"ListItem","position":2,"name":"C\u1eeda h\u00e0ng","item":"https:\/\/shkvina.vn\/cua-hang"},{"@type":"ListItem","position":3,"name":"Ph\u1ea7n m\u1ec1m SHK CMM YM Measure IDMIS"}]},{"@type":"WebSite","@id":"https:\/\/shkvina.vn\/#website","url":"https:\/\/shkvina.vn\/","name":"C\u00d4NG TY TNHH TH\u01af\u01a0NG M\u1ea0I SHK INT\u2019L","description":"","potentialAction":[{"@type":"SearchAction","target":{"@type":"EntryPoint","urlTemplate":"https:\/\/shkvina.vn\/?s={search_term_string}"},"query-input":"required name=search_term_string"}],"inLanguage":"en-US"}]}},"_links":{"self":[{"href":"https:\/\/shkvina.vn\/en\/wp-json\/wp\/v2\/product\/990","targetHints":{"allow":["GET"]}}],"collection":[{"href":"https:\/\/shkvina.vn\/en\/wp-json\/wp\/v2\/product"}],"about":[{"href":"https:\/\/shkvina.vn\/en\/wp-json\/wp\/v2\/types\/product"}],"replies":[{"embeddable":true,"href":"https:\/\/shkvina.vn\/en\/wp-json\/wp\/v2\/comments?post=990"}],"wp:featuredmedia":[{"embeddable":true,"href":"https:\/\/shkvina.vn\/en\/wp-json\/wp\/v2\/media\/991"}],"wp:attachment":[{"href":"https:\/\/shkvina.vn\/en\/wp-json\/wp\/v2\/media?parent=990"}],"wp:term":[{"taxonomy":"product_cat","embeddable":true,"href":"https:\/\/shkvina.vn\/en\/wp-json\/wp\/v2\/product_cat?post=990"},{"taxonomy":"product_tag","embeddable":true,"href":"https:\/\/shkvina.vn\/en\/wp-json\/wp\/v2\/product_tag?post=990"}],"curies":[{"name":"wp","href":"https:\/\/api.w.org\/{rel}","templated":true}]}}