{"id":748,"date":"2023-12-31T10:01:32","date_gmt":"2023-12-31T10:01:32","guid":{"rendered":"https:\/\/shkvina.vn\/?post_type=product&#038;p=748"},"modified":"2025-01-02T04:17:32","modified_gmt":"2025-01-02T04:17:32","slug":"shk-vms","status":"publish","type":"product","link":"https:\/\/shkvina.vn\/en\/product\/shk-vms","title":{"rendered":"Ph\u1ea7n m\u1ec1m SHK VMS RATIONAL VUE"},"content":{"rendered":"<section class=\"section\" id=\"section_1716725462\">\n\t\t<div class=\"bg section-bg fill bg-fill  bg-loaded\" >\n\n\t\t\t\n\t\t\t\n\t\t\t\n\n\t\t<\/div>\n\n\t\t\n\n\t\t<div class=\"section-content relative\">\n\t\t\t\n<div class=\"row align-center\"  id=\"row-541834528\">\n\n\t<div id=\"col-2124676344\" class=\"col small-12 large-12\"  >\n\t\t\t\t<div class=\"col-inner\"  >\n\t\t\t\n\t\t\t\n\t<div id=\"text-3863283667\" class=\"text\">\n\t\t\n<h2 style=\"text-align: center;\"><strong>C\u00e1c t\u00ednh n\u0103ng c\u1ee7a RationalVue<\/strong><\/h2>\n<h2 style=\"text-align: center;\"><strong>GI\u1ea2I PH\u00c1P T\u1ed4NG H\u1ee2P \u0110A C\u1ea2M BI\u1ebeN KH\u00d4NG TI\u1ebeP X\u00daC (T\u00d9Y CH\u1eccN)<\/strong><\/h2>\n<p>M\u1ed9t b\u1ed9 ph\u1ea7n m\u1ec1m RationalVue l\u00e0 s\u1ef1 k\u1ebft h\u1ee3p c\u1ee7a Ph\u1ea7n m\u1ec1m so s\u00e1nh 2D, Ph\u1ea7n m\u1ec1m so s\u00e1nh 3D, Ph\u1ea7n m\u1ec1m k\u1ef9 thu\u1eadt \u0111\u1ea3o ng\u01b0\u1ee3c CAD, Ph\u1ea7n m\u1ec1m ph\u00e2n t\u00edch bi\u1ec3u m\u1eabu, Ph\u1ea7n m\u1ec1m qu\u00e9t h\u1ed3 s\u01a1, Ph\u1ea7n m\u1ec1m ph\u00e2n t\u00edch th\u1ed1ng k\u00ea SPC, Ph\u1ea7n m\u1ec1m l\u1eadp tr\u00ecnh ngo\u1ea1i tuy\u1ebfn v\u00e0 Ph\u1ea7n m\u1ec1m \u0111\u00e1nh gi\u00e1 dung sai h\u00ecnh h\u1ecdc, \u2026<br \/>\n\t\t\n<style>\n#text-3863283667 {\n  text-align: center;\n}\n<\/style>\n\t<\/div>\n\t\n\t\t<\/div>\n\t\t\t\t\t<\/div>\n\n\t\n\n\t<div id=\"col-1609476737\" class=\"col medium-4 small-12 large-4\"  >\n\t\t\t\t<div class=\"col-inner\"  >\n\t\t\t\n\t\t\t\n\t<div class=\"img has-hover x md-x lg-x y md-y lg-y\" id=\"image_1150893995\">\n\t\t\t\t\t\t\t\t<div class=\"img-inner dark\" >\n\t\t\t<img loading=\"lazy\" decoding=\"async\" width=\"294\" height=\"170\" src=\"https:\/\/shkvina.vn\/wp-content\/uploads\/2024\/01\/Picture5.png\" class=\"attachment-original size-original\" alt=\"\" srcset=\"https:\/\/shkvina.vn\/wp-content\/uploads\/2024\/01\/Picture5.png 294w, https:\/\/shkvina.vn\/wp-content\/uploads\/2024\/01\/Picture5-18x10.png 18w\" sizes=\"auto, (max-width: 294px) 100vw, 294px\" \/>\t\t\t\t\t\t\n\t\t\t\t\t<\/div>\n\t\t\t\t\t\t\t\t\n<style>\n#image_1150893995 {\n  width: 100%;\n}\n<\/style>\n\t<\/div>\n\t\n\t\t<\/div>\n\t\t\t\t\t<\/div>\n\n\t\n\n\t<div id=\"col-577549058\" class=\"col medium-4 small-12 large-4\"  >\n\t\t\t\t<div class=\"col-inner\"  >\n\t\t\t\n\t\t\t\n\t<div class=\"img has-hover x md-x lg-x y md-y lg-y\" id=\"image_587773027\">\n\t\t\t\t\t\t\t\t<div class=\"img-inner dark\" >\n\t\t\t<img loading=\"lazy\" decoding=\"async\" width=\"271\" height=\"170\" src=\"https:\/\/shkvina.vn\/wp-content\/uploads\/2024\/01\/Picture6-1.png\" class=\"attachment-original size-original\" alt=\"\" srcset=\"https:\/\/shkvina.vn\/wp-content\/uploads\/2024\/01\/Picture6-1.png 271w, https:\/\/shkvina.vn\/wp-content\/uploads\/2024\/01\/Picture6-1-18x12.png 18w\" sizes=\"auto, (max-width: 271px) 100vw, 271px\" \/>\t\t\t\t\t\t\n\t\t\t\t\t<\/div>\n\t\t\t\t\t\t\t\t\n<style>\n#image_587773027 {\n  width: 100%;\n}\n<\/style>\n\t<\/div>\n\t\n\t\t<\/div>\n\t\t\t\t\t<\/div>\n\n\t\n<\/div>\n<div class=\"row\"  id=\"row-985306036\">\n\n\t<div id=\"col-143825199\" class=\"col small-12 large-12\"  >\n\t\t\t\t<div class=\"col-inner\"  >\n\t\t\t\n\t\t\t\n<h3><strong>H\u1ed7 tr\u1ee3 h\u1ec7 th\u1ed1ng Windows:<\/strong><\/h3>\n<ul>\n<li>H\u1ed7 tr\u1ee3 h\u1ec7 \u0111i\u1ec1u h\u00e0nh Win7, Win10, giao di\u1ec7n ph\u1ea7n m\u1ec1m ho\u00e0n to\u00e0n ph\u00f9 h\u1ee3p v\u1edbi phong c\u00e1ch thi\u1ebft k\u1ebf \u0111\u1ed3 h\u1ecda hi\u1ec7n nay.<\/li>\n<li>Th\u00f4ng qua thi\u1ebft k\u1ebf m\u00f4-\u0111un v\u00e0 ho\u1ea1t \u0111\u1ed9ng k\u00e9o v\u00e0 th\u1ea3. Kh\u00f4ng c\u00f3 c\u1eeda s\u1ed5 b\u1eadt l\u00ean ph\u1ee9c t\u1ea1p, kh\u00f4ng c\u00f3 quy tr\u00ecnh v\u1eadn h\u00e0nh \u0111a d\u1ea1ng v\u00e0 ho\u00e0n to\u00e0n kh\u00f4ng c\u00f3 giao di\u1ec7n d\u1ef1 ph\u00f2ng. Vi\u1ec7c th\u1ef1c hi\u1ec7n h\u1ea7u h\u1ebft ch\u1ee9c n\u0103ng c\u1ee7a RationalVue c\u00f3 th\u1ec3 \u0111\u01b0\u1ee3c ho\u00e0n th\u00e0nh ch\u1ec9 b\u1eb1ng c\u00e1ch \u201cK\u00e9o v\u00e0 th\u1ea3\u201d chu\u1ed9t 1-2 l\u1ea7n.<\/li>\n<\/ul>\n<h3><strong>V\u1eadn h\u00e0nh nhanh, n\u00e2ng cao hi\u1ec7u qu\u1ea3!<\/strong><\/h3>\n<ul>\n<li>Thao t\u00e1c k\u00e9o v\u00e0 th\u1ea3: Nh\u1ea5p b\u1eb1ng chu\u1ed9t + k\u00e9o v\u00e0 th\u1ea3 b\u1eb1ng chu\u1ed9t = ch\u1ee9c n\u0103ng m\u1ea1nh m\u1ebd<\/li>\n<li>D\u1ef1a tr\u00ean CAD, so s\u00e1nh nhanh.<\/li>\n<li>RationalVue c\u00f3 th\u1ec3 nh\u1eadp t\u1ec7p h\u00ecnh 3D IGES ho\u1eb7c t\u1ec7p.<\/li>\n<li>CAD c\u00f3 \u0111\u1ecbnh d\u1ea1ng DXF. CAD \u0111\u01b0\u1ee3c s\u1eed d\u1ee5ng tr\u1ef1c ti\u1ebfp \u0111\u1ec3 \u0111o h\u01b0\u1edbng d\u1eabn v\u00e0 ho\u00e0n thi\u1ec7n ch\u1ee9c n\u0103ng so s\u00e1nh gi\u1eefa th\u1ef1c t\u1ebf v\u00e0 danh ngh\u0129a, gi\u00fap c\u1ea3i thi\u1ec7n hi\u1ec7u su\u1ea5t \u0111o l\u00ean 2-3 l\u1ea7n.<\/li>\n<li>RationalVue c\u00f3 th\u1ec3 ho\u00e0n th\u00e0nh ph\u00e9p \u0111o dung sai h\u00ecnh h\u1ecdc ISO, bao g\u1ed3m v\u1ecb tr\u00ed, bi\u00ean d\u1ea1ng \u0111\u01b0\u1eddng cong, bi\u00ean d\u1ea1ng b\u1ec1 m\u1eb7t, \u2026<\/li>\n<\/ul>\n\t\t<\/div>\n\t\t\t\t\t<\/div>\n\n\t\n<\/div>\n\t\t<\/div>\n\n\t\t\n<style>\n#section_1716725462 {\n  padding-top: 30px;\n  padding-bottom: 30px;\n}\n#section_1716725462 .ux-shape-divider--top svg {\n  height: 150px;\n  --divider-top-width: 100%;\n}\n#section_1716725462 .ux-shape-divider--bottom svg {\n  height: 150px;\n  --divider-width: 100%;\n}\n<\/style>\n\t<\/section>","protected":false},"excerpt":{"rendered":"<div id=\"col-315180566\" class=\"col small-12 large-12\">\n<div class=\"col-inner\">\n<p>Ph\u1ea7n m\u1ec1m n\u00e0y l\u00e0 nh\u00e0 ph\u00e1t tri\u1ec3n ph\u1ea7n m\u1ec1m v\u1edbi h\u01a1n m\u01b0\u1eddi n\u0103m kinh nghi\u1ec7m trong ng\u00e0nh \u0111o l\u01b0\u1eddng v\u00e0 ph\u1ea7n m\u1ec1m, Nghi\u00ean c\u1ee9u v\u00e0 ph\u00e1t tri\u1ec3n c\u1ea9n th\u1eadn ph\u1ea7n m\u1ec1m \u0111o l\u01b0\u1eddng 2D, 3D chuy\u00ean nghi\u1ec7p. Nguy\u00ean t\u1eafc thi\u1ebft k\u1ebf ph\u1ea7n m\u1ec1m l\u00e0: V\u1eadn h\u00e0nh \u0111\u01a1n gi\u1ea3n, ch\u1ee9c n\u0103ng m\u1ea1nh m\u1ebd, \u1ed5n \u0111\u1ecbnh v\u00e0 \u0111\u00e1ng tin c\u1eady, b\u1ea3o tr\u00ec thu\u1eadn ti\u1ec7n.<\/p>\n<\/div>\n<\/div>","protected":false},"featured_media":739,"comment_status":"open","ping_status":"closed","template":"","meta":[],"product_cat":[22],"product_tag":[],"class_list":["post-748","product","type-product","status-publish","has-post-thumbnail","hentry","product_cat-may-do-quang-hoc"],"yoast_head":"<!-- This site is optimized with the Yoast SEO Premium plugin v19.0.1 (Yoast SEO v20.8) - https:\/\/yoast.com\/wordpress\/plugins\/seo\/ -->\n<title>Ph\u1ea7n m\u1ec1m SHK VMS RATIONAL VUE - C\u00d4NG TY TNHH TH\u01af\u01a0NG M\u1ea0I SHK INT\u2019L<\/title>\n<meta name=\"robots\" content=\"noindex, follow, max-snippet:-1, max-image-preview:large, max-video-preview:-1\" \/>\n<meta property=\"og:locale\" content=\"en_US\" \/>\n<meta property=\"og:type\" content=\"article\" \/>\n<meta property=\"og:title\" content=\"Ph\u1ea7n m\u1ec1m SHK VMS RATIONAL VUE\" \/>\n<meta property=\"og:description\" content=\"Ph\u1ea7n m\u1ec1m n\u00e0y l\u00e0 nh\u00e0 ph\u00e1t tri\u1ec3n ph\u1ea7n m\u1ec1m v\u1edbi h\u01a1n m\u01b0\u1eddi n\u0103m kinh nghi\u1ec7m trong ng\u00e0nh \u0111o l\u01b0\u1eddng v\u00e0 ph\u1ea7n m\u1ec1m, Nghi\u00ean c\u1ee9u v\u00e0 ph\u00e1t tri\u1ec3n c\u1ea9n th\u1eadn ph\u1ea7n m\u1ec1m \u0111o l\u01b0\u1eddng 2D, 3D chuy\u00ean nghi\u1ec7p. Nguy\u00ean t\u1eafc thi\u1ebft k\u1ebf ph\u1ea7n m\u1ec1m l\u00e0: V\u1eadn h\u00e0nh \u0111\u01a1n gi\u1ea3n, ch\u1ee9c n\u0103ng m\u1ea1nh m\u1ebd, \u1ed5n \u0111\u1ecbnh v\u00e0 \u0111\u00e1ng tin c\u1eady, b\u1ea3o tr\u00ec thu\u1eadn ti\u1ec7n.\" \/>\n<meta property=\"og:url\" content=\"https:\/\/shkvina.vn\/en\/product\/shk-vms\/\" \/>\n<meta property=\"og:site_name\" content=\"C\u00d4NG TY TNHH TH\u01af\u01a0NG M\u1ea0I SHK INT\u2019L\" \/>\n<meta property=\"article:modified_time\" content=\"2025-01-02T04:17:32+00:00\" \/>\n<meta property=\"og:image\" content=\"https:\/\/shkvina.vn\/wp-content\/uploads\/2024\/01\/software.png\" \/>\n\t<meta property=\"og:image:width\" content=\"1000\" \/>\n\t<meta property=\"og:image:height\" content=\"1000\" \/>\n\t<meta property=\"og:image:type\" content=\"image\/png\" \/>\n<meta name=\"twitter:card\" content=\"summary_large_image\" \/>\n<meta name=\"twitter:label1\" content=\"Est. reading time\" \/>\n\t<meta name=\"twitter:data1\" content=\"4 minutes\" \/>\n<script type=\"application\/ld+json\" class=\"yoast-schema-graph\">{\"@context\":\"https:\/\/schema.org\",\"@graph\":[{\"@type\":\"WebPage\",\"@id\":\"https:\/\/shkvina.vn\/san-pham\/shk-vms\",\"url\":\"https:\/\/shkvina.vn\/san-pham\/shk-vms\",\"name\":\"Ph\u1ea7n m\u1ec1m SHK VMS RATIONAL VUE - C\u00d4NG TY TNHH TH\u01af\u01a0NG M\u1ea0I SHK INT\u2019L\",\"isPartOf\":{\"@id\":\"https:\/\/shkvina.vn\/#website\"},\"datePublished\":\"2023-12-31T10:01:32+00:00\",\"dateModified\":\"2025-01-02T04:17:32+00:00\",\"breadcrumb\":{\"@id\":\"https:\/\/shkvina.vn\/san-pham\/shk-vms#breadcrumb\"},\"inLanguage\":\"en-US\",\"potentialAction\":[{\"@type\":\"ReadAction\",\"target\":[\"https:\/\/shkvina.vn\/san-pham\/shk-vms\"]}]},{\"@type\":\"BreadcrumbList\",\"@id\":\"https:\/\/shkvina.vn\/san-pham\/shk-vms#breadcrumb\",\"itemListElement\":[{\"@type\":\"ListItem\",\"position\":1,\"name\":\"Home\",\"item\":\"https:\/\/shkvina.vn\/\"},{\"@type\":\"ListItem\",\"position\":2,\"name\":\"C\u1eeda h\u00e0ng\",\"item\":\"https:\/\/shkvina.vn\/cua-hang\"},{\"@type\":\"ListItem\",\"position\":3,\"name\":\"Ph\u1ea7n m\u1ec1m SHK VMS RATIONAL VUE\"}]},{\"@type\":\"WebSite\",\"@id\":\"https:\/\/shkvina.vn\/#website\",\"url\":\"https:\/\/shkvina.vn\/\",\"name\":\"C\u00d4NG TY TNHH TH\u01af\u01a0NG M\u1ea0I SHK INT\u2019L\",\"description\":\"\",\"potentialAction\":[{\"@type\":\"SearchAction\",\"target\":{\"@type\":\"EntryPoint\",\"urlTemplate\":\"https:\/\/shkvina.vn\/?s={search_term_string}\"},\"query-input\":\"required name=search_term_string\"}],\"inLanguage\":\"en-US\"}]}<\/script>\n<!-- \/ Yoast SEO Premium plugin. -->","yoast_head_json":{"title":"Ph\u1ea7n m\u1ec1m SHK VMS RATIONAL VUE - C\u00d4NG TY TNHH TH\u01af\u01a0NG M\u1ea0I SHK INT\u2019L","robots":{"index":"noindex","follow":"follow","max-snippet":"max-snippet:-1","max-image-preview":"max-image-preview:large","max-video-preview":"max-video-preview:-1"},"og_locale":"en_US","og_type":"article","og_title":"Ph\u1ea7n m\u1ec1m SHK VMS RATIONAL VUE","og_description":"Ph\u1ea7n m\u1ec1m n\u00e0y l\u00e0 nh\u00e0 ph\u00e1t tri\u1ec3n ph\u1ea7n m\u1ec1m v\u1edbi h\u01a1n m\u01b0\u1eddi n\u0103m kinh nghi\u1ec7m trong ng\u00e0nh \u0111o l\u01b0\u1eddng v\u00e0 ph\u1ea7n m\u1ec1m, Nghi\u00ean c\u1ee9u v\u00e0 ph\u00e1t tri\u1ec3n c\u1ea9n th\u1eadn ph\u1ea7n m\u1ec1m \u0111o l\u01b0\u1eddng 2D, 3D chuy\u00ean nghi\u1ec7p. Nguy\u00ean t\u1eafc thi\u1ebft k\u1ebf ph\u1ea7n m\u1ec1m l\u00e0: V\u1eadn h\u00e0nh \u0111\u01a1n gi\u1ea3n, ch\u1ee9c n\u0103ng m\u1ea1nh m\u1ebd, \u1ed5n \u0111\u1ecbnh v\u00e0 \u0111\u00e1ng tin c\u1eady, b\u1ea3o tr\u00ec thu\u1eadn ti\u1ec7n.","og_url":"https:\/\/shkvina.vn\/en\/product\/shk-vms\/","og_site_name":"C\u00d4NG TY TNHH TH\u01af\u01a0NG M\u1ea0I SHK INT\u2019L","article_modified_time":"2025-01-02T04:17:32+00:00","og_image":[{"width":1000,"height":1000,"url":"https:\/\/shkvina.vn\/wp-content\/uploads\/2024\/01\/software.png","type":"image\/png"}],"twitter_card":"summary_large_image","twitter_misc":{"Est. reading time":"4 minutes"},"schema":{"@context":"https:\/\/schema.org","@graph":[{"@type":"WebPage","@id":"https:\/\/shkvina.vn\/san-pham\/shk-vms","url":"https:\/\/shkvina.vn\/san-pham\/shk-vms","name":"Ph\u1ea7n m\u1ec1m SHK VMS RATIONAL VUE - C\u00d4NG TY TNHH TH\u01af\u01a0NG M\u1ea0I SHK INT\u2019L","isPartOf":{"@id":"https:\/\/shkvina.vn\/#website"},"datePublished":"2023-12-31T10:01:32+00:00","dateModified":"2025-01-02T04:17:32+00:00","breadcrumb":{"@id":"https:\/\/shkvina.vn\/san-pham\/shk-vms#breadcrumb"},"inLanguage":"en-US","potentialAction":[{"@type":"ReadAction","target":["https:\/\/shkvina.vn\/san-pham\/shk-vms"]}]},{"@type":"BreadcrumbList","@id":"https:\/\/shkvina.vn\/san-pham\/shk-vms#breadcrumb","itemListElement":[{"@type":"ListItem","position":1,"name":"Home","item":"https:\/\/shkvina.vn\/"},{"@type":"ListItem","position":2,"name":"C\u1eeda h\u00e0ng","item":"https:\/\/shkvina.vn\/cua-hang"},{"@type":"ListItem","position":3,"name":"Ph\u1ea7n m\u1ec1m SHK VMS RATIONAL VUE"}]},{"@type":"WebSite","@id":"https:\/\/shkvina.vn\/#website","url":"https:\/\/shkvina.vn\/","name":"C\u00d4NG TY TNHH TH\u01af\u01a0NG M\u1ea0I SHK INT\u2019L","description":"","potentialAction":[{"@type":"SearchAction","target":{"@type":"EntryPoint","urlTemplate":"https:\/\/shkvina.vn\/?s={search_term_string}"},"query-input":"required name=search_term_string"}],"inLanguage":"en-US"}]}},"_links":{"self":[{"href":"https:\/\/shkvina.vn\/en\/wp-json\/wp\/v2\/product\/748","targetHints":{"allow":["GET"]}}],"collection":[{"href":"https:\/\/shkvina.vn\/en\/wp-json\/wp\/v2\/product"}],"about":[{"href":"https:\/\/shkvina.vn\/en\/wp-json\/wp\/v2\/types\/product"}],"replies":[{"embeddable":true,"href":"https:\/\/shkvina.vn\/en\/wp-json\/wp\/v2\/comments?post=748"}],"wp:featuredmedia":[{"embeddable":true,"href":"https:\/\/shkvina.vn\/en\/wp-json\/wp\/v2\/media\/739"}],"wp:attachment":[{"href":"https:\/\/shkvina.vn\/en\/wp-json\/wp\/v2\/media?parent=748"}],"wp:term":[{"taxonomy":"product_cat","embeddable":true,"href":"https:\/\/shkvina.vn\/en\/wp-json\/wp\/v2\/product_cat?post=748"},{"taxonomy":"product_tag","embeddable":true,"href":"https:\/\/shkvina.vn\/en\/wp-json\/wp\/v2\/product_tag?post=748"}],"curies":[{"name":"wp","href":"https:\/\/api.w.org\/{rel}","templated":true}]}}