{"id":730,"date":"2023-12-30T08:36:08","date_gmt":"2023-12-30T08:36:08","guid":{"rendered":"https:\/\/shkvina.vn\/?post_type=product&#038;p=730"},"modified":"2024-02-01T02:08:12","modified_gmt":"2024-02-01T02:08:12","slug":"phan-mem-shk-vms-inspec","status":"publish","type":"product","link":"https:\/\/shkvina.vn\/en\/product\/phan-mem-shk-vms-inspec","title":{"rendered":"Ph\u1ea7n m\u1ec1m SHK VMS INSPEC"},"content":{"rendered":"<section class=\"section\" id=\"section_1542477446\">\n\t\t<div class=\"bg section-bg fill bg-fill  bg-loaded\" >\n\n\t\t\t\n\t\t\t\n\t\t\t\n\n\t\t<\/div>\n\n\t\t\n\n\t\t<div class=\"section-content relative\">\n\t\t\t\n<div class=\"row align-center\"  id=\"row-2146079052\">\n\n\t<div id=\"col-1943378615\" class=\"col small-12 large-12\"  >\n\t\t\t\t<div class=\"col-inner\"  >\n\t\t\t\n\t\t\t\n<h1 style=\"text-align: center;\"><span style=\"font-size: 100%;\"><strong>T\u00ednh n\u0103ng c\u1ee7a Inspec<\/strong><\/span><\/h1>\n<h2 style=\"text-align: center;\"><strong>PH\u1ea6N M\u1ec0M TI\u00caU CHU\u1ea8N CHO SHK VMS<\/strong><\/h2>\n<p style=\"text-align: center;\">Ph\u1ea7n m\u1ec1m n\u00e0y l\u00e0 nh\u00e0 ph\u00e1t tri\u1ec3n ph\u1ea7n m\u1ec1m v\u1edbi h\u01a1n m\u01b0\u1eddi n\u0103m kinh nghi\u1ec7m trong ng\u00e0nh \u0111o l\u01b0\u1eddng v\u00e0 ph\u1ea7n m\u1ec1m, Nghi\u00ean c\u1ee9u v\u00e0 ph\u00e1t tri\u1ec3n c\u1ea9n th\u1eadn ph\u1ea7n m\u1ec1m \u0111o l\u01b0\u1eddng 2D, 3D chuy\u00ean nghi\u1ec7p. Nguy\u00ean t\u1eafc thi\u1ebft k\u1ebf ph\u1ea7n m\u1ec1m l\u00e0: V\u1eadn h\u00e0nh \u0111\u01a1n gi\u1ea3n, ch\u1ee9c n\u0103ng m\u1ea1nh m\u1ebd, \u1ed5n \u0111\u1ecbnh v\u00e0 \u0111\u00e1ng tin c\u1eady, b\u1ea3o tr\u00ec thu\u1eadn ti\u1ec7n.<\/p>\n\t\t<\/div>\n\t\t\t\t\t<\/div>\n\n\t\n\n\t<div id=\"col-107483855\" class=\"col medium-4 small-12 large-4\"  >\n\t\t\t\t<div class=\"col-inner\"  >\n\t\t\t\n\t\t\t\n\t<div class=\"img has-hover x md-x lg-x y md-y lg-y\" id=\"image_535159090\">\n\t\t\t\t\t\t\t\t<div class=\"img-inner dark\" >\n\t\t\t<img loading=\"lazy\" decoding=\"async\" width=\"421\" height=\"264\" src=\"https:\/\/shkvina.vn\/wp-content\/uploads\/2024\/01\/Picture1-1.png\" class=\"attachment-original size-original\" alt=\"\" srcset=\"https:\/\/shkvina.vn\/wp-content\/uploads\/2024\/01\/Picture1-1.png 421w, https:\/\/shkvina.vn\/wp-content\/uploads\/2024\/01\/Picture1-1-18x12.png 18w\" sizes=\"auto, (max-width: 421px) 100vw, 421px\" \/>\t\t\t\t\t\t\n\t\t\t\t\t<\/div>\n\t\t\t\t\t\t\t\t\n<style>\n#image_535159090 {\n  width: 100%;\n}\n<\/style>\n\t<\/div>\n\t\n\t\t<\/div>\n\t\t\t\t\t<\/div>\n\n\t\n\n\t<div id=\"col-1782283434\" class=\"col medium-4 small-12 large-4\"  >\n\t\t\t\t<div class=\"col-inner\"  >\n\t\t\t\n\t\t\t\n\t<div class=\"img has-hover x md-x lg-x y md-y lg-y\" id=\"image_1122524454\">\n\t\t\t\t\t\t\t\t<div class=\"img-inner dark\" >\n\t\t\t<img loading=\"lazy\" decoding=\"async\" width=\"431\" height=\"264\" src=\"https:\/\/shkvina.vn\/wp-content\/uploads\/2024\/01\/Picture2-1.png\" class=\"attachment-original size-original\" alt=\"\" srcset=\"https:\/\/shkvina.vn\/wp-content\/uploads\/2024\/01\/Picture2-1.png 431w, https:\/\/shkvina.vn\/wp-content\/uploads\/2024\/01\/Picture2-1-18x12.png 18w\" sizes=\"auto, (max-width: 431px) 100vw, 431px\" \/>\t\t\t\t\t\t\n\t\t\t\t\t<\/div>\n\t\t\t\t\t\t\t\t\n<style>\n#image_1122524454 {\n  width: 100%;\n}\n<\/style>\n\t<\/div>\n\t\n\t\t<\/div>\n\t\t\t\t\t<\/div>\n\n\t\n<\/div>\n<div class=\"row\"  id=\"row-1573427997\">\n\n\t<div id=\"col-245039304\" class=\"col medium-7 small-12 large-7\"  >\n\t\t\t\t<div class=\"col-inner\"  >\n\t\t\t\n\t\t\t\n<h3><strong>C\u00e1c t\u00ednh n\u0103ng ch\u00ednh<\/strong><\/h3>\n<p>\u0110o ph\u1ea7n t\u1eed: N\u00f3 c\u00f3 th\u1ec3 \u0111o 12 ph\u1ea7n t\u1eed (\u0111i\u1ec3m, \u0111\u01b0\u1eddng th\u1eb3ng, \u0111\u01b0\u1eddng tr\u00f2n, cung, elip, h\u00ecnh ch\u1eef nh\u1eadt, r\u00e3nh, v\u00f2ng, kho\u1ea3ng c\u00e1ch, g\u00f3c, \u0111\u01b0\u1eddng m\u00e2y m\u1edf, \u0111\u01b0\u1eddng m\u00e2y k\u00edn).<\/p>\n<ul>\n<li>Ch\u1ee9c n\u0103ng \u0111o v\u0129 m\u00f4.<\/li>\n<li>\u0110o ch\u1ee5p t\u1ef1 \u0111\u1ed9ng.<\/li>\n<li>C\u1ea5u tr\u00fac ph\u1ea7n t\u1eed, K\u1ebft qu\u1ea3 hi\u1ec3n th\u1ecb phong ph\u00fa.<\/li>\n<li>Hi\u1ec3n th\u1ecb \u0111\u1ed9 ph\u00f3ng \u0111\u1ea1i quang h\u1ecdc v\u00e0 \u0111\u1ed9 ph\u00f3ng \u0111\u1ea1i m\u00e0n h\u00ecnh.<\/li>\n<li>H\u1ec7 t\u1ecda \u0111\u1ed9, ch\u01b0\u01a1ng tr\u00ecnh ng\u01b0\u1eddi dung.<\/li>\n<li>Ch\u1ee9c n\u0103ng t\u1ef1 \u0111\u1ed9ng l\u1ea5y n\u00e9t, l\u00e0m m\u1edd ph\u1ee5 tr\u1ee3.<\/li>\n<li>Ngu\u1ed3n s\u00e1ng \u0111i\u1ec1u khi\u1ec3n theo ch\u01b0\u01a1ng tr\u00ecnh.<\/li>\n<li>Nhi\u1ec1u ch\u1ebf \u0111\u1ed9 \u0111i\u1ec1u khi\u1ec3n chuy\u1ec3n \u0111\u1ed9ng.<\/li>\n<li>Ch\u1ee9c n\u0103ng \u0111\u1ed3 h\u1ecda, Ch\u1ee9c n\u0103ng t\u1ef1 \u0111\u1ed9ng h\u00f3a.<\/li>\n<li>S\u1eeda l\u1ed7i h\u1ec7 th\u1ed1ng.<\/li>\n<li>S\u1ee9c ch\u1ecbu \u0111\u1ef1ng. L\u1eadp tr\u00ecnh nh\u1eadp DXF, TXT, Gerber-File.<\/li>\n<li>Qu\u00e9t v\u00e0 qu\u00e9t \u0111\u01b0\u1eddng vi\u1ec1n.<\/li>\n<li>Ch\u1ee9c n\u0103ng MAP l\u1edbn, \u0111o m\u1ea3ng.<\/li>\n<li>Chuy\u1ec3n \u0111\u1ed5i ng\u00f4n ng\u1eef.<\/li>\n<li>Ch\u1ee9c n\u0103ng b\u00e1o c\u00e1o: sang Excel, Word, AutoCAD v\u00e0 TXT.<\/li>\n<li>Ch\u1ee9c n\u0103ng SPC tr\u1ef1c tuy\u1ebfn.<\/li>\n<li>H\u1ed7 tr\u1ee3 \u0111o \u0111\u1ea7u d\u00f2 3D Touch.<\/li>\n<li>H\u1ed7 tr\u1ee3 \u0111o Laser 3D.<\/li>\n<li>H\u1ec7 th\u1ed1ng tr\u1ee3 gi\u00fap.<\/li>\n<\/ul>\n\t\t<\/div>\n\t\t\t\t\t<\/div>\n\n\t\n\n\t<div id=\"col-1943250553\" class=\"col medium-5 small-12 large-5\"  >\n\t\t\t\t<div class=\"col-inner\"  >\n\t\t\t\n\t\t\t\n\t<div id=\"gap-1950451708\" class=\"gap-element clearfix\" style=\"display:block; height:auto;\">\n\t\t\n<style>\n#gap-1950451708 {\n  padding-top: 20px;\n}\n<\/style>\n\t<\/div>\n\t\n\t<div class=\"img has-hover x md-x lg-x y md-y lg-y\" id=\"image_2124191545\">\n\t\t\t\t\t\t\t\t<div class=\"img-inner dark\" >\n\t\t\t<img loading=\"lazy\" decoding=\"async\" width=\"739\" height=\"823\" src=\"https:\/\/shkvina.vn\/wp-content\/uploads\/2024\/01\/z5120140577126_aaf8b1602c2897dd94d774a47a4284cb.jpg\" class=\"attachment-original size-original\" alt=\"\" srcset=\"https:\/\/shkvina.vn\/wp-content\/uploads\/2024\/01\/z5120140577126_aaf8b1602c2897dd94d774a47a4284cb.jpg 739w, https:\/\/shkvina.vn\/wp-content\/uploads\/2024\/01\/z5120140577126_aaf8b1602c2897dd94d774a47a4284cb-11x12.jpg 11w\" sizes=\"auto, (max-width: 739px) 100vw, 739px\" \/>\t\t\t\t\t\t\n\t\t\t\t\t<\/div>\n\t\t\t\t\t\t\t\t\n<style>\n#image_2124191545 {\n  width: 90%;\n}\n<\/style>\n\t<\/div>\n\t\n\t<div class=\"img has-hover x md-x lg-x y md-y lg-y\" id=\"image_1283407277\">\n\t\t\t\t\t\t\t\t<div class=\"img-inner dark\" >\n\t\t\t<img loading=\"lazy\" decoding=\"async\" width=\"769\" height=\"707\" src=\"https:\/\/shkvina.vn\/wp-content\/uploads\/2024\/01\/z5120141598487_f0490b130695d854d75af909e6782ac3.jpg\" class=\"attachment-original size-original\" alt=\"\" srcset=\"https:\/\/shkvina.vn\/wp-content\/uploads\/2024\/01\/z5120141598487_f0490b130695d854d75af909e6782ac3.jpg 769w, https:\/\/shkvina.vn\/wp-content\/uploads\/2024\/01\/z5120141598487_f0490b130695d854d75af909e6782ac3-13x12.jpg 13w\" sizes=\"auto, (max-width: 769px) 100vw, 769px\" \/>\t\t\t\t\t\t\n\t\t\t\t\t<\/div>\n\t\t\t\t\t\t\t\t\n<style>\n#image_1283407277 {\n  width: 90%;\n}\n<\/style>\n\t<\/div>\n\t\n\t\t<\/div>\n\t\t\t\t\t<\/div>\n\n\t\n<\/div>\n\t\t<\/div>\n\n\t\t\n<style>\n#section_1542477446 {\n  padding-top: 30px;\n  padding-bottom: 30px;\n}\n#section_1542477446 .ux-shape-divider--top svg {\n  height: 150px;\n  --divider-top-width: 100%;\n}\n#section_1542477446 .ux-shape-divider--bottom svg {\n  height: 150px;\n  --divider-width: 100%;\n}\n<\/style>\n\t<\/section>","protected":false},"excerpt":{"rendered":"<div id=\"col-315180566\" class=\"col small-12 large-12\">\n<div class=\"col-inner\">\n<p>Ph\u1ea7n m\u1ec1m n\u00e0y l\u00e0 nh\u00e0 ph\u00e1t tri\u1ec3n ph\u1ea7n m\u1ec1m v\u1edbi h\u01a1n m\u01b0\u1eddi n\u0103m kinh nghi\u1ec7m trong ng\u00e0nh \u0111o l\u01b0\u1eddng v\u00e0 ph\u1ea7n m\u1ec1m, Nghi\u00ean c\u1ee9u v\u00e0 ph\u00e1t tri\u1ec3n c\u1ea9n th\u1eadn ph\u1ea7n m\u1ec1m \u0111o l\u01b0\u1eddng 2D, 3D chuy\u00ean nghi\u1ec7p. Nguy\u00ean t\u1eafc thi\u1ebft k\u1ebf ph\u1ea7n m\u1ec1m l\u00e0: V\u1eadn h\u00e0nh \u0111\u01a1n gi\u1ea3n, ch\u1ee9c n\u0103ng m\u1ea1nh m\u1ebd, \u1ed5n \u0111\u1ecbnh v\u00e0 \u0111\u00e1ng tin c\u1eady, b\u1ea3o tr\u00ec thu\u1eadn ti\u1ec7n.<\/p>\n<\/div>\n<\/div>","protected":false},"featured_media":750,"comment_status":"open","ping_status":"closed","template":"","meta":[],"product_cat":[22],"product_tag":[],"class_list":["post-730","product","type-product","status-publish","has-post-thumbnail","hentry","product_cat-may-do-quang-hoc"],"yoast_head":"<!-- This site is optimized with the Yoast SEO Premium plugin v19.0.1 (Yoast SEO v20.8) - https:\/\/yoast.com\/wordpress\/plugins\/seo\/ -->\n<title>Ph\u1ea7n m\u1ec1m SHK VMS INSPEC - C\u00d4NG TY TNHH TH\u01af\u01a0NG M\u1ea0I SHK INT\u2019L<\/title>\n<meta name=\"robots\" content=\"noindex, follow, max-snippet:-1, max-image-preview:large, max-video-preview:-1\" \/>\n<meta property=\"og:locale\" content=\"en_US\" \/>\n<meta property=\"og:type\" content=\"article\" \/>\n<meta property=\"og:title\" content=\"Ph\u1ea7n m\u1ec1m SHK VMS INSPEC\" \/>\n<meta property=\"og:description\" content=\"Ph\u1ea7n m\u1ec1m n\u00e0y l\u00e0 nh\u00e0 ph\u00e1t tri\u1ec3n ph\u1ea7n m\u1ec1m v\u1edbi h\u01a1n m\u01b0\u1eddi n\u0103m kinh nghi\u1ec7m trong ng\u00e0nh \u0111o l\u01b0\u1eddng v\u00e0 ph\u1ea7n m\u1ec1m, Nghi\u00ean c\u1ee9u v\u00e0 ph\u00e1t tri\u1ec3n c\u1ea9n th\u1eadn ph\u1ea7n m\u1ec1m \u0111o l\u01b0\u1eddng 2D, 3D chuy\u00ean nghi\u1ec7p. Nguy\u00ean t\u1eafc thi\u1ebft k\u1ebf ph\u1ea7n m\u1ec1m l\u00e0: V\u1eadn h\u00e0nh \u0111\u01a1n gi\u1ea3n, ch\u1ee9c n\u0103ng m\u1ea1nh m\u1ebd, \u1ed5n \u0111\u1ecbnh v\u00e0 \u0111\u00e1ng tin c\u1eady, b\u1ea3o tr\u00ec thu\u1eadn ti\u1ec7n.\" \/>\n<meta property=\"og:url\" content=\"https:\/\/shkvina.vn\/en\/product\/phan-mem-shk-vms-inspec\/\" \/>\n<meta property=\"og:site_name\" content=\"C\u00d4NG TY TNHH TH\u01af\u01a0NG M\u1ea0I SHK INT\u2019L\" \/>\n<meta property=\"article:modified_time\" content=\"2024-02-01T02:08:12+00:00\" \/>\n<meta property=\"og:image\" content=\"https:\/\/shkvina.vn\/wp-content\/uploads\/2023\/12\/555.jpg\" \/>\n\t<meta property=\"og:image:width\" content=\"1639\" \/>\n\t<meta property=\"og:image:height\" content=\"1122\" \/>\n\t<meta property=\"og:image:type\" content=\"image\/jpeg\" \/>\n<meta name=\"twitter:card\" content=\"summary_large_image\" \/>\n<meta name=\"twitter:label1\" content=\"Est. reading time\" \/>\n\t<meta name=\"twitter:data1\" content=\"4 minutes\" \/>\n<script type=\"application\/ld+json\" class=\"yoast-schema-graph\">{\"@context\":\"https:\/\/schema.org\",\"@graph\":[{\"@type\":\"WebPage\",\"@id\":\"https:\/\/shkvina.vn\/san-pham\/phan-mem-shk-vms-inspec\",\"url\":\"https:\/\/shkvina.vn\/san-pham\/phan-mem-shk-vms-inspec\",\"name\":\"Ph\u1ea7n m\u1ec1m SHK VMS INSPEC - C\u00d4NG TY TNHH TH\u01af\u01a0NG M\u1ea0I SHK INT\u2019L\",\"isPartOf\":{\"@id\":\"https:\/\/shkvina.vn\/#website\"},\"datePublished\":\"2023-12-30T08:36:08+00:00\",\"dateModified\":\"2024-02-01T02:08:12+00:00\",\"breadcrumb\":{\"@id\":\"https:\/\/shkvina.vn\/san-pham\/phan-mem-shk-vms-inspec#breadcrumb\"},\"inLanguage\":\"en-US\",\"potentialAction\":[{\"@type\":\"ReadAction\",\"target\":[\"https:\/\/shkvina.vn\/san-pham\/phan-mem-shk-vms-inspec\"]}]},{\"@type\":\"BreadcrumbList\",\"@id\":\"https:\/\/shkvina.vn\/san-pham\/phan-mem-shk-vms-inspec#breadcrumb\",\"itemListElement\":[{\"@type\":\"ListItem\",\"position\":1,\"name\":\"Home\",\"item\":\"https:\/\/shkvina.vn\/\"},{\"@type\":\"ListItem\",\"position\":2,\"name\":\"C\u1eeda h\u00e0ng\",\"item\":\"https:\/\/shkvina.vn\/cua-hang\"},{\"@type\":\"ListItem\",\"position\":3,\"name\":\"Ph\u1ea7n m\u1ec1m SHK VMS INSPEC\"}]},{\"@type\":\"WebSite\",\"@id\":\"https:\/\/shkvina.vn\/#website\",\"url\":\"https:\/\/shkvina.vn\/\",\"name\":\"C\u00d4NG TY TNHH TH\u01af\u01a0NG M\u1ea0I SHK INT\u2019L\",\"description\":\"\",\"potentialAction\":[{\"@type\":\"SearchAction\",\"target\":{\"@type\":\"EntryPoint\",\"urlTemplate\":\"https:\/\/shkvina.vn\/?s={search_term_string}\"},\"query-input\":\"required name=search_term_string\"}],\"inLanguage\":\"en-US\"}]}<\/script>\n<!-- \/ Yoast SEO Premium plugin. -->","yoast_head_json":{"title":"Ph\u1ea7n m\u1ec1m SHK VMS INSPEC - C\u00d4NG TY TNHH TH\u01af\u01a0NG M\u1ea0I SHK INT\u2019L","robots":{"index":"noindex","follow":"follow","max-snippet":"max-snippet:-1","max-image-preview":"max-image-preview:large","max-video-preview":"max-video-preview:-1"},"og_locale":"en_US","og_type":"article","og_title":"Ph\u1ea7n m\u1ec1m SHK VMS INSPEC","og_description":"Ph\u1ea7n m\u1ec1m n\u00e0y l\u00e0 nh\u00e0 ph\u00e1t tri\u1ec3n ph\u1ea7n m\u1ec1m v\u1edbi h\u01a1n m\u01b0\u1eddi n\u0103m kinh nghi\u1ec7m trong ng\u00e0nh \u0111o l\u01b0\u1eddng v\u00e0 ph\u1ea7n m\u1ec1m, Nghi\u00ean c\u1ee9u v\u00e0 ph\u00e1t tri\u1ec3n c\u1ea9n th\u1eadn ph\u1ea7n m\u1ec1m \u0111o l\u01b0\u1eddng 2D, 3D chuy\u00ean nghi\u1ec7p. Nguy\u00ean t\u1eafc thi\u1ebft k\u1ebf ph\u1ea7n m\u1ec1m l\u00e0: V\u1eadn h\u00e0nh \u0111\u01a1n gi\u1ea3n, ch\u1ee9c n\u0103ng m\u1ea1nh m\u1ebd, \u1ed5n \u0111\u1ecbnh v\u00e0 \u0111\u00e1ng tin c\u1eady, b\u1ea3o tr\u00ec thu\u1eadn ti\u1ec7n.","og_url":"https:\/\/shkvina.vn\/en\/product\/phan-mem-shk-vms-inspec\/","og_site_name":"C\u00d4NG TY TNHH TH\u01af\u01a0NG M\u1ea0I SHK INT\u2019L","article_modified_time":"2024-02-01T02:08:12+00:00","og_image":[{"width":1639,"height":1122,"url":"https:\/\/shkvina.vn\/wp-content\/uploads\/2023\/12\/555.jpg","type":"image\/jpeg"}],"twitter_card":"summary_large_image","twitter_misc":{"Est. reading time":"4 minutes"},"schema":{"@context":"https:\/\/schema.org","@graph":[{"@type":"WebPage","@id":"https:\/\/shkvina.vn\/san-pham\/phan-mem-shk-vms-inspec","url":"https:\/\/shkvina.vn\/san-pham\/phan-mem-shk-vms-inspec","name":"Ph\u1ea7n m\u1ec1m SHK VMS INSPEC - C\u00d4NG TY TNHH TH\u01af\u01a0NG M\u1ea0I SHK INT\u2019L","isPartOf":{"@id":"https:\/\/shkvina.vn\/#website"},"datePublished":"2023-12-30T08:36:08+00:00","dateModified":"2024-02-01T02:08:12+00:00","breadcrumb":{"@id":"https:\/\/shkvina.vn\/san-pham\/phan-mem-shk-vms-inspec#breadcrumb"},"inLanguage":"en-US","potentialAction":[{"@type":"ReadAction","target":["https:\/\/shkvina.vn\/san-pham\/phan-mem-shk-vms-inspec"]}]},{"@type":"BreadcrumbList","@id":"https:\/\/shkvina.vn\/san-pham\/phan-mem-shk-vms-inspec#breadcrumb","itemListElement":[{"@type":"ListItem","position":1,"name":"Home","item":"https:\/\/shkvina.vn\/"},{"@type":"ListItem","position":2,"name":"C\u1eeda h\u00e0ng","item":"https:\/\/shkvina.vn\/cua-hang"},{"@type":"ListItem","position":3,"name":"Ph\u1ea7n m\u1ec1m SHK VMS INSPEC"}]},{"@type":"WebSite","@id":"https:\/\/shkvina.vn\/#website","url":"https:\/\/shkvina.vn\/","name":"C\u00d4NG TY TNHH TH\u01af\u01a0NG M\u1ea0I SHK INT\u2019L","description":"","potentialAction":[{"@type":"SearchAction","target":{"@type":"EntryPoint","urlTemplate":"https:\/\/shkvina.vn\/?s={search_term_string}"},"query-input":"required name=search_term_string"}],"inLanguage":"en-US"}]}},"_links":{"self":[{"href":"https:\/\/shkvina.vn\/en\/wp-json\/wp\/v2\/product\/730","targetHints":{"allow":["GET"]}}],"collection":[{"href":"https:\/\/shkvina.vn\/en\/wp-json\/wp\/v2\/product"}],"about":[{"href":"https:\/\/shkvina.vn\/en\/wp-json\/wp\/v2\/types\/product"}],"replies":[{"embeddable":true,"href":"https:\/\/shkvina.vn\/en\/wp-json\/wp\/v2\/comments?post=730"}],"wp:featuredmedia":[{"embeddable":true,"href":"https:\/\/shkvina.vn\/en\/wp-json\/wp\/v2\/media\/750"}],"wp:attachment":[{"href":"https:\/\/shkvina.vn\/en\/wp-json\/wp\/v2\/media?parent=730"}],"wp:term":[{"taxonomy":"product_cat","embeddable":true,"href":"https:\/\/shkvina.vn\/en\/wp-json\/wp\/v2\/product_cat?post=730"},{"taxonomy":"product_tag","embeddable":true,"href":"https:\/\/shkvina.vn\/en\/wp-json\/wp\/v2\/product_tag?post=730"}],"curies":[{"name":"wp","href":"https:\/\/api.w.org\/{rel}","templated":true}]}}