{"id":468,"date":"2024-01-15T04:50:17","date_gmt":"2024-01-15T04:50:17","guid":{"rendered":"https:\/\/1.duyanhweb.info\/?post_type=product&#038;p=468"},"modified":"2025-01-02T05:56:14","modified_gmt":"2025-01-02T05:56:14","slug":"may-do-2d-3d-shk-gz-se-ri-vms","status":"publish","type":"product","link":"https:\/\/shkvina.vn\/en\/product\/may-do-2d-3d-shk-gz-se-ri-vms","title":{"rendered":"M\u00e1y \u0111o 2D\/3D  SHK &#8211; GZ S\u00ea-ri VMS"},"content":{"rendered":"<div class=\"row\"  id=\"row-84296753\">\n\n\t<div id=\"col-565892064\" class=\"col small-12 large-12\"  >\n\t\t\t\t<div class=\"col-inner\"  >\n\t\t\t\n\t\t\t\n<h3><img loading=\"lazy\" decoding=\"async\" class=\"alignnone size-full wp-image-500\" src=\"\/wp-content\/uploads\/2024\/01\/Video-Measurement-System-SHK-VMS-Series-MANUAL-2.png\" alt=\"\" width=\"1035\" height=\"497\" srcset=\"https:\/\/shkvina.vn\/wp-content\/uploads\/2024\/01\/Video-Measurement-System-SHK-VMS-Series-MANUAL-2.png 1035w, https:\/\/shkvina.vn\/wp-content\/uploads\/2024\/01\/Video-Measurement-System-SHK-VMS-Series-MANUAL-2-800x384.png 800w, https:\/\/shkvina.vn\/wp-content\/uploads\/2024\/01\/Video-Measurement-System-SHK-VMS-Series-MANUAL-2-768x369.png 768w, https:\/\/shkvina.vn\/wp-content\/uploads\/2024\/01\/Video-Measurement-System-SHK-VMS-Series-MANUAL-2-18x9.png 18w\" sizes=\"auto, (max-width: 1035px) 100vw, 1035px\" \/><\/h3>\n<h3>C\u00e1c t\u00ednh n\u0103ng ch\u00ednh<\/h3>\n<ul>\n<li>Zoom quang h\u1ecdc v\u00e0 k\u1ef9 thu\u1eadt s\u1ed1 c\u00f3 th\u1ec3 l\u1eadp tr\u00ecnh.<\/li>\n<li>M\u00e1y \u1ea3nh k\u1ef9 thu\u1eadt s\u1ed1 \u0111\u1ed9 ph\u00e2n gi\u1ea3i cao.<\/li>\n<li>C\u1ea5u tr\u00fac \u0111\u00e1 granite c\u1ea5p 00 c\u00f3 \u0111\u1ed9 \u1ed5n \u0111\u1ecbnh cao<\/li>\n<li>B\u1ed9 m\u00e3 h\u00f3a tuy\u1ebfn t\u00ednh \u0111\u1ed9 ph\u00e2n gi\u1ea3i cao<\/li>\n<li>H\u01b0\u1edbng d\u1eabn tuy\u1ebfn t\u00ednh ch\u00ednh x\u00e1c<\/li>\n<li>Ngu\u1ed3n s\u00e1ng LED ti\u00ean ti\u1ebfn<\/li>\n<li>T\u1ef1 \u0111\u1ed9ng ph\u00e1t hi\u1ec7n c\u1ea1nh<\/li>\n<li>Ph\u1ea7n m\u1ec1m d\u1ec5 s\u1eed d\u1ee5ng<\/li>\n<li>\u0110\u1ed9 ch\u00ednh x\u00e1c : E2xy = (2.5 ~ 3.0 +L\/200) \u03bcm<\/li>\n<li>\u0110\u1ed9 ph\u00e2n gi\u1ea3i : 0.5\u03bcm<\/li>\n<li>\u1ed0ng k\u00ednh zoom th\u1ee7 c\u00f4ng 6.5:1<\/li>\n<li>Ph\u00f3ng \u0111\u1ea1i : 22X- 140X<\/li>\n<li>\u00c1nh s\u00e1ng song song ph\u00eda d\u01b0\u1edbi LED<\/li>\n<li>\u00c1nh s\u00e1ng b\u1ec1 m\u1eb7t v\u00f2ng LED c\u00f3 th\u1ec3 l\u1eadp v\u1edbi con tr\u1ecf Laser<\/li>\n<\/ul>\n\t\t<\/div>\n\t\t\t\t\t<\/div>\n\n\t\n\n\t<div id=\"col-1936736504\" class=\"col medium-4 small-12 large-4\"  >\n\t\t\t\t<div class=\"col-inner\"  >\n\t\t\t\n\t\t\t\n<h3>H\u1ed7 tr\u1ee3 t\u1eeb ch\u00fang t\u00f4i (T\u00f9y ch\u1ecdn)<\/h3>\n<ul>\n<li>\u00c1nh s\u00e1ng \u0111\u1ed3ng tr\u1ee5c<\/li>\n<li>\u0110\u1ea7u d\u00f2 c\u1ea3m \u1ee9ng, H\u1ec7 th\u1ed1ng Laser<\/li>\n<li>Chi\u1ec1u cao \u0111o ( Z) 250~400mm<\/li>\n<\/ul>\n\t\t<\/div>\n\t\t\t\t\t<\/div>\n\n\t\n\n\t<div id=\"col-1455429051\" class=\"col medium-4 small-12 large-4\"  >\n\t\t\t\t<div class=\"col-inner\"  >\n\t\t\t\n\t\t\t\n\t<div class=\"img has-hover x md-x lg-x y md-y lg-y\" id=\"image_2051537471\">\n\t\t\t\t\t\t\t\t<div class=\"img-inner dark\" >\n\t\t\t<img loading=\"lazy\" decoding=\"async\" width=\"432\" height=\"465\" src=\"https:\/\/shkvina.vn\/wp-content\/uploads\/2024\/01\/Video-Measurement-System-SHK-VMS-Series-4.png\" class=\"attachment-original size-original\" alt=\"\" srcset=\"https:\/\/shkvina.vn\/wp-content\/uploads\/2024\/01\/Video-Measurement-System-SHK-VMS-Series-4.png 432w, https:\/\/shkvina.vn\/wp-content\/uploads\/2024\/01\/Video-Measurement-System-SHK-VMS-Series-4-11x12.png 11w\" sizes=\"auto, (max-width: 432px) 100vw, 432px\" \/>\t\t\t\t\t\t\n\t\t\t\t\t<\/div>\n\t\t\t\t\t\t\t\t\n<style>\n#image_2051537471 {\n  width: 100%;\n}\n<\/style>\n\t<\/div>\n\t\n\t\t<\/div>\n\t\t\t\t\t<\/div>\n\n\t\n\n\t<div id=\"col-2047451591\" class=\"col small-12 large-12\"  >\n\t\t\t\t<div class=\"col-inner\"  >\n\t\t\t\n\t\t\t\n<h3>Th\u00f4ng s\u1ed1 k\u1ef9 thu\u1eadt<\/h3>\n<table style=\"width: 87.9224%;\" width=\"898\">\n<tbody>\n<tr>\n<td style=\"width: 26.0244%;\" colspan=\"2\" width=\"266\">M\u1eabu<\/td>\n<td style=\"width: 11.8494%; text-align: center;\" width=\"104\">VMS-2010<\/td>\n<td style=\"width: 11.9601%; text-align: center;\" width=\"106\">VMS-2515<\/td>\n<td style=\"width: 11.9601%; text-align: center;\" width=\"105\">VMS-3020<\/td>\n<td style=\"width: 11.4064%; text-align: center;\" width=\"99\">VMS-4030<\/td>\n<td style=\"width: 12.5484%; text-align: center;\" colspan=\"2\" width=\"109\">VMS-5040<\/td>\n<td style=\"width: 27.7962%; text-align: center;\" colspan=\"2\" width=\"109\">VMS-6040<\/td>\n<\/tr>\n<tr>\n<td style=\"width: 26.0244%;\" colspan=\"2\" width=\"266\">D\u1ea3i \u0111o (mm)<\/td>\n<td style=\"width: 11.8494%; text-align: center;\">200X100<\/td>\n<td style=\"width: 11.9601%; text-align: center;\">250X150<\/td>\n<td style=\"width: 11.9601%; text-align: center;\">300X200<\/td>\n<td style=\"width: 11.4064%; text-align: center;\">400X300<\/td>\n<td style=\"width: 12.5484%; text-align: center;\" colspan=\"2\">500X400<\/td>\n<td style=\"width: 27.7962%; text-align: center;\" colspan=\"2\">600X400<\/td>\n<\/tr>\n<tr>\n<td style=\"width: 26.0244%;\" colspan=\"2\" width=\"266\">K\u00edch th\u01b0\u1edbc (mm)(L x W x H)<\/td>\n<td style=\"width: 11.8494%; text-align: center;\">750X500X1000<\/td>\n<td style=\"width: 11.9601%; text-align: center;\">800X550X1100<\/td>\n<td style=\"width: 11.9601%; text-align: center;\">800X600X1100<\/td>\n<td style=\"width: 11.4064%; text-align: center;\">920X720X1150<\/td>\n<td style=\"width: 12.5484%; text-align: center;\" colspan=\"2\">1020X820X1200<\/td>\n<td style=\"width: 27.7962%; text-align: center;\" colspan=\"2\">1350X820X1200<\/td>\n<\/tr>\n<tr>\n<td style=\"width: 26.0244%;\" colspan=\"2\" width=\"266\">Tr\u1ecdng l\u01b0\u1ee3ng(kg)<\/td>\n<td style=\"width: 11.8494%; text-align: center;\">180<\/td>\n<td style=\"width: 11.9601%; text-align: center;\">220<\/td>\n<td style=\"width: 11.9601%; text-align: center;\">240<\/td>\n<td style=\"width: 11.4064%; text-align: center;\">260<\/td>\n<td style=\"width: 12.5484%; text-align: center;\" colspan=\"2\">340<\/td>\n<td style=\"width: 27.7962%; text-align: center;\" colspan=\"2\">390<\/td>\n<\/tr>\n<tr>\n<td style=\"width: 26.0244%;\" colspan=\"2\" width=\"266\">T\u1ea3i tr\u1ecdng cho ph\u00e9p(kg)<\/td>\n<td style=\"width: 11.8494%; text-align: center;\">15<\/td>\n<td style=\"width: 11.9601%; text-align: center;\">20<\/td>\n<td style=\"width: 11.9601%; text-align: center;\">25<\/td>\n<td style=\"width: 11.4064%; text-align: center;\">30<\/td>\n<td style=\"width: 12.5484%; text-align: center;\" colspan=\"2\">35<\/td>\n<td style=\"width: 27.7962%; text-align: center;\" colspan=\"2\" width=\"109\">35<\/td>\n<\/tr>\n<tr>\n<td style=\"width: 26.0244%;\" colspan=\"2\" width=\"266\">\u0110\u1ed9 ch\u00ednh x\u00e1c tr\u1ee5c X\/Y (\u00b5m)<\/td>\n<td style=\"width: 47.1761%; text-align: center;\" colspan=\"4\" width=\"414\">E2(X\/Y) = (2.5+L\/200)( L= Kho\u1ea3ng \u0111o)<\/td>\n<td style=\"width: 40.3447%; text-align: center;\" colspan=\"4\">E2(X\/Y) = (3.0+L\/200)( L= Kho\u1ea3ng \u0111o)<\/td>\n<\/tr>\n<tr>\n<td style=\"width: 26.0244%;\" colspan=\"2\" width=\"266\">\u0110\u1ed9 ch\u00ednh x\u00e1c tr\u1ee5c Z (\u00b5m)<\/td>\n<td style=\"width: 87.5208%; text-align: center;\" colspan=\"8\" width=\"632\">E1(z) = (3.0+L\/100)( L= Kho\u1ea3ng \u0111o)<\/td>\n<\/tr>\n<tr>\n<td style=\"width: 26.0244%;\" colspan=\"2\" width=\"266\">T\u1ed1c \u0111\u1ed9 ( mm\/s)<\/td>\n<td style=\"width: 87.5208%; text-align: center;\" colspan=\"8\" width=\"632\">NA<\/td>\n<\/tr>\n<tr>\n<td style=\"width: 26.0244%;\" colspan=\"2\" width=\"266\">V\u1eadt li\u1ec7u<\/td>\n<td style=\"width: 87.5208%; text-align: center;\" colspan=\"8\" width=\"632\">3 tr\u1ee5c \u0111\u00e1 Granite c\u1ea5p 00<\/td>\n<\/tr>\n<tr>\n<td style=\"width: 26.0244%;\" colspan=\"2\" width=\"266\">Th\u01b0\u1edbc k\u1ebb l\u01b0\u1edbi<\/td>\n<td style=\"width: 87.5208%; text-align: center;\" colspan=\"8\" width=\"632\">LAMOTION 0.5um R\u00e0 g\u00e1 v\u1eadt m\u1eabu c\u00f3 \u0111\u1ed9 ch\u00ednh x\u00e1c cao<\/td>\n<\/tr>\n<tr>\n<td style=\"width: 26.0244%;\" colspan=\"2\" width=\"266\">H\u01b0\u1edbng d\u1eabn<\/td>\n<td style=\"width: 87.5208%; text-align: center;\" colspan=\"8\" width=\"632\">H\u01b0\u1edbng d\u1eabn tuy\u1ebfn t\u00ednh ch\u00ednh x\u00e1c cao SHAC c\u1ee7a \u0110\u00e0i Loan<\/td>\n<\/tr>\n<tr>\n<td style=\"width: 26.0244%;\" colspan=\"2\" width=\"266\">Ph\u01b0\u01a1ng ph\u00e1p d\u1eabn \u0111\u1ed9ng<\/td>\n<td style=\"width: 87.5208%; text-align: center;\" colspan=\"8\" width=\"632\">H\u1ec7 th\u1ed1ng \u0111i\u1ec1u khi\u1ec3n th\u1ee7 c\u00f4ng<\/td>\n<\/tr>\n<tr>\n<td style=\"width: 26.0244%;\" colspan=\"2\" width=\"266\">C\u1ea3m bi\u1ebfn \u1ea3nh<\/td>\n<td style=\"width: 87.5208%; text-align: center;\" colspan=\"8\" width=\"632\">HIKROBOT 1\/2&#8243; 1.3 MP CMOS Camera qu\u00e9t khu v\u1ef1c ( Pixel size 4.8\u00b5mx4.8\u00b5m)<\/td>\n<\/tr>\n<tr>\n<td style=\"width: 16.6113%;\" rowspan=\"3\" width=\"174\">H\u1ec7 th\u1ed1ng chi\u1ebfu s\u00e1ng<\/td>\n<td style=\"width: 9.41307%;\" width=\"92\">Trong su\u1ed1t<\/td>\n<td style=\"width: 87.5208%; text-align: center;\" colspan=\"8\" width=\"632\">\u00c1nh s\u00e1ng song song ph\u00eda d\u01b0\u1edbi LED<\/td>\n<\/tr>\n<tr>\n<td style=\"width: 9.41307%;\" width=\"92\">\u0110\u00e8n v\u00f2ng<\/td>\n<td style=\"width: 87.5208%; text-align: center;\" colspan=\"8\" width=\"632\">\u00c1nh s\u00e1ng b\u1ec1 m\u1eb7t LED 3 v\u00f2ng c\u00f3 th\u1ec3 l\u1eadp v\u1edbi con tr\u1ecf laser<\/td>\n<\/tr>\n<tr>\n<td style=\"width: 9.41307%;\" width=\"92\">\u0110\u1ed3ng tr\u1ee5c<\/td>\n<td style=\"width: 87.5208%; text-align: center;\" colspan=\"8\" width=\"632\">\u00c1nh s\u00e1ng \u0111\u1ed3ng tr\u1ee5c ( optional tu\u1ef3 ch\u1ecdn)<\/td>\n<\/tr>\n<tr>\n<td style=\"width: 26.0244%;\" colspan=\"2\" width=\"266\">\u1ed0ng k\u00ednh zoom<\/td>\n<td style=\"width: 87.5208%; text-align: center;\" colspan=\"8\" width=\"632\">\u00a0POMEAS \u0110\u1ed9 ph\u00e2n gi\u1ea3i cao 6.5:1(0.7x~4.5x) \u1ed0ng k\u00ednh zoom c\u01a1 gi\u1edbi (Ph\u00f3ng \u0111\u1ea1i h\u00ecnh \u1ea3nh 28X~180X) Kho\u1ea3ng c\u00e1ch l\u00e0m vi\u1ec7c : 90mm<\/td>\n<\/tr>\n<tr>\n<td style=\"width: 26.0244%;\" colspan=\"2\" width=\"266\">\u0110\u1ed9ng c\u01a1 Servo<\/td>\n<td style=\"width: 87.5208%; text-align: center;\" colspan=\"8\" width=\"632\">NA<\/td>\n<\/tr>\n<tr>\n<td style=\"width: 26.0244%;\" colspan=\"2\" width=\"266\">H\u1ec7 th\u1ed1ng \u0111i\u1ec1u khi\u1ec3n<\/td>\n<td style=\"width: 87.5208%; text-align: center;\" colspan=\"8\" width=\"632\">H\u1ec7 th\u1ed1ng \u0111i\u1ec1u khi\u1ec3n ch\u00ednh x\u00e1c USB-301<\/td>\n<\/tr>\n<tr>\n<td style=\"width: 26.0244%;\" colspan=\"2\" width=\"266\">Ph\u1ea7n m\u1ec1m \u0111o l\u01b0\u1eddng<\/td>\n<td style=\"width: 87.5208%; text-align: center;\" colspan=\"8\" width=\"632\">Ph\u1ea7n m\u1ec1m \u0111o l\u01b0\u1eddng ch\u00ednh x\u00e1c INSPEC-M<\/td>\n<\/tr>\n<tr>\n<td style=\"width: 26.0244%;\" colspan=\"2\" width=\"266\">Kh\u1ea3 n\u0103ng ch\u1ed1ng ch\u1ecbu v\u1edbi m\u00f4i tr\u01b0\u1eddng<\/td>\n<td style=\"width: 87.5208%; text-align: center;\" colspan=\"8\" width=\"632\">Nhi\u1ec7t \u0111\u1ed9 20\u00b0C\u00b13\u00b0C, nhi\u1ec7t \u0111\u1ed9 thay \u0111\u1ed5i &lt;2\u00b0C\/gi\u1edd, \u0111\u1ed9 \u1ea9m 30~80%<\/td>\n<\/tr>\n<tr>\n<td style=\"width: 26.0244%;\" colspan=\"2\" width=\"266\">Ngu\u1ed3n \u0111i\u1ec7n cung c\u1ea5p<\/td>\n<td style=\"width: 87.5208%; text-align: center;\" colspan=\"8\" width=\"632\">220V\/ 50Hz\/5A<\/td>\n<\/tr>\n<\/tbody>\n<\/table>\n<p>Th\u00f4ng s\u1ed1 k\u1ef9 thu\u1eadt c\u00f3 th\u1ec3 thay \u0111\u1ed5i m\u00e0 <u><b>kh\u00f4ng c\u1ea7n th\u00f4ng b\u00e1o tr\u01b0\u1edbc <\/b><\/u>do tu s\u1eeda s\u1ea3n ph\u1ea9m, v.v.<\/p>\n<h3>Chi ti\u1ebft s\u1ea3n ph\u1ea9m<\/h3>\n<p><img loading=\"lazy\" decoding=\"async\" class=\"alignnone size-full wp-image-499\" src=\"\/wp-content\/uploads\/2024\/01\/Video-Measurement-System-SHK-VMS-Series-MANUAL-1.png\" alt=\"\" width=\"1263\" height=\"329\" srcset=\"https:\/\/shkvina.vn\/wp-content\/uploads\/2024\/01\/Video-Measurement-System-SHK-VMS-Series-MANUAL-1.png 1263w, https:\/\/shkvina.vn\/wp-content\/uploads\/2024\/01\/Video-Measurement-System-SHK-VMS-Series-MANUAL-1-800x208.png 800w, https:\/\/shkvina.vn\/wp-content\/uploads\/2024\/01\/Video-Measurement-System-SHK-VMS-Series-MANUAL-1-768x200.png 768w, https:\/\/shkvina.vn\/wp-content\/uploads\/2024\/01\/Video-Measurement-System-SHK-VMS-Series-MANUAL-1-18x5.png 18w\" sizes=\"auto, (max-width: 1263px) 100vw, 1263px\" \/><\/p>\n\t\t<\/div>\n\t\t\t\t\t<\/div>\n\n\t\n<\/div>","protected":false},"excerpt":{"rendered":"<h3>Ph\u1ea1m vi \u0111o XY(mm)<\/h3>\n<ul>\n<li>VMS 2010 : 200 x 100<\/li>\n<li>VMS 2515 : 200 x 150<\/li>\n<li>VMS 3020 : 300 x 200<\/li>\n<li>VMS 4030 : 400 x 300<\/li>\n<li>VMS 5040 : 500 x 400<\/li>\n<li>VMS 6040 : 600 x 400<\/li>\n<\/ul>\n<p>(Ph\u1ea1m vi di chuy\u1ec3n tr\u1ee5c Z : 200)<\/p>","protected":false},"featured_media":498,"comment_status":"open","ping_status":"closed","template":"","meta":[],"product_cat":[22],"product_tag":[],"class_list":["post-468","product","type-product","status-publish","has-post-thumbnail","hentry","product_cat-may-do-quang-hoc"],"yoast_head":"<!-- This site is optimized with the Yoast SEO Premium plugin v19.0.1 (Yoast SEO v20.8) - https:\/\/yoast.com\/wordpress\/plugins\/seo\/ -->\n<title>M\u00e1y \u0111o 2D\/3D SHK - GZ S\u00ea-ri VMS - C\u00d4NG TY TNHH TH\u01af\u01a0NG M\u1ea0I SHK INT\u2019L<\/title>\n<meta name=\"robots\" content=\"noindex, follow, max-snippet:-1, max-image-preview:large, max-video-preview:-1\" \/>\n<meta property=\"og:locale\" content=\"en_US\" \/>\n<meta property=\"og:type\" content=\"article\" \/>\n<meta property=\"og:title\" content=\"M\u00e1y \u0111o 2D\/3D SHK - GZ S\u00ea-ri VMS\" \/>\n<meta property=\"og:description\" content=\"Ph\u1ea1m vi \u0111o XY(mm)   VMS 2010 : 200 x 100  VMS 2515 : 200 x 150  VMS 3020 : 300 x 200  VMS 4030 : 400 x 300  VMS 5040 : 500 x 400  VMS 6040 : 600 x 400  (Ph\u1ea1m vi di chuy\u1ec3n tr\u1ee5c Z : 200)\" \/>\n<meta property=\"og:url\" content=\"https:\/\/shkvina.vn\/en\/product\/may-do-2d-3d-shk-gz-se-ri-vms\/\" \/>\n<meta property=\"og:site_name\" content=\"C\u00d4NG TY TNHH TH\u01af\u01a0NG M\u1ea0I SHK INT\u2019L\" \/>\n<meta property=\"article:modified_time\" content=\"2025-01-02T05:56:14+00:00\" \/>\n<meta property=\"og:image\" content=\"https:\/\/shkvina.vn\/wp-content\/uploads\/2024\/01\/Video-Measurement-System-SHK-VMS-Series-MANUAL.png\" \/>\n\t<meta property=\"og:image:width\" content=\"1000\" \/>\n\t<meta property=\"og:image:height\" content=\"1000\" \/>\n\t<meta property=\"og:image:type\" content=\"image\/png\" \/>\n<meta name=\"twitter:card\" content=\"summary_large_image\" \/>\n<meta name=\"twitter:label1\" content=\"Est. reading time\" \/>\n\t<meta name=\"twitter:data1\" content=\"3 minutes\" \/>\n<script type=\"application\/ld+json\" class=\"yoast-schema-graph\">{\"@context\":\"https:\/\/schema.org\",\"@graph\":[{\"@type\":\"WebPage\",\"@id\":\"https:\/\/shkvina.vn\/san-pham\/may-do-2d-3d-shk-gz-se-ri-vms\",\"url\":\"https:\/\/shkvina.vn\/san-pham\/may-do-2d-3d-shk-gz-se-ri-vms\",\"name\":\"M\u00e1y \u0111o 2D\/3D SHK - GZ S\u00ea-ri VMS - C\u00d4NG TY TNHH TH\u01af\u01a0NG M\u1ea0I SHK INT\u2019L\",\"isPartOf\":{\"@id\":\"https:\/\/shkvina.vn\/#website\"},\"datePublished\":\"2024-01-15T04:50:17+00:00\",\"dateModified\":\"2025-01-02T05:56:14+00:00\",\"breadcrumb\":{\"@id\":\"https:\/\/shkvina.vn\/san-pham\/may-do-2d-3d-shk-gz-se-ri-vms#breadcrumb\"},\"inLanguage\":\"en-US\",\"potentialAction\":[{\"@type\":\"ReadAction\",\"target\":[\"https:\/\/shkvina.vn\/san-pham\/may-do-2d-3d-shk-gz-se-ri-vms\"]}]},{\"@type\":\"BreadcrumbList\",\"@id\":\"https:\/\/shkvina.vn\/san-pham\/may-do-2d-3d-shk-gz-se-ri-vms#breadcrumb\",\"itemListElement\":[{\"@type\":\"ListItem\",\"position\":1,\"name\":\"Home\",\"item\":\"https:\/\/shkvina.vn\/\"},{\"@type\":\"ListItem\",\"position\":2,\"name\":\"C\u1eeda h\u00e0ng\",\"item\":\"https:\/\/shkvina.vn\/cua-hang\"},{\"@type\":\"ListItem\",\"position\":3,\"name\":\"M\u00e1y \u0111o 2D\/3D SHK &#8211; GZ S\u00ea-ri VMS\"}]},{\"@type\":\"WebSite\",\"@id\":\"https:\/\/shkvina.vn\/#website\",\"url\":\"https:\/\/shkvina.vn\/\",\"name\":\"C\u00d4NG TY TNHH TH\u01af\u01a0NG M\u1ea0I SHK INT\u2019L\",\"description\":\"\",\"potentialAction\":[{\"@type\":\"SearchAction\",\"target\":{\"@type\":\"EntryPoint\",\"urlTemplate\":\"https:\/\/shkvina.vn\/?s={search_term_string}\"},\"query-input\":\"required name=search_term_string\"}],\"inLanguage\":\"en-US\"}]}<\/script>\n<!-- \/ Yoast SEO Premium plugin. -->","yoast_head_json":{"title":"M\u00e1y \u0111o 2D\/3D SHK - GZ S\u00ea-ri VMS - C\u00d4NG TY TNHH TH\u01af\u01a0NG M\u1ea0I SHK INT\u2019L","robots":{"index":"noindex","follow":"follow","max-snippet":"max-snippet:-1","max-image-preview":"max-image-preview:large","max-video-preview":"max-video-preview:-1"},"og_locale":"en_US","og_type":"article","og_title":"M\u00e1y \u0111o 2D\/3D SHK - GZ S\u00ea-ri VMS","og_description":"Ph\u1ea1m vi \u0111o XY(mm)   VMS 2010 : 200 x 100  VMS 2515 : 200 x 150  VMS 3020 : 300 x 200  VMS 4030 : 400 x 300  VMS 5040 : 500 x 400  VMS 6040 : 600 x 400  (Ph\u1ea1m vi di chuy\u1ec3n tr\u1ee5c Z : 200)","og_url":"https:\/\/shkvina.vn\/en\/product\/may-do-2d-3d-shk-gz-se-ri-vms\/","og_site_name":"C\u00d4NG TY TNHH TH\u01af\u01a0NG M\u1ea0I SHK INT\u2019L","article_modified_time":"2025-01-02T05:56:14+00:00","og_image":[{"width":1000,"height":1000,"url":"https:\/\/shkvina.vn\/wp-content\/uploads\/2024\/01\/Video-Measurement-System-SHK-VMS-Series-MANUAL.png","type":"image\/png"}],"twitter_card":"summary_large_image","twitter_misc":{"Est. reading time":"3 minutes"},"schema":{"@context":"https:\/\/schema.org","@graph":[{"@type":"WebPage","@id":"https:\/\/shkvina.vn\/san-pham\/may-do-2d-3d-shk-gz-se-ri-vms","url":"https:\/\/shkvina.vn\/san-pham\/may-do-2d-3d-shk-gz-se-ri-vms","name":"M\u00e1y \u0111o 2D\/3D SHK - GZ S\u00ea-ri VMS - C\u00d4NG TY TNHH TH\u01af\u01a0NG M\u1ea0I SHK INT\u2019L","isPartOf":{"@id":"https:\/\/shkvina.vn\/#website"},"datePublished":"2024-01-15T04:50:17+00:00","dateModified":"2025-01-02T05:56:14+00:00","breadcrumb":{"@id":"https:\/\/shkvina.vn\/san-pham\/may-do-2d-3d-shk-gz-se-ri-vms#breadcrumb"},"inLanguage":"en-US","potentialAction":[{"@type":"ReadAction","target":["https:\/\/shkvina.vn\/san-pham\/may-do-2d-3d-shk-gz-se-ri-vms"]}]},{"@type":"BreadcrumbList","@id":"https:\/\/shkvina.vn\/san-pham\/may-do-2d-3d-shk-gz-se-ri-vms#breadcrumb","itemListElement":[{"@type":"ListItem","position":1,"name":"Home","item":"https:\/\/shkvina.vn\/"},{"@type":"ListItem","position":2,"name":"C\u1eeda h\u00e0ng","item":"https:\/\/shkvina.vn\/cua-hang"},{"@type":"ListItem","position":3,"name":"M\u00e1y \u0111o 2D\/3D SHK &#8211; GZ S\u00ea-ri VMS"}]},{"@type":"WebSite","@id":"https:\/\/shkvina.vn\/#website","url":"https:\/\/shkvina.vn\/","name":"C\u00d4NG TY TNHH TH\u01af\u01a0NG M\u1ea0I SHK INT\u2019L","description":"","potentialAction":[{"@type":"SearchAction","target":{"@type":"EntryPoint","urlTemplate":"https:\/\/shkvina.vn\/?s={search_term_string}"},"query-input":"required name=search_term_string"}],"inLanguage":"en-US"}]}},"_links":{"self":[{"href":"https:\/\/shkvina.vn\/en\/wp-json\/wp\/v2\/product\/468","targetHints":{"allow":["GET"]}}],"collection":[{"href":"https:\/\/shkvina.vn\/en\/wp-json\/wp\/v2\/product"}],"about":[{"href":"https:\/\/shkvina.vn\/en\/wp-json\/wp\/v2\/types\/product"}],"replies":[{"embeddable":true,"href":"https:\/\/shkvina.vn\/en\/wp-json\/wp\/v2\/comments?post=468"}],"wp:featuredmedia":[{"embeddable":true,"href":"https:\/\/shkvina.vn\/en\/wp-json\/wp\/v2\/media\/498"}],"wp:attachment":[{"href":"https:\/\/shkvina.vn\/en\/wp-json\/wp\/v2\/media?parent=468"}],"wp:term":[{"taxonomy":"product_cat","embeddable":true,"href":"https:\/\/shkvina.vn\/en\/wp-json\/wp\/v2\/product_cat?post=468"},{"taxonomy":"product_tag","embeddable":true,"href":"https:\/\/shkvina.vn\/en\/wp-json\/wp\/v2\/product_tag?post=468"}],"curies":[{"name":"wp","href":"https:\/\/api.w.org\/{rel}","templated":true}]}}