{"id":450,"date":"2024-01-15T04:03:39","date_gmt":"2024-01-15T04:03:39","guid":{"rendered":"https:\/\/1.duyanhweb.info\/?post_type=product&#038;p=450"},"modified":"2025-01-02T06:05:56","modified_gmt":"2025-01-02T06:05:56","slug":"may-do-2d-3d-shk-gz-se-ri-vms-h","status":"publish","type":"product","link":"https:\/\/shkvina.vn\/en\/product\/may-do-2d-3d-shk-gz-se-ri-vms-h","title":{"rendered":"M\u00e1y \u0111o 2D\/3D  SHK &#8211; GZ S\u00ea-ri VMS H"},"content":{"rendered":"<h3>C\u00e1c t\u00ednh n\u0103ng ch\u00ednh<\/h3>\n<p><img loading=\"lazy\" decoding=\"async\" class=\"alignnone size-full wp-image-674\" src=\"\/wp-content\/uploads\/2024\/01\/SHK-VMS-H-Series-CNC.png\" alt=\"\" width=\"1410\" height=\"657\" srcset=\"https:\/\/shkvina.vn\/wp-content\/uploads\/2024\/01\/SHK-VMS-H-Series-CNC.png 1410w, https:\/\/shkvina.vn\/wp-content\/uploads\/2024\/01\/SHK-VMS-H-Series-CNC-800x373.png 800w, https:\/\/shkvina.vn\/wp-content\/uploads\/2024\/01\/SHK-VMS-H-Series-CNC-768x358.png 768w, https:\/\/shkvina.vn\/wp-content\/uploads\/2024\/01\/SHK-VMS-H-Series-CNC-18x8.png 18w\" sizes=\"auto, (max-width: 1410px) 100vw, 1410px\" \/><\/p>\n<ul>\n<li>H\u1ec7 th\u1ed1ng gi\u1ea3m thi\u1ec3u va ch\u1ea1m ( CMS )<\/li>\n<li>Ch\u1ee9c n\u0103ng l\u1ea5y n\u00e9t t\u1ef1 \u0111\u1ed9ng ch\u00ednh x\u00e1c \u0111\u1ec3 \u0111o chi\u1ec1u cao<\/li>\n<li>Zoom quang h\u1ecdc v\u00e0 k\u1ef9 thu\u1eadt s\u1ed1 c\u00f3 th\u1ec3 l\u1eadp tr\u00ecnh<\/li>\n<li>M\u00e1y \u1ea3nh k\u1ef9 thu\u1eadt s\u1ed1 \u0111\u1ed9 ph\u00e2n gi\u1ea3i cao.<\/li>\n<li>C\u1ea5u tr\u00fac \u0111\u00e1 granite c\u1ea5p 00 c\u00f3 \u0111\u1ed9 \u1ed5n \u0111\u1ecbnh cao<\/li>\n<li>B\u1ed9 m\u00e3 h\u00f3a tuy\u1ebfn t\u00ednh \u0111\u1ed9 ph\u00e2n gi\u1ea3i cao<\/li>\n<li>H\u01b0\u1edbng d\u1eabn tuy\u1ebfn t\u00ednh ch\u00ednh x\u00e1c<\/li>\n<li>Ngu\u1ed3n s\u00e1ng LED ti\u00ean ti\u1ebfn<\/li>\n<li>T\u1ef1 \u0111\u1ed9ng ph\u00e1t hi\u1ec7n c\u1ea1nh<\/li>\n<li>Ph\u1ea7n m\u1ec1m d\u1ec5 s\u1eed d\u1ee5ng<\/li>\n<li>\u0110\u1ed9 ch\u00ednh x\u00e1c :\u00a0E2xy = (2.0+L\/200) \u03bcm<\/li>\n<li>\u0110\u1ed9 ph\u00e2n gi\u1ea3i : 0.5\u03bcm<\/li>\n<li>\u1ed0ng k\u00ednh zoom th\u1ee7 c\u00f4ng 6.5:1<\/li>\n<li>Ph\u00f3ng \u0111\u1ea1i : 28X-180X<\/li>\n<li>\u00c1nh s\u00e1ng song song ph\u00eda d\u01b0\u1edbi LED<\/li>\n<li>\u00c1nh s\u00e1ng b\u1ec1 m\u1eb7t v\u00f2ng LED 5 x 8 c\u00f3 th\u1ec3 l\u1eadp v\u1edbi con tr\u1ecf Laser<\/li>\n<\/ul>\n<p><span style=\"font-size: 20.16px;\">H\u1ed7 tr\u1ee3 t\u1eeb ch\u00fang t\u00f4i (T\u00f9y ch\u1ecdn)<\/span><\/p>\n<table style=\"border-collapse: collapse; width: 100%;\">\n<tbody>\n<tr>\n<td style=\"width: 50%;\">\n<ul>\n<li style=\"text-align: justify;\">Ph\u1ea7n m\u1ec1m Rational VUE<\/li>\n<li style=\"text-align: justify;\">\u00c1nh s\u00e1ng \u0111\u1ed3ng tr\u1ee5c<\/li>\n<li style=\"text-align: justify;\">\u1ed0ng k\u00ednh zoom 6,5:1 c\u00f3 \u0111\u1ed9ng c\u01a1<br \/>\nPh\u00f3ng \u0111\u1ea1i :\u00a0 28X- 180X<\/li>\n<li style=\"text-align: justify;\">\u0110\u1ea7u d\u00f2 c\u1ea3m \u1ee9ng, H\u1ec7 th\u1ed1ng Laser<\/li>\n<li style=\"text-align: justify;\">B\u00e0n xoay ngang (Max.\u00d880mm)<\/li>\n<li style=\"text-align: justify;\">Chi\u1ec1u cao \u0111o (Z) 250~400mm<\/li>\n<li>H\u1ec7 th\u1ed1ng gi\u1ea3m va ch\u1ea1m ( CMS)<\/li>\n<li>H\u1ec7 th\u1ed1ng ti\u00ean ti\u1ebfn h\u1ed7 tr\u1ee3 ng\u01b0\u1eddi v\u1eadn h\u00e0nh gi\u1ea3m thi\u1ec3u t\u1ed1i \u0111a va ch\u1ea1m x\u1ea3y ra.<\/li>\n<\/ul>\n<\/td>\n<td style=\"width: 50%;\"><img loading=\"lazy\" decoding=\"async\" class=\"alignnone wp-image-463\" src=\"\/wp-content\/uploads\/2024\/01\/SHK-VMS-H-Series-CNC-3.png\" alt=\"\" width=\"291\" height=\"310\" srcset=\"https:\/\/shkvina.vn\/wp-content\/uploads\/2024\/01\/SHK-VMS-H-Series-CNC-3.png 279w, https:\/\/shkvina.vn\/wp-content\/uploads\/2024\/01\/SHK-VMS-H-Series-CNC-3-11x12.png 11w\" sizes=\"auto, (max-width: 291px) 100vw, 291px\" \/><\/td>\n<\/tr>\n<\/tbody>\n<\/table>\n<table style=\"border-collapse: collapse; width: 0.525854%; height: 5px;\">\n<tbody>\n<tr>\n<td style=\"width: 6.38298%;\"><\/td>\n<td style=\"width: 91.4894%;\"><\/td>\n<\/tr>\n<\/tbody>\n<\/table>\n<h3>Th\u00f4ng s\u1ed1 k\u1ef9 thu\u1eadt<\/h3>\n<table style=\"width: 66.0345%;\" width=\"656\">\n<tbody>\n<tr>\n<td style=\"width: 23.3588%;\" colspan=\"2\" width=\"145\">M\u1eabu<\/td>\n<td style=\"width: 18.31%; text-align: center;\" colspan=\"2\" width=\"128\">VMS-322H<\/td>\n<td style=\"width: 18.9681%; text-align: center;\" colspan=\"2\" width=\"128\">VMS-432H<\/td>\n<td style=\"width: 19.5405%; text-align: center;\" colspan=\"2\" width=\"128\">VMS-542H<\/td>\n<td style=\"width: 1.55763%; text-align: center;\" colspan=\"2\" width=\"127\">VMS-642H<\/td>\n<\/tr>\n<tr>\n<td style=\"width: 23.3588%;\" colspan=\"2\" width=\"145\">D\u1ea3i \u0111o (mm)<\/td>\n<td style=\"width: 18.31%; text-align: center;\" colspan=\"2\">300X200<\/td>\n<td style=\"width: 18.9681%; text-align: center;\" colspan=\"2\" width=\"128\">400X300<\/td>\n<td style=\"width: 19.5405%; text-align: center;\" colspan=\"2\" width=\"128\">500X400<\/td>\n<td style=\"width: 1.55763%; text-align: center;\" colspan=\"2\" width=\"127\">600X400<\/td>\n<\/tr>\n<tr>\n<td style=\"width: 23.3588%;\" colspan=\"2\" width=\"145\">K\u00edch th\u01b0\u1edbc (mm)(L x W x H)<\/td>\n<td style=\"width: 18.31%; text-align: center;\" colspan=\"2\">660X900X1750<\/td>\n<td style=\"width: 18.9681%; text-align: center;\" colspan=\"2\">880X1000X1750<\/td>\n<td style=\"width: 19.5405%; text-align: center;\" colspan=\"2\">1000X1100X1750<\/td>\n<td style=\"width: 1.55763%; text-align: center;\" colspan=\"2\">1100X1100X1750<\/td>\n<\/tr>\n<tr>\n<td style=\"width: 23.3588%;\" colspan=\"2\" width=\"145\">Tr\u1ecdng l\u01b0\u1ee3ng(kg)<\/td>\n<td style=\"width: 18.31%; text-align: center;\" colspan=\"2\" width=\"128\">250<\/td>\n<td style=\"width: 18.9681%; text-align: center;\" colspan=\"2\" width=\"128\">280<\/td>\n<td style=\"width: 19.5405%; text-align: center;\" colspan=\"2\" width=\"128\">350<\/td>\n<td style=\"width: 1.55763%; text-align: center;\" colspan=\"2\" width=\"127\">390<\/td>\n<\/tr>\n<tr>\n<td style=\"width: 23.3588%;\" colspan=\"2\" width=\"145\">T\u1ea3i tr\u1ecdng cho ph\u00e9p(kg)<\/td>\n<td style=\"width: 18.31%; text-align: center;\" colspan=\"2\" width=\"128\">25<\/td>\n<td style=\"width: 18.9681%; text-align: center;\" colspan=\"2\" width=\"128\">30<\/td>\n<td style=\"width: 19.5405%; text-align: center;\" colspan=\"2\" width=\"128\">35<\/td>\n<td style=\"width: 1.55763%; text-align: center;\" colspan=\"2\" width=\"127\">35<\/td>\n<\/tr>\n<tr>\n<td style=\"width: 23.3588%;\" colspan=\"2\" width=\"145\">\u0110\u1ed9 ch\u00ednh x\u00e1c tr\u1ee5c X\/Y (\u00b5m)<\/td>\n<td style=\"width: 58.3762%; text-align: center;\" colspan=\"8\">E2(X\/Y) = (2.0+L\/200)( L= Kho\u1ea3ng \u0111o)<\/td>\n<\/tr>\n<tr>\n<td style=\"width: 23.3588%;\" colspan=\"2\" width=\"145\">\u0110\u1ed9 ch\u00ednh x\u00e1c tr\u1ee5c Z (\u00b5m)<\/td>\n<td style=\"width: 58.3762%; text-align: center;\" colspan=\"8\" width=\"511\">E1(z) = (3.0+L\/100)( L= Kho\u1ea3ng \u0111o)<\/td>\n<\/tr>\n<tr>\n<td style=\"width: 23.3588%;\" colspan=\"2\" width=\"145\">T\u1ed1c \u0111\u1ed9 ( mm\/s)<\/td>\n<td style=\"width: 58.3762%; text-align: center;\" colspan=\"8\" width=\"511\">X,Y 500mm\/s Z 300mm\/s<\/td>\n<\/tr>\n<tr>\n<td style=\"width: 23.3588%;\" colspan=\"2\" width=\"145\">V\u1eadt li\u1ec7u<\/td>\n<td style=\"width: 58.3762%; text-align: center;\" colspan=\"8\" width=\"511\">3 tr\u1ee5c \u0111\u00e1 Granite c\u1ea5p 00<\/td>\n<\/tr>\n<tr>\n<td style=\"width: 23.3588%;\" colspan=\"2\" width=\"145\">Th\u01b0\u1edbc k\u1ebb l\u01b0\u1edbi<\/td>\n<td style=\"width: 58.3762%; text-align: center;\" colspan=\"8\" width=\"511\">LAMOTION 0.5um R\u00e0 g\u00e1 v\u1eadt m\u1eabu c\u00f3 \u0111\u1ed9 ch\u00ednh x\u00e1c cao<\/td>\n<\/tr>\n<tr>\n<td style=\"width: 23.3588%;\" colspan=\"2\" width=\"145\">H\u01b0\u1edbng d\u1eabn<\/td>\n<td style=\"width: 58.3762%; text-align: center;\" colspan=\"8\" width=\"511\">H\u01b0\u1edbng d\u1eabn tuy\u1ebfn t\u00ednh ch\u00ednh x\u00e1c cao SHAC c\u1ee7a \u0110\u00e0i Loan<\/td>\n<\/tr>\n<tr>\n<td style=\"width: 23.3588%;\" colspan=\"2\" width=\"145\">Ph\u01b0\u01a1ng ph\u00e1p d\u1eabn \u0111\u1ed9ng<\/td>\n<td style=\"width: 58.3762%; text-align: center;\" colspan=\"8\" width=\"511\">\u0110i\u1ec1u khi\u1ec3n CNC, H\u1ec7 th\u1ed1ng l\u00e1i servo v\u00f2ng k\u00edn, C\u1ea7n \u0111i\u1ec1u khi\u1ec3n , \u0110i\u1ec1u khi\u1ec3n chu\u1ed9t ho\u1eb7c b\u00e0n ph\u00edm<\/td>\n<\/tr>\n<tr>\n<td style=\"width: 23.3588%;\" colspan=\"2\" width=\"145\">C\u1ea3m bi\u1ebfn \u1ea3nh<\/td>\n<td style=\"width: 58.3762%; text-align: center;\" colspan=\"8\" width=\"511\">HIKROBOT 1\/2&#8243; 1.3 MP CMOS Camera qu\u00e9t khu v\u1ef1c ( Pixel size 4.8\u00b5mx4.8\u00b5m)<\/td>\n<\/tr>\n<tr>\n<td style=\"width: 10.3817%;\" rowspan=\"3\" width=\"64\">H\u1ec7 th\u1ed1ng chi\u1ebfu s\u00e1ng<\/td>\n<td style=\"width: 12.9771%;\" width=\"81\">Trong su\u1ed1t<\/td>\n<td style=\"width: 58.3762%; text-align: center;\" colspan=\"8\" width=\"511\">\u00c1nh s\u00e1ng song song ph\u00eda d\u01b0\u1edbi LED<\/td>\n<\/tr>\n<tr>\n<td style=\"width: 12.9771%;\" width=\"81\">\u0110\u00e8n v\u00f2ng<\/td>\n<td style=\"width: 58.3762%; text-align: center;\" colspan=\"8\" width=\"511\">\u00c1nh s\u00e1ng b\u1ec1 m\u1eb7t v\u00f2ng LED 5 x 8 c\u00f3 th\u1ec3 l\u1eadp\u00a0 v\u1edbi con tr\u1ecf Laser<\/td>\n<\/tr>\n<tr>\n<td style=\"width: 12.9771%;\" width=\"81\">\u0110\u1ed3ng tr\u1ee5c<\/td>\n<td style=\"width: 58.3762%; text-align: center;\" colspan=\"8\" width=\"511\">\u0110\u00e8n LED \u0111\u1ed3ng tr\u1ee5c<\/td>\n<\/tr>\n<tr>\n<td style=\"width: 23.3588%;\" colspan=\"2\" width=\"145\">\u1ed0ng k\u00ednh zoom<\/td>\n<td style=\"width: 58.3762%; text-align: center;\" colspan=\"8\" width=\"511\">\u00a0POMEAS \u0110\u1ed9 ph\u00e2n gi\u1ea3i cao 6.5:1(0.7x~4.5x) \u1ed0ng k\u00ednh zoom c\u01a1 gi\u1edbi (Ph\u00f3ng \u0111\u1ea1i h\u00ecnh \u1ea3nh 28X~180X) Kho\u1ea3ng c\u00e1ch l\u00e0m vi\u1ec7c : 90mm<\/td>\n<\/tr>\n<tr>\n<td style=\"width: 23.3588%;\" colspan=\"2\" width=\"145\">\u0110\u1ed9ng c\u01a1 Servo<\/td>\n<td style=\"width: 58.3762%; text-align: center;\" colspan=\"8\" width=\"511\">\u0110\u1ed9ng c\u01a1 servo Panasonic ba tr\u1ee5c nguy\u00ean b\u1ea3n<\/td>\n<\/tr>\n<tr>\n<td style=\"width: 23.3588%;\" colspan=\"2\" width=\"145\">H\u1ec7 th\u1ed1ng \u0111i\u1ec1u khi\u1ec3n<\/td>\n<td style=\"width: 58.3762%; text-align: center;\" colspan=\"8\" width=\"511\">H\u1ec7 th\u1ed1ng \u0111i\u1ec1u khi\u1ec3n ch\u00ednh x\u00e1c ACT420<\/td>\n<\/tr>\n<tr>\n<td style=\"width: 23.3588%;\" colspan=\"2\" width=\"145\">Ph\u1ea7n m\u1ec1m \u0111o l\u01b0\u1eddng<\/td>\n<td style=\"width: 58.3762%; text-align: center;\" colspan=\"8\" width=\"511\">Ph\u1ea7n m\u1ec1m \u0111o l\u01b0\u1eddng INSPEC CNC<\/td>\n<\/tr>\n<tr>\n<td style=\"width: 23.3588%;\" colspan=\"2\" width=\"145\">Kh\u1ea3 n\u0103ng ch\u1ed1ng ch\u1ecbu v\u1edbi m\u00f4i tr\u01b0\u1eddng<\/td>\n<td style=\"width: 58.3762%; text-align: center;\" colspan=\"8\" width=\"511\">Nhi\u1ec7t \u0111\u1ed9 20\u00b0C\u00b13\u00b0C, nhi\u1ec7t \u0111\u1ed9 thay \u0111\u1ed5i &lt;2\u00b0C\/gi\u1edd, \u0111\u1ed9 \u1ea9m 30~80%<\/td>\n<\/tr>\n<tr>\n<td style=\"width: 23.3588%;\" colspan=\"2\" width=\"145\">Ngu\u1ed3n \u0111i\u1ec7n cung c\u1ea5p<\/td>\n<td style=\"width: 58.3762%; text-align: center;\" colspan=\"8\" width=\"511\">\u00a0220V\/50Hz\/5A<\/td>\n<\/tr>\n<\/tbody>\n<\/table>\n<p>Th\u00f4ng s\u1ed1 k\u1ef9 thu\u1eadt c\u00f3 th\u1ec3 thay \u0111\u1ed5i m\u00e0 <u><b>kh\u00f4ng c\u1ea7n th\u00f4ng b\u00e1o tr\u01b0\u1edbc <\/b><\/u>do tu s\u1eeda s\u1ea3n ph\u1ea9m, v.v.<\/p>\n<p><img loading=\"lazy\" decoding=\"async\" class=\"alignnone size-full wp-image-467\" src=\"\/wp-content\/uploads\/2024\/01\/SHK-VMS-H-Series-CNC-4.png\" alt=\"\" width=\"935\" height=\"311\" srcset=\"https:\/\/shkvina.vn\/wp-content\/uploads\/2024\/01\/SHK-VMS-H-Series-CNC-4.png 935w, https:\/\/shkvina.vn\/wp-content\/uploads\/2024\/01\/SHK-VMS-H-Series-CNC-4-800x266.png 800w, https:\/\/shkvina.vn\/wp-content\/uploads\/2024\/01\/SHK-VMS-H-Series-CNC-4-768x255.png 768w, https:\/\/shkvina.vn\/wp-content\/uploads\/2024\/01\/SHK-VMS-H-Series-CNC-4-18x6.png 18w\" sizes=\"auto, (max-width: 935px) 100vw, 935px\" \/><\/p>","protected":false},"excerpt":{"rendered":"<h3>Ph\u1ea1m vi \u0111o XY(mm)<\/h3>\n<ul>\n<li>VMS 322H : 300 x 200<\/li>\n<li>VMS 432H : 400 x 300<\/li>\n<li>VMS 542H : 500 x 400<\/li>\n<li>VMS 642H : 600 x 400<\/li>\n<\/ul>\n<p>(Ph\u1ea1m vi di chuy\u1ec3n tr\u1ee5c Z : 200)<\/p>","protected":false},"featured_media":497,"comment_status":"open","ping_status":"closed","template":"","meta":[],"product_cat":[22],"product_tag":[],"class_list":["post-450","product","type-product","status-publish","has-post-thumbnail","hentry","product_cat-may-do-quang-hoc"],"yoast_head":"<!-- This site is optimized with the Yoast SEO Premium plugin v19.0.1 (Yoast SEO v20.8) - https:\/\/yoast.com\/wordpress\/plugins\/seo\/ -->\n<title>M\u00e1y \u0111o 2D\/3D SHK - GZ S\u00ea-ri VMS H - C\u00d4NG TY TNHH TH\u01af\u01a0NG M\u1ea0I SHK INT\u2019L<\/title>\n<meta name=\"robots\" content=\"noindex, follow, max-snippet:-1, max-image-preview:large, max-video-preview:-1\" \/>\n<meta property=\"og:locale\" content=\"en_US\" \/>\n<meta property=\"og:type\" content=\"article\" \/>\n<meta property=\"og:title\" content=\"M\u00e1y \u0111o 2D\/3D SHK - GZ S\u00ea-ri VMS H\" \/>\n<meta property=\"og:description\" content=\"Ph\u1ea1m vi \u0111o XY(mm)   VMS 322H : 300 x 200  VMS 432H : 400 x 300  VMS 542H : 500 x 400  VMS 642H : 600 x 400  (Ph\u1ea1m vi di chuy\u1ec3n tr\u1ee5c Z : 200)\" \/>\n<meta property=\"og:url\" content=\"https:\/\/shkvina.vn\/en\/product\/may-do-2d-3d-shk-gz-se-ri-vms-h\/\" \/>\n<meta property=\"og:site_name\" content=\"C\u00d4NG TY TNHH TH\u01af\u01a0NG M\u1ea0I SHK INT\u2019L\" \/>\n<meta property=\"article:modified_time\" content=\"2025-01-02T06:05:56+00:00\" \/>\n<meta property=\"og:image\" content=\"https:\/\/shkvina.vn\/wp-content\/uploads\/2024\/01\/Video-Measurement-System-SHK-VMS-H-Series-CNC.png\" \/>\n\t<meta property=\"og:image:width\" content=\"1000\" \/>\n\t<meta property=\"og:image:height\" content=\"1000\" \/>\n\t<meta property=\"og:image:type\" content=\"image\/png\" \/>\n<meta name=\"twitter:card\" content=\"summary_large_image\" \/>\n<meta name=\"twitter:label1\" content=\"Est. reading time\" \/>\n\t<meta name=\"twitter:data1\" content=\"4 minutes\" \/>\n<script type=\"application\/ld+json\" class=\"yoast-schema-graph\">{\"@context\":\"https:\/\/schema.org\",\"@graph\":[{\"@type\":\"WebPage\",\"@id\":\"https:\/\/shkvina.vn\/san-pham\/may-do-2d-3d-shk-gz-se-ri-vms-h\",\"url\":\"https:\/\/shkvina.vn\/san-pham\/may-do-2d-3d-shk-gz-se-ri-vms-h\",\"name\":\"M\u00e1y \u0111o 2D\/3D SHK - GZ S\u00ea-ri VMS H - C\u00d4NG TY TNHH TH\u01af\u01a0NG M\u1ea0I SHK INT\u2019L\",\"isPartOf\":{\"@id\":\"https:\/\/shkvina.vn\/#website\"},\"datePublished\":\"2024-01-15T04:03:39+00:00\",\"dateModified\":\"2025-01-02T06:05:56+00:00\",\"breadcrumb\":{\"@id\":\"https:\/\/shkvina.vn\/san-pham\/may-do-2d-3d-shk-gz-se-ri-vms-h#breadcrumb\"},\"inLanguage\":\"en-US\",\"potentialAction\":[{\"@type\":\"ReadAction\",\"target\":[\"https:\/\/shkvina.vn\/san-pham\/may-do-2d-3d-shk-gz-se-ri-vms-h\"]}]},{\"@type\":\"BreadcrumbList\",\"@id\":\"https:\/\/shkvina.vn\/san-pham\/may-do-2d-3d-shk-gz-se-ri-vms-h#breadcrumb\",\"itemListElement\":[{\"@type\":\"ListItem\",\"position\":1,\"name\":\"Home\",\"item\":\"https:\/\/shkvina.vn\/\"},{\"@type\":\"ListItem\",\"position\":2,\"name\":\"C\u1eeda h\u00e0ng\",\"item\":\"https:\/\/shkvina.vn\/cua-hang\"},{\"@type\":\"ListItem\",\"position\":3,\"name\":\"M\u00e1y \u0111o 2D\/3D SHK &#8211; GZ S\u00ea-ri VMS H\"}]},{\"@type\":\"WebSite\",\"@id\":\"https:\/\/shkvina.vn\/#website\",\"url\":\"https:\/\/shkvina.vn\/\",\"name\":\"C\u00d4NG TY TNHH TH\u01af\u01a0NG M\u1ea0I SHK INT\u2019L\",\"description\":\"\",\"potentialAction\":[{\"@type\":\"SearchAction\",\"target\":{\"@type\":\"EntryPoint\",\"urlTemplate\":\"https:\/\/shkvina.vn\/?s={search_term_string}\"},\"query-input\":\"required name=search_term_string\"}],\"inLanguage\":\"en-US\"}]}<\/script>\n<!-- \/ Yoast SEO Premium plugin. -->","yoast_head_json":{"title":"M\u00e1y \u0111o 2D\/3D SHK - GZ S\u00ea-ri VMS H - C\u00d4NG TY TNHH TH\u01af\u01a0NG M\u1ea0I SHK INT\u2019L","robots":{"index":"noindex","follow":"follow","max-snippet":"max-snippet:-1","max-image-preview":"max-image-preview:large","max-video-preview":"max-video-preview:-1"},"og_locale":"en_US","og_type":"article","og_title":"M\u00e1y \u0111o 2D\/3D SHK - GZ S\u00ea-ri VMS H","og_description":"Ph\u1ea1m vi \u0111o XY(mm)   VMS 322H : 300 x 200  VMS 432H : 400 x 300  VMS 542H : 500 x 400  VMS 642H : 600 x 400  (Ph\u1ea1m vi di chuy\u1ec3n tr\u1ee5c Z : 200)","og_url":"https:\/\/shkvina.vn\/en\/product\/may-do-2d-3d-shk-gz-se-ri-vms-h\/","og_site_name":"C\u00d4NG TY TNHH TH\u01af\u01a0NG M\u1ea0I SHK INT\u2019L","article_modified_time":"2025-01-02T06:05:56+00:00","og_image":[{"width":1000,"height":1000,"url":"https:\/\/shkvina.vn\/wp-content\/uploads\/2024\/01\/Video-Measurement-System-SHK-VMS-H-Series-CNC.png","type":"image\/png"}],"twitter_card":"summary_large_image","twitter_misc":{"Est. reading time":"4 minutes"},"schema":{"@context":"https:\/\/schema.org","@graph":[{"@type":"WebPage","@id":"https:\/\/shkvina.vn\/san-pham\/may-do-2d-3d-shk-gz-se-ri-vms-h","url":"https:\/\/shkvina.vn\/san-pham\/may-do-2d-3d-shk-gz-se-ri-vms-h","name":"M\u00e1y \u0111o 2D\/3D SHK - GZ S\u00ea-ri VMS H - C\u00d4NG TY TNHH TH\u01af\u01a0NG M\u1ea0I SHK INT\u2019L","isPartOf":{"@id":"https:\/\/shkvina.vn\/#website"},"datePublished":"2024-01-15T04:03:39+00:00","dateModified":"2025-01-02T06:05:56+00:00","breadcrumb":{"@id":"https:\/\/shkvina.vn\/san-pham\/may-do-2d-3d-shk-gz-se-ri-vms-h#breadcrumb"},"inLanguage":"en-US","potentialAction":[{"@type":"ReadAction","target":["https:\/\/shkvina.vn\/san-pham\/may-do-2d-3d-shk-gz-se-ri-vms-h"]}]},{"@type":"BreadcrumbList","@id":"https:\/\/shkvina.vn\/san-pham\/may-do-2d-3d-shk-gz-se-ri-vms-h#breadcrumb","itemListElement":[{"@type":"ListItem","position":1,"name":"Home","item":"https:\/\/shkvina.vn\/"},{"@type":"ListItem","position":2,"name":"C\u1eeda h\u00e0ng","item":"https:\/\/shkvina.vn\/cua-hang"},{"@type":"ListItem","position":3,"name":"M\u00e1y \u0111o 2D\/3D SHK &#8211; GZ S\u00ea-ri VMS H"}]},{"@type":"WebSite","@id":"https:\/\/shkvina.vn\/#website","url":"https:\/\/shkvina.vn\/","name":"C\u00d4NG TY TNHH TH\u01af\u01a0NG M\u1ea0I SHK INT\u2019L","description":"","potentialAction":[{"@type":"SearchAction","target":{"@type":"EntryPoint","urlTemplate":"https:\/\/shkvina.vn\/?s={search_term_string}"},"query-input":"required name=search_term_string"}],"inLanguage":"en-US"}]}},"_links":{"self":[{"href":"https:\/\/shkvina.vn\/en\/wp-json\/wp\/v2\/product\/450","targetHints":{"allow":["GET"]}}],"collection":[{"href":"https:\/\/shkvina.vn\/en\/wp-json\/wp\/v2\/product"}],"about":[{"href":"https:\/\/shkvina.vn\/en\/wp-json\/wp\/v2\/types\/product"}],"replies":[{"embeddable":true,"href":"https:\/\/shkvina.vn\/en\/wp-json\/wp\/v2\/comments?post=450"}],"wp:featuredmedia":[{"embeddable":true,"href":"https:\/\/shkvina.vn\/en\/wp-json\/wp\/v2\/media\/497"}],"wp:attachment":[{"href":"https:\/\/shkvina.vn\/en\/wp-json\/wp\/v2\/media?parent=450"}],"wp:term":[{"taxonomy":"product_cat","embeddable":true,"href":"https:\/\/shkvina.vn\/en\/wp-json\/wp\/v2\/product_cat?post=450"},{"taxonomy":"product_tag","embeddable":true,"href":"https:\/\/shkvina.vn\/en\/wp-json\/wp\/v2\/product_tag?post=450"}],"curies":[{"name":"wp","href":"https:\/\/api.w.org\/{rel}","templated":true}]}}