{"id":447,"date":"2024-01-15T03:50:53","date_gmt":"2024-01-15T03:50:53","guid":{"rendered":"https:\/\/1.duyanhweb.info\/?post_type=product&#038;p=447"},"modified":"2025-04-13T01:43:42","modified_gmt":"2025-04-13T01:43:42","slug":"may-do-2d-3d-shk-gz-se-ri-vms-g","status":"publish","type":"product","link":"https:\/\/shkvina.vn\/en\/product\/may-do-2d-3d-shk-gz-se-ri-vms-g","title":{"rendered":"M\u00e1y \u0111o 2D\/3D  SHK &#8211; GZ S\u00ea-ri VMS G"},"content":{"rendered":"<p style=\"text-align: center;\"><div class=\"row\"  id=\"row-1403009675\">\n\n\t<div id=\"col-2025897574\" class=\"col small-12 large-12\"  >\n\t\t\t\t<div class=\"col-inner\"  >\n\t\t\t\n\t\t\t\n<h3><img loading=\"lazy\" decoding=\"async\" class=\"alignnone size-full wp-image-454\" src=\"\/wp-content\/uploads\/2024\/01\/Picture2.png\" alt=\"\" width=\"292\" height=\"219\" srcset=\"https:\/\/shkvina.vn\/wp-content\/uploads\/2024\/01\/Picture2.png 292w, https:\/\/shkvina.vn\/wp-content\/uploads\/2024\/01\/Picture2-16x12.png 16w\" sizes=\"auto, (max-width: 292px) 100vw, 292px\" \/> <img loading=\"lazy\" decoding=\"async\" class=\"alignnone size-full wp-image-453\" src=\"\/wp-content\/uploads\/2024\/01\/Picture3.jpg\" alt=\"\" width=\"147\" height=\"206\" srcset=\"https:\/\/shkvina.vn\/wp-content\/uploads\/2024\/01\/Picture3.jpg 147w, https:\/\/shkvina.vn\/wp-content\/uploads\/2024\/01\/Picture3-9x12.jpg 9w\" sizes=\"auto, (max-width: 147px) 100vw, 147px\" \/><\/h3>\n<h3><strong>C\u00e1c t\u00ednh n\u0103ng ch\u00ednh:<\/strong><\/h3>\n<p>\u2022 H\u1ec7 th\u1ed1ng gi\u1ea3m thi\u1ec3u va ch\u1ea1m ( CMS)<\/p>\n<p>\u2022 Ch\u1ee9c n\u0103ng l\u1ea5y n\u00e9t t\u1ef1 \u0111\u1ed9ng ch\u00ednh x\u00e1c \u0111\u1ec3 \u0111o chi\u1ec1u cao<\/p>\n<p>\u2022\u00a0Zoom quang h\u1ecdc v\u00e0 k\u1ef9 thu\u1eadt s\u1ed1 c\u00f3 th\u1ec3 l\u1eadp tr\u00ecnh.<br \/>\n\u2022 M\u00e1y \u1ea3nh k\u1ef9 thu\u1eadt s\u1ed1 \u0111\u1ed9 ph\u00e2n gi\u1ea3i cao.<br \/>\n\u2022 C\u1ea5u tr\u00fac \u0111\u00e1 granite c\u1ea5p 00 c\u00f3 \u0111\u1ed9 \u1ed5n \u0111\u1ecbnh cao<br \/>\n\u2022 B\u1ed9 m\u00e3 h\u00f3a tuy\u1ebfn t\u00ednh \u0111\u1ed9 ph\u00e2n gi\u1ea3i cao<br \/>\n\u2022 H\u01b0\u1edbng d\u1eabn tuy\u1ebfn t\u00ednh ch\u00ednh x\u00e1c<br \/>\n\u2022 Ngu\u1ed3n s\u00e1ng LED ti\u00ean ti\u1ebfn<br \/>\n\u2022 T\u1ef1 \u0111\u1ed9ng ph\u00e1t hi\u1ec7n c\u1ea1nh<br \/>\n\u2022 Ph\u1ea7n m\u1ec1m d\u1ec5 s\u1eed d\u1ee5ng<br \/>\n\u2022 \u0110\u1ed9 ch\u00ednh x\u00e1c \u0111o : E2xy = (2.5 ~ 3.0+L\/200) \u03bcm<br \/>\n\u2022 \u0110\u1ed9 ph\u00e2n gi\u1ea3i : 0.5\u03bcm<br \/>\n\u2022 \u1ed0ng k\u00ednh zoom 6.5:1 c\u00f3 \u0111\u1ed9ng c\u01a1<br \/>\n\u2022 Ph\u00f3ng \u0111\u1ea1i : 28X-180X<br \/>\n\u2022 \u00c1nh s\u00e1ng \u0111\u1ed3ng tr\u1ee5c<br \/>\n\u2022 \u00c1nh s\u00e1ng song song ph\u00eda d\u01b0\u1edbi LED<br \/>\n\u2022 \u00c1nh s\u00e1ng b\u1ec1 m\u1eb7t v\u00f2ng LED 5 x 8 c\u00f3 th\u1ec3 l\u1eadp v\u1edbi con tr\u1ecf Laser<\/p>\n<h3>H\u1ed7 tr\u1ee3 t\u1eeb ch\u00fang t\u00f4i (T\u00f9y ch\u1ecdn)<\/h3>\n<table style=\"border-collapse: collapse; width: 100%;\">\n<tbody>\n<tr>\n<td style=\"width: 50%;\">\n<ul>\n<li>Ph\u1ea7n m\u1ec1m Rational VUE<\/li>\n<li>\u1ed0ng k\u00ednh zoom 12.5:1 c\u00f3 \u0111\u1ed9ng c\u01a1<\/li>\n<li>\u0110\u1ea7u d\u00f2 c\u1ea3m \u1ee9ng, H\u1ec7 th\u1ed1ng Laser<\/li>\n<li>B\u00e0n xoay ngang (Max.\u00d880mm)<\/li>\n<li>Chi\u1ec1u cao \u0111o (Z) 250~400mm<\/li>\n<li>H\u1ec7 th\u1ed1ng gi\u1ea3m thi\u1ec3u va ch\u1ea1m ( CMS )<\/li>\n<li>( H\u1ec7 th\u1ed1ng ti\u00ean ti\u1ebfn h\u1ed7 tr\u1ee3 ng\u01b0\u1eddi v\u1eadn h\u00e0nh l\u00e0m gi\u1ea3m m\u1ee9c \u0111\u1ed9 c\u1ee7a va ch\u1ea1m x\u1ea3y ra)<\/li>\n<\/ul>\n<\/td>\n<td style=\"width: 50%;\"><img loading=\"lazy\" decoding=\"async\" class=\"\" src=\"https:\/\/shkvina.vn\/wp-content\/uploads\/2024\/01\/Picture4.png\" width=\"340\" height=\"360\" \/><\/td>\n<\/tr>\n<\/tbody>\n<\/table>\n<p>&nbsp;<\/p>\n<p><span style=\"font-size: 20.16px; color: #555555;\">Th\u00f4ng s\u1ed1 k\u1ef9 thu\u1eadt<\/span><\/p>\n<table style=\"height: 1028px; width: 99.3069%;\" width=\"94.036%\">\n<tbody>\n<tr style=\"height: 21px;\">\n<td style=\"width: 9.64562%; height: 21px;\" colspan=\"2\" width=\"188\">M\u1eabu<\/td>\n<td style=\"width: 8.24023%; height: 21px; text-align: center;\" width=\"60\">VMS-542G<\/td>\n<td style=\"width: 8.00988%; height: 21px; text-align: center;\" width=\"60\">VMS-562G<\/td>\n<td style=\"width: 8.69041%; height: 21px; text-align: center;\" width=\"60\">VMS-682G<\/td>\n<td style=\"width: 9.87145%; height: 21px; text-align: center;\" width=\"66\">VMS-8102G<\/td>\n<td style=\"width: 9.20248%; height: 21px; text-align: center;\" width=\"67\">VMS-1012G<\/td>\n<td style=\"width: 9.05013%; height: 21px; text-align: center;\" width=\"67\">VMS-1016G<\/td>\n<td style=\"width: 9.12282%; height: 21px; text-align: center;\" width=\"68\">VMS-1216G<\/td>\n<td style=\"width: 8.75107%; height: 21px; text-align: center;\" width=\"68\">VMS-1318G<\/td>\n<td style=\"width: 8.96943%; height: 21px; text-align: center;\" width=\"68\">VMS-1520G<\/td>\n<td style=\"width: 52.3061%; height: 21px; text-align: center;\" width=\"66\">VMS-1626G<\/td>\n<\/tr>\n<tr style=\"height: 43px;\">\n<td style=\"width: 9.64562%; height: 43px;\" colspan=\"2\" width=\"188\">D\u1ea3i \u0111o (mm)<\/td>\n<td style=\"width: 8.24023%; height: 43px; text-align: center;\">400X500<\/td>\n<td style=\"width: 8.00988%; height: 43px; text-align: center;\">500X600<\/td>\n<td style=\"width: 8.69041%; height: 43px; text-align: center;\">600X800<\/td>\n<td style=\"width: 9.87145%; height: 43px; text-align: center;\">800X1000<\/td>\n<td style=\"width: 9.20248%; height: 43px; text-align: center;\">1000X1200<\/td>\n<td style=\"width: 9.05013%; height: 43px; text-align: center;\">1000X1600<\/td>\n<td style=\"width: 9.12282%; height: 43px; text-align: center;\">1200X1600<\/td>\n<td style=\"width: 8.75107%; height: 43px; text-align: center;\">1300X1800<\/td>\n<td style=\"width: 8.96943%; height: 43px; text-align: center;\">1500X2000<\/td>\n<td style=\"width: 52.3061%; height: 43px; text-align: center;\">1600X2600<\/td>\n<\/tr>\n<tr style=\"height: 64px;\">\n<td style=\"width: 9.64562%; height: 64px;\" colspan=\"2\" width=\"188\">K\u00edch th\u01b0\u1edbc (mm)(L x W x H)<\/td>\n<td style=\"width: 8.24023%; height: 64px; text-align: center;\" width=\"60\"><span style=\"font-size: 75%;\">1020X1260X1750<\/span><\/td>\n<td style=\"width: 8.00988%; height: 64px; text-align: center;\" width=\"60\"><span style=\"font-size: 75%;\">1120X1360X1750<\/span><\/td>\n<td style=\"width: 8.69041%; height: 64px; text-align: center;\" width=\"60\"><span style=\"font-size: 75%;\">1220X1560X1750<\/span><\/td>\n<td style=\"width: 9.87145%; height: 64px; text-align: center;\" width=\"66\"><span style=\"font-size: 75%;\">1420X1760X 1750<\/span><\/td>\n<td style=\"width: 9.20248%; height: 64px; text-align: center;\" width=\"67\"><span style=\"font-size: 75%;\">1670X1980X 1750<\/span><\/td>\n<td style=\"width: 9.05013%; height: 64px; text-align: center;\" width=\"67\"><span style=\"font-size: 75%;\">1670X2580X 1750<\/span><\/td>\n<td style=\"width: 9.12282%; height: 64px; text-align: center;\" width=\"68\"><span style=\"font-size: 75%;\">1870X2580X 1750<\/span><\/td>\n<td style=\"width: 8.75107%; height: 64px; text-align: center;\" width=\"68\"><span style=\"font-size: 75%;\">1930X2780X 1750<\/span><\/td>\n<td style=\"width: 8.96943%; height: 64px; text-align: center;\" width=\"68\"><span style=\"font-size: 75%;\">2180X2980X 1750<\/span><\/td>\n<td style=\"width: 52.3061%; height: 64px; text-align: center;\" width=\"66\"><span style=\"font-size: 75%;\">2280X3540X 1750<\/span><\/td>\n<\/tr>\n<tr style=\"height: 43px;\">\n<td style=\"width: 9.64562%; height: 43px;\" colspan=\"2\" width=\"188\">Tr\u1ecdng l\u01b0\u1ee3ng(kg)<\/td>\n<td style=\"width: 8.24023%; height: 43px; text-align: center;\" width=\"60\">1000<\/td>\n<td style=\"width: 8.00988%; height: 43px; text-align: center;\" width=\"60\">1100<\/td>\n<td style=\"width: 8.69041%; height: 43px; text-align: center;\" width=\"60\">1300<\/td>\n<td style=\"width: 9.87145%; height: 43px; text-align: center;\" width=\"66\">1600<\/td>\n<td style=\"width: 9.20248%; height: 43px; text-align: center;\" width=\"67\">2100<\/td>\n<td style=\"width: 9.05013%; height: 43px; text-align: center;\" width=\"67\">2800<\/td>\n<td style=\"width: 9.12282%; height: 43px; text-align: center;\" width=\"68\">3100<\/td>\n<td style=\"width: 8.75107%; height: 43px; text-align: center;\" width=\"68\">3800<\/td>\n<td style=\"width: 8.96943%; height: 43px; text-align: center;\" width=\"68\">5500<\/td>\n<td style=\"width: 52.3061%; height: 43px; text-align: center;\" width=\"66\">7500<\/td>\n<\/tr>\n<tr style=\"height: 64px;\">\n<td style=\"width: 9.64562%; height: 64px;\" colspan=\"2\" width=\"188\">T\u1ea3i tr\u1ecdng cho ph\u00e9p(kg)<\/td>\n<td style=\"width: 132.214%; height: 64px; text-align: center;\" colspan=\"10\">75<\/td>\n<\/tr>\n<tr style=\"height: 64px;\">\n<td style=\"width: 9.64562%; height: 64px;\" colspan=\"2\" width=\"188\">\u0110\u1ed9 ch\u00ednh x\u00e1c tr\u1ee5c X\/Y (\u00b5m)<\/td>\n<td style=\"width: 34.812%; height: 64px; text-align: center;\" colspan=\"4\" width=\"246\">E2(X\/Y) = (2.5+L\/200)( L= Kho\u1ea3ng \u0111o)<\/td>\n<td style=\"width: 27.3754%; height: 64px; text-align: center;\" colspan=\"3\" width=\"202\">E2(X\/Y) = (3.0+L\/200)( L= Kho\u1ea3ng \u0111o)<\/td>\n<td style=\"width: 70.0266%; height: 64px; text-align: center;\" colspan=\"3\" width=\"202\">E2(X\/Y) = (5.0+L\/200)( L= Kho\u1ea3ng \u0111o)<\/td>\n<\/tr>\n<tr style=\"height: 64px;\">\n<td style=\"width: 9.64562%; height: 64px; text-align: left;\" colspan=\"2\" width=\"188\">\u0110\u1ed9 ch\u00ednh x\u00e1c tr\u1ee5c Z (\u00b5m)<\/td>\n<td style=\"width: 132.214%; height: 64px; text-align: center;\" colspan=\"10\" width=\"650\">E1(z) = (3.0+L\/100)( L= Kho\u1ea3ng \u0111o)<\/td>\n<\/tr>\n<tr style=\"height: 43px;\">\n<td style=\"width: 9.64562%; height: 43px;\" colspan=\"2\" width=\"188\">T\u1ed1c \u0111\u1ed9 ( mm\/s)<\/td>\n<td style=\"width: 132.214%; height: 43px; text-align: center;\" colspan=\"10\" width=\"650\">X,Y 500mm\/s Z 300mm\/s<\/td>\n<\/tr>\n<tr style=\"height: 21px;\">\n<td style=\"width: 9.64562%; height: 21px;\" colspan=\"2\" width=\"188\">V\u1eadt li\u1ec7u<\/td>\n<td style=\"width: 132.214%; height: 21px; text-align: center;\" colspan=\"10\" width=\"650\">3 tr\u1ee5c \u0111\u00e1 Granite c\u1ea5p 00<\/td>\n<\/tr>\n<tr style=\"height: 43px;\">\n<td style=\"width: 9.64562%; height: 43px;\" colspan=\"2\" width=\"188\">Th\u01b0\u1edbc k\u1ebb l\u01b0\u1edbi<\/td>\n<td style=\"width: 132.214%; height: 43px; text-align: center;\" colspan=\"10\" width=\"650\">LAMOTION 0.5um R\u00e0 g\u00e1 v\u1eadt m\u1eabu c\u00f3 \u0111\u1ed9 ch\u00ednh x\u00e1c cao<\/td>\n<\/tr>\n<tr style=\"height: 21px;\">\n<td style=\"width: 9.64562%; height: 21px;\" colspan=\"2\" width=\"188\">H\u01b0\u1edbng d\u1eabn<\/td>\n<td style=\"width: 132.214%; height: 21px; text-align: center;\" colspan=\"10\" width=\"650\">H\u01b0\u1edbng d\u1eabn tuy\u1ebfn t\u00ednh ch\u00ednh x\u00e1c cao SHAC c\u1ee7a \u0110\u00e0i Loan<\/td>\n<\/tr>\n<tr style=\"height: 64px;\">\n<td style=\"width: 9.64562%; height: 64px;\" colspan=\"2\" width=\"188\">Ph\u01b0\u01a1ng ph\u00e1p d\u1eabn \u0111\u1ed9ng<\/td>\n<td style=\"width: 132.214%; height: 64px; text-align: center;\" colspan=\"10\" width=\"650\">\u0110i\u1ec1u khi\u1ec3n CNC, H\u1ec7 th\u1ed1ng l\u00e1i servo v\u00f2ng k\u00edn, C\u1ea7n \u0111i\u1ec1u khi\u1ec3n , \u0110i\u1ec1u khi\u1ec3n chu\u1ed9t ho\u1eb7c b\u00e0n ph\u00edm<\/td>\n<\/tr>\n<tr style=\"height: 43px;\">\n<td style=\"width: 9.64562%; height: 43px;\" colspan=\"2\" width=\"188\">C\u1ea3m bi\u1ebfn \u1ea3nh<\/td>\n<td style=\"width: 132.214%; height: 43px; text-align: center;\" colspan=\"10\" width=\"650\">HIKROBOT 1\/2&#8243; 1.3 MP CMOS Camera qu\u00e9t khu v\u1ef1c ( Pixel size 4.8\u00b5mx4.8\u00b5m)<\/td>\n<\/tr>\n<tr style=\"height: 43px;\">\n<td style=\"width: 3.71402%; height: 129px;\" rowspan=\"3\" width=\"131\">H\u1ec7 th\u1ed1ng chi\u1ebfu s\u00e1ng<\/td>\n<td style=\"width: 5.9316%; height: 43px;\" width=\"57\">Trong su\u1ed1t<\/td>\n<td style=\"width: 132.214%; height: 43px; text-align: center;\" colspan=\"10\" width=\"650\">\u00c1nh s\u00e1ng song song ph\u00eda d\u01b0\u1edbi LED<\/td>\n<\/tr>\n<tr style=\"height: 43px;\">\n<td style=\"width: 5.9316%; height: 43px;\" width=\"57\">\u0110\u00e8n v\u00f2ng<\/td>\n<td style=\"width: 132.214%; height: 43px; text-align: center;\" colspan=\"10\" width=\"650\">\u00c1nh s\u00e1ng b\u1ec1 m\u1eb7t v\u00f2ng LED 5 x 8 c\u00f3 th\u1ec3 l\u1eadp\u00a0 v\u1edbi con tr\u1ecf Laser<\/td>\n<\/tr>\n<tr style=\"height: 43px;\">\n<td style=\"width: 5.9316%; height: 43px;\" width=\"57\">\u0110\u1ed3ng tr\u1ee5c<\/td>\n<td style=\"width: 132.214%; height: 43px; text-align: center;\" colspan=\"10\" width=\"650\">\u0110\u00e8n LED \u0111\u1ed3ng tr\u1ee5c<\/td>\n<\/tr>\n<tr style=\"height: 43px;\">\n<td style=\"width: 9.64562%; height: 43px;\" colspan=\"2\" width=\"188\">\u1ed0ng k\u00ednh zoom<\/td>\n<td style=\"width: 132.214%; height: 43px; text-align: center;\" colspan=\"10\" width=\"650\">\u00a0POMEAS \u0110\u1ed9 ph\u00e2n gi\u1ea3i cao 6.5:1(0.7x~4.5x) \u1ed0ng k\u00ednh zoom c\u01a1 gi\u1edbi (Ph\u00f3ng \u0111\u1ea1i h\u00ecnh \u1ea3nh 28X~180X) Kho\u1ea3ng c\u00e1ch l\u00e0m vi\u1ec7c : 90mm<\/td>\n<\/tr>\n<tr style=\"height: 43px;\">\n<td style=\"width: 9.64562%; height: 43px;\" colspan=\"2\" width=\"188\">\u0110\u1ed9ng c\u01a1 Servo<\/td>\n<td style=\"width: 132.214%; height: 43px; text-align: center;\" colspan=\"10\" width=\"650\">\u0110\u1ed9ng c\u01a1 servo Panasonic ba tr\u1ee5c nguy\u00ean b\u1ea3n<\/td>\n<\/tr>\n<tr style=\"height: 43px;\">\n<td style=\"width: 9.64562%; height: 43px;\" colspan=\"2\" width=\"188\">H\u1ec7 th\u1ed1ng \u0111i\u1ec1u khi\u1ec3n<\/td>\n<td style=\"width: 132.214%; height: 43px; text-align: center;\" colspan=\"10\" width=\"650\">H\u1ec7 th\u1ed1ng \u0111i\u1ec1u khi\u1ec3n ch\u00ednh x\u00e1c ACT420<\/td>\n<\/tr>\n<tr style=\"height: 43px;\">\n<td style=\"width: 9.64562%; height: 43px;\" colspan=\"2\" width=\"188\">Ph\u1ea7n m\u1ec1m \u0111o l\u01b0\u1eddng<\/td>\n<td style=\"width: 132.214%; height: 43px; text-align: center;\" colspan=\"10\" width=\"650\">Ph\u1ea7n m\u1ec1m \u0111o l\u01b0\u1eddng INSPEC CNC<\/td>\n<\/tr>\n<tr style=\"height: 86px;\">\n<td style=\"width: 9.64562%; height: 86px;\" colspan=\"2\" width=\"188\">Kh\u1ea3 n\u0103ng ch\u1ed1ng ch\u1ecbu v\u1edbi m\u00f4i tr\u01b0\u1eddng<\/td>\n<td style=\"width: 132.214%; height: 86px; text-align: center;\" colspan=\"10\" width=\"650\">Nhi\u1ec7t \u0111\u1ed9 20\u00b0C\u00b13\u00b0C, nhi\u1ec7t \u0111\u1ed9 thay \u0111\u1ed5i &lt;2\u00b0C\/gi\u1edd, \u0111\u1ed9 \u1ea9m 30~80%<\/td>\n<\/tr>\n<tr style=\"height: 43px;\">\n<td style=\"width: 9.64562%; height: 43px;\" colspan=\"2\" width=\"188\">Ngu\u1ed3n \u0111i\u1ec7n cung c\u1ea5p<\/td>\n<td style=\"width: 132.214%; height: 43px; text-align: center;\" colspan=\"10\" width=\"650\">\u00a0220V\/50Hz\/5A<\/td>\n<\/tr>\n<\/tbody>\n<\/table>\n<p>Th\u00f4ng s\u1ed1 k\u1ef9 thu\u1eadt c\u00f3 th\u1ec3 thay \u0111\u1ed5i m\u00e0 <strong>kh\u00f4ng c\u1ea7n th\u00f4ng b\u00e1o tr\u01b0\u1edbc<\/strong> do tu s\u1eeda s\u1ea3n ph\u1ea9m, v.v.<\/p>\n<div id=\"col-1353163400\" class=\"col small-12 large-12\" data-animate=\"fadeInUp\" data-animated=\"true\">\n<h3 class=\"col-inner\">Chi ti\u1ebft s\u1ea3n ph\u1ea9m<\/h3>\n<table style=\"border-collapse: collapse; width: 100%;\">\n<tbody>\n<tr>\n<td style=\"width: 25%;\"><img loading=\"lazy\" decoding=\"async\" class=\"alignnone wp-image-456\" src=\"\/wp-content\/uploads\/2024\/01\/chi-tiet-Video-Measurement-System-SHK-VMS-G-Series-2.jpg\" alt=\"\" width=\"219\" height=\"311\" srcset=\"https:\/\/shkvina.vn\/wp-content\/uploads\/2024\/01\/chi-tiet-Video-Measurement-System-SHK-VMS-G-Series-2.jpg 141w, https:\/\/shkvina.vn\/wp-content\/uploads\/2024\/01\/chi-tiet-Video-Measurement-System-SHK-VMS-G-Series-2-8x12.jpg 8w\" sizes=\"auto, (max-width: 219px) 100vw, 219px\" \/><\/td>\n<td style=\"width: 25%;\"><img loading=\"lazy\" decoding=\"async\" class=\"alignnone wp-image-458\" src=\"\/wp-content\/uploads\/2024\/01\/Video-Measurement-System-SHK-VMS-G-Series.png\" alt=\"\" width=\"227\" height=\"308\" srcset=\"https:\/\/shkvina.vn\/wp-content\/uploads\/2024\/01\/Video-Measurement-System-SHK-VMS-G-Series.png 148w, https:\/\/shkvina.vn\/wp-content\/uploads\/2024\/01\/Video-Measurement-System-SHK-VMS-G-Series-9x12.png 9w\" sizes=\"auto, (max-width: 227px) 100vw, 227px\" \/><\/td>\n<td style=\"width: 25%;\"><img loading=\"lazy\" decoding=\"async\" class=\"alignnone wp-image-457\" src=\"o\/wp-content\/uploads\/2024\/01\/chi-tiet-Video-Measurement-System-SHK-VMS-G-Series-1.jpg\" alt=\"\" width=\"223\" height=\"307\" srcset=\"https:\/\/shkvina.vn\/wp-content\/uploads\/2024\/01\/chi-tiet-Video-Measurement-System-SHK-VMS-G-Series-1.jpg 146w, https:\/\/shkvina.vn\/wp-content\/uploads\/2024\/01\/chi-tiet-Video-Measurement-System-SHK-VMS-G-Series-1-9x12.jpg 9w\" sizes=\"auto, (max-width: 223px) 100vw, 223px\" \/><\/td>\n<td style=\"width: 25%;\"><img loading=\"lazy\" decoding=\"async\" class=\"alignnone wp-image-459\" src=\"\/wp-content\/uploads\/2024\/01\/chi-tiet-Video-Measurement-System-SHK-VMS-G-Series.jpg\" alt=\"\" width=\"223\" height=\"303\" srcset=\"https:\/\/shkvina.vn\/wp-content\/uploads\/2024\/01\/chi-tiet-Video-Measurement-System-SHK-VMS-G-Series.jpg 231w, https:\/\/shkvina.vn\/wp-content\/uploads\/2024\/01\/chi-tiet-Video-Measurement-System-SHK-VMS-G-Series-9x12.jpg 9w\" sizes=\"auto, (max-width: 223px) 100vw, 223px\" \/><\/td>\n<\/tr>\n<\/tbody>\n<\/table>\n<div><\/div>\n<\/div>\n\t\t<\/div>\n\t\t\t\t\t<\/div>\n\n\t\n<\/div>","protected":false},"excerpt":{"rendered":"<h3>Ph\u1ea1m vi \u0111o XY(mm):<\/h3>\n<ul>\n<li>VMS 542G : 500 x 400<\/li>\n<li>VMS 562G : 500 x 600<\/li>\n<li>VMS 682G : 600 x 800<\/li>\n<li>VMS 8102G : 800 x 1000<\/li>\n<li>VMS 1012G : 1000 x 1200<\/li>\n<li>VMS 1016G : 1000 x 1600<\/li>\n<li>VMS 1216G : 1200 x 1600<\/li>\n<li>VMS 1318G : 1300 x 1800<\/li>\n<li>VMS 1520G : 1500 x 2000<\/li>\n<li>VMS 1626G : 1600 x 2600<\/li>\n<\/ul>\n<p>(Ph\u1ea1m vi ti\u00eau chu\u1ea9n tr\u1ee5c Z : 200)<\/p>","protected":false},"featured_media":496,"comment_status":"open","ping_status":"closed","template":"","meta":[],"product_cat":[22],"product_tag":[],"class_list":["post-447","product","type-product","status-publish","has-post-thumbnail","hentry","product_cat-may-do-quang-hoc"],"yoast_head":"<!-- This site is optimized with the Yoast SEO Premium plugin v19.0.1 (Yoast SEO v20.8) - https:\/\/yoast.com\/wordpress\/plugins\/seo\/ -->\n<title>M\u00e1y \u0111o 2D\/3D SHK - GZ S\u00ea-ri VMS G - C\u00d4NG TY TNHH TH\u01af\u01a0NG M\u1ea0I SHK INT\u2019L<\/title>\n<meta name=\"robots\" content=\"noindex, follow, max-snippet:-1, max-image-preview:large, max-video-preview:-1\" \/>\n<meta property=\"og:locale\" content=\"en_US\" \/>\n<meta property=\"og:type\" content=\"article\" \/>\n<meta property=\"og:title\" content=\"M\u00e1y \u0111o 2D\/3D SHK - GZ S\u00ea-ri VMS G\" \/>\n<meta property=\"og:description\" content=\"Ph\u1ea1m vi \u0111o XY(mm):   VMS 542G : 500 x 400  VMS 562G : 500 x 600  VMS 682G : 600 x 800  VMS 8102G : 800 x 1000  VMS 1012G : 1000 x 1200  VMS 1016G : 1000 x 1600  VMS 1216G : 1200 x 1600  VMS 1318G : 1300 x 1800  VMS 1520G : 1500 x 2000  VMS 1626G : 1600 x 2600  (Ph\u1ea1m vi ti\u00eau chu\u1ea9n tr\u1ee5c Z : 200)\" \/>\n<meta property=\"og:url\" content=\"https:\/\/shkvina.vn\/en\/product\/may-do-2d-3d-shk-gz-se-ri-vms-g\/\" \/>\n<meta property=\"og:site_name\" content=\"C\u00d4NG TY TNHH TH\u01af\u01a0NG M\u1ea0I SHK INT\u2019L\" \/>\n<meta property=\"article:modified_time\" content=\"2025-04-13T01:43:42+00:00\" \/>\n<meta property=\"og:image\" content=\"https:\/\/shkvina.vn\/wp-content\/uploads\/2024\/01\/Video-Measurement-System-SHK-VMS-G-Series-CNC.png\" \/>\n\t<meta property=\"og:image:width\" content=\"1000\" \/>\n\t<meta property=\"og:image:height\" content=\"1000\" \/>\n\t<meta property=\"og:image:type\" content=\"image\/png\" \/>\n<meta name=\"twitter:card\" content=\"summary_large_image\" \/>\n<meta name=\"twitter:label1\" content=\"Est. reading time\" \/>\n\t<meta name=\"twitter:data1\" content=\"5 minutes\" \/>\n<script type=\"application\/ld+json\" class=\"yoast-schema-graph\">{\"@context\":\"https:\/\/schema.org\",\"@graph\":[{\"@type\":\"WebPage\",\"@id\":\"https:\/\/shkvina.vn\/san-pham\/may-do-2d-3d-shk-gz-se-ri-vms-g\",\"url\":\"https:\/\/shkvina.vn\/san-pham\/may-do-2d-3d-shk-gz-se-ri-vms-g\",\"name\":\"M\u00e1y \u0111o 2D\/3D SHK - GZ S\u00ea-ri VMS G - C\u00d4NG TY TNHH TH\u01af\u01a0NG M\u1ea0I SHK INT\u2019L\",\"isPartOf\":{\"@id\":\"https:\/\/shkvina.vn\/#website\"},\"datePublished\":\"2024-01-15T03:50:53+00:00\",\"dateModified\":\"2025-04-13T01:43:42+00:00\",\"breadcrumb\":{\"@id\":\"https:\/\/shkvina.vn\/san-pham\/may-do-2d-3d-shk-gz-se-ri-vms-g#breadcrumb\"},\"inLanguage\":\"en-US\",\"potentialAction\":[{\"@type\":\"ReadAction\",\"target\":[\"https:\/\/shkvina.vn\/san-pham\/may-do-2d-3d-shk-gz-se-ri-vms-g\"]}]},{\"@type\":\"BreadcrumbList\",\"@id\":\"https:\/\/shkvina.vn\/san-pham\/may-do-2d-3d-shk-gz-se-ri-vms-g#breadcrumb\",\"itemListElement\":[{\"@type\":\"ListItem\",\"position\":1,\"name\":\"Home\",\"item\":\"https:\/\/shkvina.vn\/\"},{\"@type\":\"ListItem\",\"position\":2,\"name\":\"C\u1eeda h\u00e0ng\",\"item\":\"https:\/\/shkvina.vn\/cua-hang\"},{\"@type\":\"ListItem\",\"position\":3,\"name\":\"M\u00e1y \u0111o 2D\/3D SHK &#8211; GZ S\u00ea-ri VMS G\"}]},{\"@type\":\"WebSite\",\"@id\":\"https:\/\/shkvina.vn\/#website\",\"url\":\"https:\/\/shkvina.vn\/\",\"name\":\"C\u00d4NG TY TNHH TH\u01af\u01a0NG M\u1ea0I SHK INT\u2019L\",\"description\":\"\",\"potentialAction\":[{\"@type\":\"SearchAction\",\"target\":{\"@type\":\"EntryPoint\",\"urlTemplate\":\"https:\/\/shkvina.vn\/?s={search_term_string}\"},\"query-input\":\"required name=search_term_string\"}],\"inLanguage\":\"en-US\"}]}<\/script>\n<!-- \/ Yoast SEO Premium plugin. -->","yoast_head_json":{"title":"M\u00e1y \u0111o 2D\/3D SHK - GZ S\u00ea-ri VMS G - C\u00d4NG TY TNHH TH\u01af\u01a0NG M\u1ea0I SHK INT\u2019L","robots":{"index":"noindex","follow":"follow","max-snippet":"max-snippet:-1","max-image-preview":"max-image-preview:large","max-video-preview":"max-video-preview:-1"},"og_locale":"en_US","og_type":"article","og_title":"M\u00e1y \u0111o 2D\/3D SHK - GZ S\u00ea-ri VMS G","og_description":"Ph\u1ea1m vi \u0111o XY(mm):   VMS 542G : 500 x 400  VMS 562G : 500 x 600  VMS 682G : 600 x 800  VMS 8102G : 800 x 1000  VMS 1012G : 1000 x 1200  VMS 1016G : 1000 x 1600  VMS 1216G : 1200 x 1600  VMS 1318G : 1300 x 1800  VMS 1520G : 1500 x 2000  VMS 1626G : 1600 x 2600  (Ph\u1ea1m vi ti\u00eau chu\u1ea9n tr\u1ee5c Z : 200)","og_url":"https:\/\/shkvina.vn\/en\/product\/may-do-2d-3d-shk-gz-se-ri-vms-g\/","og_site_name":"C\u00d4NG TY TNHH TH\u01af\u01a0NG M\u1ea0I SHK INT\u2019L","article_modified_time":"2025-04-13T01:43:42+00:00","og_image":[{"width":1000,"height":1000,"url":"https:\/\/shkvina.vn\/wp-content\/uploads\/2024\/01\/Video-Measurement-System-SHK-VMS-G-Series-CNC.png","type":"image\/png"}],"twitter_card":"summary_large_image","twitter_misc":{"Est. reading time":"5 minutes"},"schema":{"@context":"https:\/\/schema.org","@graph":[{"@type":"WebPage","@id":"https:\/\/shkvina.vn\/san-pham\/may-do-2d-3d-shk-gz-se-ri-vms-g","url":"https:\/\/shkvina.vn\/san-pham\/may-do-2d-3d-shk-gz-se-ri-vms-g","name":"M\u00e1y \u0111o 2D\/3D SHK - GZ S\u00ea-ri VMS G - C\u00d4NG TY TNHH TH\u01af\u01a0NG M\u1ea0I SHK INT\u2019L","isPartOf":{"@id":"https:\/\/shkvina.vn\/#website"},"datePublished":"2024-01-15T03:50:53+00:00","dateModified":"2025-04-13T01:43:42+00:00","breadcrumb":{"@id":"https:\/\/shkvina.vn\/san-pham\/may-do-2d-3d-shk-gz-se-ri-vms-g#breadcrumb"},"inLanguage":"en-US","potentialAction":[{"@type":"ReadAction","target":["https:\/\/shkvina.vn\/san-pham\/may-do-2d-3d-shk-gz-se-ri-vms-g"]}]},{"@type":"BreadcrumbList","@id":"https:\/\/shkvina.vn\/san-pham\/may-do-2d-3d-shk-gz-se-ri-vms-g#breadcrumb","itemListElement":[{"@type":"ListItem","position":1,"name":"Home","item":"https:\/\/shkvina.vn\/"},{"@type":"ListItem","position":2,"name":"C\u1eeda h\u00e0ng","item":"https:\/\/shkvina.vn\/cua-hang"},{"@type":"ListItem","position":3,"name":"M\u00e1y \u0111o 2D\/3D SHK &#8211; GZ S\u00ea-ri VMS G"}]},{"@type":"WebSite","@id":"https:\/\/shkvina.vn\/#website","url":"https:\/\/shkvina.vn\/","name":"C\u00d4NG TY TNHH TH\u01af\u01a0NG M\u1ea0I SHK INT\u2019L","description":"","potentialAction":[{"@type":"SearchAction","target":{"@type":"EntryPoint","urlTemplate":"https:\/\/shkvina.vn\/?s={search_term_string}"},"query-input":"required name=search_term_string"}],"inLanguage":"en-US"}]}},"_links":{"self":[{"href":"https:\/\/shkvina.vn\/en\/wp-json\/wp\/v2\/product\/447","targetHints":{"allow":["GET"]}}],"collection":[{"href":"https:\/\/shkvina.vn\/en\/wp-json\/wp\/v2\/product"}],"about":[{"href":"https:\/\/shkvina.vn\/en\/wp-json\/wp\/v2\/types\/product"}],"replies":[{"embeddable":true,"href":"https:\/\/shkvina.vn\/en\/wp-json\/wp\/v2\/comments?post=447"}],"wp:featuredmedia":[{"embeddable":true,"href":"https:\/\/shkvina.vn\/en\/wp-json\/wp\/v2\/media\/496"}],"wp:attachment":[{"href":"https:\/\/shkvina.vn\/en\/wp-json\/wp\/v2\/media?parent=447"}],"wp:term":[{"taxonomy":"product_cat","embeddable":true,"href":"https:\/\/shkvina.vn\/en\/wp-json\/wp\/v2\/product_cat?post=447"},{"taxonomy":"product_tag","embeddable":true,"href":"https:\/\/shkvina.vn\/en\/wp-json\/wp\/v2\/product_tag?post=447"}],"curies":[{"name":"wp","href":"https:\/\/api.w.org\/{rel}","templated":true}]}}