{"id":863,"date":"2024-01-31T15:02:14","date_gmt":"2024-01-31T15:02:14","guid":{"rendered":"https:\/\/shkvina.vn\/?page_id=863"},"modified":"2025-01-06T09:09:28","modified_gmt":"2025-01-06T09:09:28","slug":"dich-vu-khach-hang","status":"publish","type":"page","link":"https:\/\/shkvina.vn\/en\/dich-vu-khach-hang","title":{"rendered":"D\u1ecbch v\u1ee5 kh\u00e1ch h\u00e0ng"},"content":{"rendered":"<section class=\"section\" id=\"section_150694631\">\n\t\t<div class=\"bg section-bg fill bg-fill  bg-loaded\" >\n\n\t\t\t\n\t\t\t\n\t\t\t\n\n\t\t<\/div>\n\n\t\t\n\n\t\t<div class=\"section-content relative\">\n\t\t\t\n<div class=\"row\"  id=\"row-1278296099\">\n\n\t<div id=\"col-1662978739\" class=\"col small-12 large-12\"  >\n\t\t\t\t<div class=\"col-inner\"  >\n\t\t\t\n\t\t\t\n<h2><strong>D\u1ecbch v\u1ee5 kh\u00e1ch h\u00e0ng<\/strong><\/h2>\n<p>H\u00e3y \u0111\u1ec3 ch\u00fang t\u00f4i gi\u00fap b\u1ea1n t\u1eadn d\u1ee5ng t\u1ed1i \u0111a h\u1ec7 th\u1ed1ng c\u1ee7a m\u00ecnh!<\/p>\n<p>Nh\u00f3m h\u1ed7 tr\u1ee3 k\u1ef9 thu\u1eadt c\u1ee7a ch\u00fang t\u00f4i lu\u00f4n s\u1eb5n s\u00e0ng<\/p>\n<p>\u0110\u1ed9i ng\u0169 k\u1ef9 s\u01b0 c\u1ee7a ch\u00fang t\u00f4i bao g\u1ed3m 1% t\u00e0i n\u0103ng k\u1ef9 thu\u1eadt h\u00e0ng \u0111\u1ea7u trong ng\u00e0nh \u0111\u1ec3 \u0111\u1ea3m b\u1ea3o s\u1ef1 h\u00e0i l\u00f2ng c\u1ee7a kh\u00e1ch h\u00e0ng. M\u1ee5c \u0111\u00edch c\u1ee7a ch\u00fang t\u00f4i l\u00e0 t\u00ecm ra c\u00e1c gi\u1ea3i ph\u00e1p nhanh ch\u00f3ng v\u00e0 t\u1ed1i \u01b0u cho b\u1ea5t k\u1ef3 th\u00e1ch th\u1ee9c n\u00e0o b\u1ea1n c\u00f3 th\u1ec3 g\u1eb7p ph\u1ea3i v\u1edbi h\u1ec7 th\u1ed1ng \u0111o l\u01b0\u1eddng c\u1ee7a m\u00ecnh.<\/p>\n<ul>\n<li>Nh\u00f3m c\u1ee7a ch\u00fang t\u00f4i s\u1ebd c\u00f3 th\u1ec3 tr\u1ea3 l\u1eddi y\u00eau c\u1ea7u c\u1ee7a b\u1ea1n trong v\u00f2ng 24 gi\u1edd v\u00e0o c\u00e1c ng\u00e0y l\u00e0m vi\u1ec7c.<\/li>\n<li>Ch\u00fang t\u00f4i c\u0169ng cung c\u1ea5p d\u1ecbch v\u1ee5 kh\u1ea9n c\u1ea5p, s\u1eb5n s\u00e0ng 24\/7\/365 ng\u00e0y.<\/li>\n<li>Xin l\u01b0u \u00fd r\u1eb1ng th\u1eddi gian ph\u1ea3n h\u1ed3i c\u00f3 th\u1ec3 b\u1ecb tr\u00ec ho\u00e3n trong kh\u1ed1i l\u01b0\u1ee3ng y\u00eau c\u1ea7u \u0111\u1eb7c bi\u1ec7t cao, c\u00e1c s\u1ef1 ki\u1ec7n c\u1ee7a c\u00f4ng ty ho\u1eb7c c\u00e1c ng\u00e0y l\u1ec5 quan tr\u1ecdng c\u1ee7a Vi\u1ec7t Nam.<\/li>\n<li>Gi\u1ea3i quy\u1ebft v\u1ea5n \u0111\u1ec1 v\u00e0 cung c\u1ea5p \u0111\u00e0o t\u1ea1o qua k\u1ebft n\u1ed1i t\u1eeb xa.<\/li>\n<\/ul>\n<div class=\"row\"  id=\"row-1200227236\">\n\n\t<div id=\"col-798115831\" class=\"col medium-6 small-12 large-6\"  >\n\t\t\t\t<div class=\"col-inner\"  >\n\t\t\t\n\t\t\t\n\t<div class=\"img has-hover x md-x lg-x y md-y lg-y\" id=\"image_117166477\">\n\t\t\t\t\t\t\t\t<div class=\"img-inner dark\" >\n\t\t\t<img loading=\"lazy\" decoding=\"async\" width=\"392\" height=\"630\" src=\"https:\/\/shkvina.vn\/wp-content\/uploads\/2024\/02\/12.png\" class=\"attachment-original size-original\" alt=\"\" srcset=\"https:\/\/shkvina.vn\/wp-content\/uploads\/2024\/02\/12.png 392w, https:\/\/shkvina.vn\/wp-content\/uploads\/2024\/02\/12-7x12.png 7w\" sizes=\"auto, (max-width: 392px) 100vw, 392px\" \/>\t\t\t\t\t\t\n\t\t\t\t\t<\/div>\n\t\t\t\t\t\t\t\t\n<style>\n#image_117166477 {\n  width: 100%;\n}\n<\/style>\n\t<\/div>\n\t\n\t\t<\/div>\n\t\t\t\t\t<\/div>\n\n\t\n\n\t<div id=\"col-1317631363\" class=\"col medium-6 small-12 large-6\"  >\n\t\t\t\t<div class=\"col-inner\"  >\n\t\t\t\n\t\t\t\n\t<div class=\"img has-hover x md-x lg-x y md-y lg-y\" id=\"image_845531513\">\n\t\t\t\t\t\t\t\t<div class=\"img-inner dark\" >\n\t\t\t<img loading=\"lazy\" decoding=\"async\" width=\"855\" height=\"632\" src=\"https:\/\/shkvina.vn\/wp-content\/uploads\/2024\/02\/14.png\" class=\"attachment-original size-original\" alt=\"\" srcset=\"https:\/\/shkvina.vn\/wp-content\/uploads\/2024\/02\/14.png 855w, https:\/\/shkvina.vn\/wp-content\/uploads\/2024\/02\/14-800x591.png 800w, https:\/\/shkvina.vn\/wp-content\/uploads\/2024\/02\/14-768x568.png 768w, https:\/\/shkvina.vn\/wp-content\/uploads\/2024\/02\/14-16x12.png 16w\" sizes=\"auto, (max-width: 855px) 100vw, 855px\" \/>\t\t\t\t\t\t\n\t\t\t\t\t<\/div>\n\t\t\t\t\t\t\t\t\n<style>\n#image_845531513 {\n  width: 100%;\n}\n<\/style>\n\t<\/div>\n\t\n\t<div class=\"img has-hover x md-x lg-x y md-y lg-y\" id=\"image_1969992396\">\n\t\t\t\t\t\t\t\t<div class=\"img-inner image-cover dark\" style=\"padding-top:84%;\">\n\t\t\t<img loading=\"lazy\" decoding=\"async\" width=\"960\" height=\"1280\" src=\"https:\/\/shkvina.vn\/wp-content\/uploads\/2024\/02\/z5125187782820_1f743aad525516f1fa3a26c113306e96.jpg\" class=\"attachment-original size-original\" alt=\"\" srcset=\"https:\/\/shkvina.vn\/wp-content\/uploads\/2024\/02\/z5125187782820_1f743aad525516f1fa3a26c113306e96.jpg 960w, https:\/\/shkvina.vn\/wp-content\/uploads\/2024\/02\/z5125187782820_1f743aad525516f1fa3a26c113306e96-800x1067.jpg 800w, https:\/\/shkvina.vn\/wp-content\/uploads\/2024\/02\/z5125187782820_1f743aad525516f1fa3a26c113306e96-768x1024.jpg 768w, https:\/\/shkvina.vn\/wp-content\/uploads\/2024\/02\/z5125187782820_1f743aad525516f1fa3a26c113306e96-9x12.jpg 9w\" sizes=\"auto, (max-width: 960px) 100vw, 960px\" \/>\t\t\t\t\t\t\n\t\t\t\t\t<\/div>\n\t\t\t\t\t\t\t\t\n<style>\n#image_1969992396 {\n  width: 100%;\n}\n<\/style>\n\t<\/div>\n\t\n\t\t<\/div>\n\t\t\t\t\t<\/div>\n\n\t\n<\/div>\n<p>B\u1ea1n lu\u00f4n c\u00f3 th\u1ec3 li\u00ean h\u1ec7 v\u1edbi nh\u00f3m d\u1ecbch v\u1ee5 c\u1ee7a ch\u00fang t\u00f4i tr\u00ean \u0111i\u1ec7n tho\u1ea1i kh\u1ea9n c\u1ea5p c\u1ee7a ch\u00fang t\u00f4i.<\/p>\n\t\t<\/div>\n\t\t\t\t\t<\/div>\n\n\t\n<\/div>\n<div class=\"row align-center\"  id=\"row-1519334460\">\n\n\t<div id=\"col-1336429428\" class=\"col medium-3 small-12 large-3\"  >\n\t\t\t\t<div class=\"col-inner\"  >\n\t\t\t\n\t\t\t\n\t<div class=\"img has-hover x md-x lg-x y md-y lg-y\" id=\"image_493554930\">\n\t\t\t\t\t\t\t\t<div class=\"img-inner dark\" >\n\t\t\t<img loading=\"lazy\" decoding=\"async\" width=\"310\" height=\"435\" src=\"https:\/\/shkvina.vn\/wp-content\/uploads\/2024\/01\/support.png\" class=\"attachment-original size-original\" alt=\"\" srcset=\"https:\/\/shkvina.vn\/wp-content\/uploads\/2024\/01\/support.png 310w, https:\/\/shkvina.vn\/wp-content\/uploads\/2024\/01\/support-9x12.png 9w\" sizes=\"auto, (max-width: 310px) 100vw, 310px\" \/>\t\t\t\t\t\t\n\t\t\t\t\t<\/div>\n\t\t\t\t\t\t\t\t\n<style>\n#image_493554930 {\n  width: 100%;\n}\n<\/style>\n\t<\/div>\n\t\n\t\t<\/div>\n\t\t\t\t\t<\/div>\n\n\t\n\n\t<div id=\"col-1685442757\" class=\"col medium-7 small-12 large-7\"  >\n\t\t\t\t<div class=\"col-inner\"  >\n\t\t\t\n\t\t\t\n\t<div class=\"img has-hover x md-x lg-x y md-y lg-y\" id=\"image_2133830440\">\n\t\t\t\t\t\t\t\t<div class=\"img-inner dark\" >\n\t\t\t<img loading=\"lazy\" decoding=\"async\" width=\"754\" height=\"414\" src=\"https:\/\/shkvina.vn\/wp-content\/uploads\/2025\/01\/Your-paragraph-text.png\" class=\"attachment-original size-original\" alt=\"\" srcset=\"https:\/\/shkvina.vn\/wp-content\/uploads\/2025\/01\/Your-paragraph-text.png 754w, https:\/\/shkvina.vn\/wp-content\/uploads\/2025\/01\/Your-paragraph-text-18x10.png 18w\" sizes=\"auto, (max-width: 754px) 100vw, 754px\" \/>\t\t\t\t\t\t\n\t\t\t\t\t<\/div>\n\t\t\t\t\t\t\t\t\n<style>\n#image_2133830440 {\n  width: 100%;\n}\n<\/style>\n\t<\/div>\n\t\n\t\t<\/div>\n\t\t\t\t\t<\/div>\n\n\t\n<\/div>\n\t\t<\/div>\n\n\t\t\n<style>\n#section_150694631 {\n  padding-top: 30px;\n  padding-bottom: 30px;\n}\n#section_150694631 .ux-shape-divider--top svg {\n  height: 150px;\n  --divider-top-width: 100%;\n}\n#section_150694631 .ux-shape-divider--bottom svg {\n  height: 150px;\n  --divider-width: 100%;\n}\n<\/style>\n\t<\/section>","protected":false},"excerpt":{"rendered":"","protected":false},"author":2,"featured_media":0,"parent":0,"menu_order":0,"comment_status":"closed","ping_status":"closed","template":"page-blank.php","meta":{"footnotes":""},"class_list":["post-863","page","type-page","status-publish","hentry"],"yoast_head":"<!-- This site is optimized with the Yoast SEO Premium plugin v19.0.1 (Yoast SEO v20.8) - https:\/\/yoast.com\/wordpress\/plugins\/seo\/ -->\n<title>D\u1ecbch v\u1ee5 kh\u00e1ch h\u00e0ng - C\u00d4NG TY TNHH TH\u01af\u01a0NG M\u1ea0I SHK INT\u2019L<\/title>\n<meta name=\"robots\" content=\"noindex, follow, max-snippet:-1, max-image-preview:large, max-video-preview:-1\" \/>\n<meta property=\"og:locale\" content=\"en_US\" \/>\n<meta property=\"og:type\" content=\"article\" \/>\n<meta property=\"og:title\" content=\"D\u1ecbch v\u1ee5 kh\u00e1ch h\u00e0ng\" \/>\n<meta property=\"og:url\" content=\"https:\/\/shkvina.vn\/en\/dich-vu-khach-hang\/\" \/>\n<meta property=\"og:site_name\" content=\"C\u00d4NG TY TNHH TH\u01af\u01a0NG M\u1ea0I SHK INT\u2019L\" \/>\n<meta property=\"article:modified_time\" content=\"2025-01-06T09:09:28+00:00\" \/>\n<meta name=\"twitter:card\" content=\"summary_large_image\" \/>\n<script type=\"application\/ld+json\" class=\"yoast-schema-graph\">{\"@context\":\"https:\/\/schema.org\",\"@graph\":[{\"@type\":\"WebPage\",\"@id\":\"https:\/\/shkvina.vn\/dich-vu-khach-hang\",\"url\":\"https:\/\/shkvina.vn\/dich-vu-khach-hang\",\"name\":\"D\u1ecbch v\u1ee5 kh\u00e1ch h\u00e0ng - C\u00d4NG TY TNHH TH\u01af\u01a0NG M\u1ea0I SHK INT\u2019L\",\"isPartOf\":{\"@id\":\"https:\/\/shkvina.vn\/#website\"},\"datePublished\":\"2024-01-31T15:02:14+00:00\",\"dateModified\":\"2025-01-06T09:09:28+00:00\",\"breadcrumb\":{\"@id\":\"https:\/\/shkvina.vn\/dich-vu-khach-hang#breadcrumb\"},\"inLanguage\":\"en-US\",\"potentialAction\":[{\"@type\":\"ReadAction\",\"target\":[\"https:\/\/shkvina.vn\/dich-vu-khach-hang\"]}]},{\"@type\":\"BreadcrumbList\",\"@id\":\"https:\/\/shkvina.vn\/dich-vu-khach-hang#breadcrumb\",\"itemListElement\":[{\"@type\":\"ListItem\",\"position\":1,\"name\":\"Home\",\"item\":\"https:\/\/shkvina.vn\/\"},{\"@type\":\"ListItem\",\"position\":2,\"name\":\"D\u1ecbch v\u1ee5 kh\u00e1ch h\u00e0ng\"}]},{\"@type\":\"WebSite\",\"@id\":\"https:\/\/shkvina.vn\/#website\",\"url\":\"https:\/\/shkvina.vn\/\",\"name\":\"C\u00d4NG TY TNHH TH\u01af\u01a0NG M\u1ea0I SHK INT\u2019L\",\"description\":\"\",\"potentialAction\":[{\"@type\":\"SearchAction\",\"target\":{\"@type\":\"EntryPoint\",\"urlTemplate\":\"https:\/\/shkvina.vn\/?s={search_term_string}\"},\"query-input\":\"required name=search_term_string\"}],\"inLanguage\":\"en-US\"}]}<\/script>\n<!-- \/ Yoast SEO Premium plugin. -->","yoast_head_json":{"title":"D\u1ecbch v\u1ee5 kh\u00e1ch h\u00e0ng - C\u00d4NG TY TNHH TH\u01af\u01a0NG M\u1ea0I SHK INT\u2019L","robots":{"index":"noindex","follow":"follow","max-snippet":"max-snippet:-1","max-image-preview":"max-image-preview:large","max-video-preview":"max-video-preview:-1"},"og_locale":"en_US","og_type":"article","og_title":"D\u1ecbch v\u1ee5 kh\u00e1ch h\u00e0ng","og_url":"https:\/\/shkvina.vn\/en\/dich-vu-khach-hang\/","og_site_name":"C\u00d4NG TY TNHH TH\u01af\u01a0NG M\u1ea0I SHK INT\u2019L","article_modified_time":"2025-01-06T09:09:28+00:00","twitter_card":"summary_large_image","schema":{"@context":"https:\/\/schema.org","@graph":[{"@type":"WebPage","@id":"https:\/\/shkvina.vn\/dich-vu-khach-hang","url":"https:\/\/shkvina.vn\/dich-vu-khach-hang","name":"D\u1ecbch v\u1ee5 kh\u00e1ch h\u00e0ng - C\u00d4NG TY TNHH TH\u01af\u01a0NG M\u1ea0I SHK INT\u2019L","isPartOf":{"@id":"https:\/\/shkvina.vn\/#website"},"datePublished":"2024-01-31T15:02:14+00:00","dateModified":"2025-01-06T09:09:28+00:00","breadcrumb":{"@id":"https:\/\/shkvina.vn\/dich-vu-khach-hang#breadcrumb"},"inLanguage":"en-US","potentialAction":[{"@type":"ReadAction","target":["https:\/\/shkvina.vn\/dich-vu-khach-hang"]}]},{"@type":"BreadcrumbList","@id":"https:\/\/shkvina.vn\/dich-vu-khach-hang#breadcrumb","itemListElement":[{"@type":"ListItem","position":1,"name":"Home","item":"https:\/\/shkvina.vn\/"},{"@type":"ListItem","position":2,"name":"D\u1ecbch v\u1ee5 kh\u00e1ch h\u00e0ng"}]},{"@type":"WebSite","@id":"https:\/\/shkvina.vn\/#website","url":"https:\/\/shkvina.vn\/","name":"C\u00d4NG TY TNHH TH\u01af\u01a0NG M\u1ea0I SHK INT\u2019L","description":"","potentialAction":[{"@type":"SearchAction","target":{"@type":"EntryPoint","urlTemplate":"https:\/\/shkvina.vn\/?s={search_term_string}"},"query-input":"required name=search_term_string"}],"inLanguage":"en-US"}]}},"_links":{"self":[{"href":"https:\/\/shkvina.vn\/en\/wp-json\/wp\/v2\/pages\/863","targetHints":{"allow":["GET"]}}],"collection":[{"href":"https:\/\/shkvina.vn\/en\/wp-json\/wp\/v2\/pages"}],"about":[{"href":"https:\/\/shkvina.vn\/en\/wp-json\/wp\/v2\/types\/page"}],"author":[{"embeddable":true,"href":"https:\/\/shkvina.vn\/en\/wp-json\/wp\/v2\/users\/2"}],"replies":[{"embeddable":true,"href":"https:\/\/shkvina.vn\/en\/wp-json\/wp\/v2\/comments?post=863"}],"version-history":[{"count":19,"href":"https:\/\/shkvina.vn\/en\/wp-json\/wp\/v2\/pages\/863\/revisions"}],"predecessor-version":[{"id":998,"href":"https:\/\/shkvina.vn\/en\/wp-json\/wp\/v2\/pages\/863\/revisions\/998"}],"wp:attachment":[{"href":"https:\/\/shkvina.vn\/en\/wp-json\/wp\/v2\/media?parent=863"}],"curies":[{"name":"wp","href":"https:\/\/api.w.org\/{rel}","templated":true}]}}