{"id":861,"date":"2024-01-31T15:01:46","date_gmt":"2024-01-31T15:01:46","guid":{"rendered":"https:\/\/shkvina.vn\/?page_id=861"},"modified":"2024-02-01T01:18:15","modified_gmt":"2024-02-01T01:18:15","slug":"khach-hang-cua-chung-toi","status":"publish","type":"page","link":"https:\/\/shkvina.vn\/en\/khach-hang-cua-chung-toi","title":{"rendered":"Kh\u00e1ch h\u00e0ng c\u1ee7a ch\u00fang t\u00f4i"},"content":{"rendered":"<section class=\"section\" id=\"section_182737027\">\n\t\t<div class=\"bg section-bg fill bg-fill  bg-loaded\" >\n\n\t\t\t\n\t\t\t\n\t\t\t\n\n\t\t<\/div>\n\n\t\t\n\n\t\t<div class=\"section-content relative\">\n\t\t\t\n<div class=\"row\"  id=\"row-1432564789\">\n\n\t<div id=\"col-586954706\" class=\"col small-12 large-12\"  >\n\t\t\t\t<div class=\"col-inner\"  >\n\t\t\t\n\t\t\t\n<h2><strong>Kh\u00e1ch h\u00e0ng c\u1ee7a ch\u00fang t\u00f4i<\/strong><\/h2>\n\t<div class=\"img has-hover x md-x lg-x y md-y lg-y\" id=\"image_1368788793\">\n\t\t\t\t\t\t\t\t<div class=\"img-inner dark\" >\n\t\t\t<img loading=\"lazy\" decoding=\"async\" width=\"764\" height=\"907\" src=\"https:\/\/shkvina.vn\/wp-content\/uploads\/2024\/02\/z5125175881392_09a97695878492843e3f1bfbf83af2c1-1.jpg\" class=\"attachment-original size-original\" alt=\"\" srcset=\"https:\/\/shkvina.vn\/wp-content\/uploads\/2024\/02\/z5125175881392_09a97695878492843e3f1bfbf83af2c1-1.jpg 764w, https:\/\/shkvina.vn\/wp-content\/uploads\/2024\/02\/z5125175881392_09a97695878492843e3f1bfbf83af2c1-1-10x12.jpg 10w\" sizes=\"auto, (max-width: 764px) 100vw, 764px\" \/>\t\t\t\t\t\t\n\t\t\t\t\t<\/div>\n\t\t\t\t\t\t\t\t\n<style>\n#image_1368788793 {\n  width: 100%;\n}\n<\/style>\n\t<\/div>\n\t\n\t\t<\/div>\n\t\t\t\t\t<\/div>\n\n\t\n<\/div>\n\t\t<\/div>\n\n\t\t\n<style>\n#section_182737027 {\n  padding-top: 30px;\n  padding-bottom: 30px;\n}\n#section_182737027 .ux-shape-divider--top svg {\n  height: 150px;\n  --divider-top-width: 100%;\n}\n#section_182737027 .ux-shape-divider--bottom svg {\n  height: 150px;\n  --divider-width: 100%;\n}\n<\/style>\n\t<\/section>","protected":false},"excerpt":{"rendered":"","protected":false},"author":2,"featured_media":0,"parent":0,"menu_order":0,"comment_status":"closed","ping_status":"closed","template":"page-blank.php","meta":{"footnotes":""},"class_list":["post-861","page","type-page","status-publish","hentry"],"yoast_head":"<!-- This site is optimized with the Yoast SEO Premium plugin v19.0.1 (Yoast SEO v20.8) - https:\/\/yoast.com\/wordpress\/plugins\/seo\/ -->\n<title>Kh\u00e1ch h\u00e0ng c\u1ee7a ch\u00fang t\u00f4i - C\u00d4NG TY TNHH TH\u01af\u01a0NG M\u1ea0I SHK INT\u2019L<\/title>\n<meta name=\"robots\" content=\"noindex, follow, max-snippet:-1, max-image-preview:large, max-video-preview:-1\" \/>\n<meta property=\"og:locale\" content=\"en_US\" \/>\n<meta property=\"og:type\" content=\"article\" \/>\n<meta property=\"og:title\" content=\"Kh\u00e1ch h\u00e0ng c\u1ee7a ch\u00fang t\u00f4i\" \/>\n<meta property=\"og:url\" content=\"https:\/\/shkvina.vn\/en\/khach-hang-cua-chung-toi\/\" \/>\n<meta property=\"og:site_name\" content=\"C\u00d4NG TY TNHH TH\u01af\u01a0NG M\u1ea0I SHK INT\u2019L\" \/>\n<meta property=\"article:modified_time\" content=\"2024-02-01T01:18:15+00:00\" \/>\n<meta name=\"twitter:card\" content=\"summary_large_image\" \/>\n<script type=\"application\/ld+json\" class=\"yoast-schema-graph\">{\"@context\":\"https:\/\/schema.org\",\"@graph\":[{\"@type\":\"WebPage\",\"@id\":\"https:\/\/shkvina.vn\/khach-hang-cua-chung-toi\",\"url\":\"https:\/\/shkvina.vn\/khach-hang-cua-chung-toi\",\"name\":\"Kh\u00e1ch h\u00e0ng c\u1ee7a ch\u00fang t\u00f4i - C\u00d4NG TY TNHH TH\u01af\u01a0NG M\u1ea0I SHK INT\u2019L\",\"isPartOf\":{\"@id\":\"https:\/\/shkvina.vn\/#website\"},\"datePublished\":\"2024-01-31T15:01:46+00:00\",\"dateModified\":\"2024-02-01T01:18:15+00:00\",\"breadcrumb\":{\"@id\":\"https:\/\/shkvina.vn\/khach-hang-cua-chung-toi#breadcrumb\"},\"inLanguage\":\"en-US\",\"potentialAction\":[{\"@type\":\"ReadAction\",\"target\":[\"https:\/\/shkvina.vn\/khach-hang-cua-chung-toi\"]}]},{\"@type\":\"BreadcrumbList\",\"@id\":\"https:\/\/shkvina.vn\/khach-hang-cua-chung-toi#breadcrumb\",\"itemListElement\":[{\"@type\":\"ListItem\",\"position\":1,\"name\":\"Home\",\"item\":\"https:\/\/shkvina.vn\/\"},{\"@type\":\"ListItem\",\"position\":2,\"name\":\"Kh\u00e1ch h\u00e0ng c\u1ee7a ch\u00fang t\u00f4i\"}]},{\"@type\":\"WebSite\",\"@id\":\"https:\/\/shkvina.vn\/#website\",\"url\":\"https:\/\/shkvina.vn\/\",\"name\":\"C\u00d4NG TY TNHH TH\u01af\u01a0NG M\u1ea0I SHK INT\u2019L\",\"description\":\"\",\"potentialAction\":[{\"@type\":\"SearchAction\",\"target\":{\"@type\":\"EntryPoint\",\"urlTemplate\":\"https:\/\/shkvina.vn\/?s={search_term_string}\"},\"query-input\":\"required name=search_term_string\"}],\"inLanguage\":\"en-US\"}]}<\/script>\n<!-- \/ Yoast SEO Premium plugin. -->","yoast_head_json":{"title":"Kh\u00e1ch h\u00e0ng c\u1ee7a ch\u00fang t\u00f4i - C\u00d4NG TY TNHH TH\u01af\u01a0NG M\u1ea0I SHK INT\u2019L","robots":{"index":"noindex","follow":"follow","max-snippet":"max-snippet:-1","max-image-preview":"max-image-preview:large","max-video-preview":"max-video-preview:-1"},"og_locale":"en_US","og_type":"article","og_title":"Kh\u00e1ch h\u00e0ng c\u1ee7a ch\u00fang t\u00f4i","og_url":"https:\/\/shkvina.vn\/en\/khach-hang-cua-chung-toi\/","og_site_name":"C\u00d4NG TY TNHH TH\u01af\u01a0NG M\u1ea0I SHK INT\u2019L","article_modified_time":"2024-02-01T01:18:15+00:00","twitter_card":"summary_large_image","schema":{"@context":"https:\/\/schema.org","@graph":[{"@type":"WebPage","@id":"https:\/\/shkvina.vn\/khach-hang-cua-chung-toi","url":"https:\/\/shkvina.vn\/khach-hang-cua-chung-toi","name":"Kh\u00e1ch h\u00e0ng c\u1ee7a ch\u00fang t\u00f4i - C\u00d4NG TY TNHH TH\u01af\u01a0NG M\u1ea0I SHK INT\u2019L","isPartOf":{"@id":"https:\/\/shkvina.vn\/#website"},"datePublished":"2024-01-31T15:01:46+00:00","dateModified":"2024-02-01T01:18:15+00:00","breadcrumb":{"@id":"https:\/\/shkvina.vn\/khach-hang-cua-chung-toi#breadcrumb"},"inLanguage":"en-US","potentialAction":[{"@type":"ReadAction","target":["https:\/\/shkvina.vn\/khach-hang-cua-chung-toi"]}]},{"@type":"BreadcrumbList","@id":"https:\/\/shkvina.vn\/khach-hang-cua-chung-toi#breadcrumb","itemListElement":[{"@type":"ListItem","position":1,"name":"Home","item":"https:\/\/shkvina.vn\/"},{"@type":"ListItem","position":2,"name":"Kh\u00e1ch h\u00e0ng c\u1ee7a ch\u00fang t\u00f4i"}]},{"@type":"WebSite","@id":"https:\/\/shkvina.vn\/#website","url":"https:\/\/shkvina.vn\/","name":"C\u00d4NG TY TNHH TH\u01af\u01a0NG M\u1ea0I SHK INT\u2019L","description":"","potentialAction":[{"@type":"SearchAction","target":{"@type":"EntryPoint","urlTemplate":"https:\/\/shkvina.vn\/?s={search_term_string}"},"query-input":"required name=search_term_string"}],"inLanguage":"en-US"}]}},"_links":{"self":[{"href":"https:\/\/shkvina.vn\/en\/wp-json\/wp\/v2\/pages\/861","targetHints":{"allow":["GET"]}}],"collection":[{"href":"https:\/\/shkvina.vn\/en\/wp-json\/wp\/v2\/pages"}],"about":[{"href":"https:\/\/shkvina.vn\/en\/wp-json\/wp\/v2\/types\/page"}],"author":[{"embeddable":true,"href":"https:\/\/shkvina.vn\/en\/wp-json\/wp\/v2\/users\/2"}],"replies":[{"embeddable":true,"href":"https:\/\/shkvina.vn\/en\/wp-json\/wp\/v2\/comments?post=861"}],"version-history":[{"count":6,"href":"https:\/\/shkvina.vn\/en\/wp-json\/wp\/v2\/pages\/861\/revisions"}],"predecessor-version":[{"id":897,"href":"https:\/\/shkvina.vn\/en\/wp-json\/wp\/v2\/pages\/861\/revisions\/897"}],"wp:attachment":[{"href":"https:\/\/shkvina.vn\/en\/wp-json\/wp\/v2\/media?parent=861"}],"curies":[{"name":"wp","href":"https:\/\/api.w.org\/{rel}","templated":true}]}}