{"id":287,"date":"2024-01-03T08:54:47","date_gmt":"2024-01-03T08:54:47","guid":{"rendered":"https:\/\/1.duyanhweb.info\/?page_id=287"},"modified":"2025-07-03T03:50:11","modified_gmt":"2025-07-03T03:50:11","slug":"hang-chotest","status":"publish","type":"page","link":"https:\/\/shkvina.vn\/en\/hang-chotest","title":{"rendered":"HEROJE"},"content":{"rendered":"<section class=\"section\" id=\"section_1735818512\">\n\t\t<div class=\"bg section-bg fill bg-fill  bg-loaded\" >\n\n\t\t\t\n\t\t\t\n\t\t\t\n\n\t\t<\/div>\n\n\t\t\n\n\t\t<div class=\"section-content relative\">\n\t\t\t\n<div class=\"row\"  id=\"row-1660791719\">\n\n\t<div id=\"col-1971050829\" class=\"col small-12 large-12\"  >\n\t\t\t\t<div class=\"col-inner\"  >\n\t\t\t\n\t\t\t\n<h3 style=\"text-align: justify;\"><strong>V\u1ec0 CH\u00daNG T\u00d4I<\/strong><\/h3>\n\t\t<\/div>\n\t\t\t\t\t<\/div>\n\n\t\n\n\t<div id=\"col-832835927\" class=\"col medium-6 small-12 large-6\"  >\n\t\t\t\t<div class=\"col-inner\"  >\n\t\t\t\n\t\t\t\n<p>HEROJE CO.,LTD l\u00e0 nh\u00e0 cung c\u1ea5p gi\u1ea3i ph\u00e1p v\u00e0 d\u1ecbch v\u1ee5 to\u00e0n di\u1ec7n v\u1ec1 c\u00e1c s\u1ea3n ph\u1ea9m thu th\u1eadp d\u1eef li\u1ec7u v\u00e0 nh\u1eadn d\u1ea1ng h\u00ecnh \u1ea3nh\u00a0 t\u1ea1i Trung Qu\u1ed1c. Ch\u00fang t\u00f4i \u0111\u00e3 t\u1eadp trung v\u00e0o t\u1ef1 \u0111\u1ed9ng h\u00f3a c\u00f4ng nghi\u1ec7p v\u00e0 t\u1ef1 \u0111\u1ed9ng h\u00f3a h\u1eadu c\u1ea7n v\u00e0 c\u00e1c l\u0129nh v\u1ef1c li\u00ean quan kh\u00e1c. Chuy\u00ean v\u1ec1 R&amp;D, s\u1ea3n xu\u1ea5t v\u00e0 kinh doanh \u0111\u1ea7u \u0111\u1ecdc m\u00e3 c\u00f4ng nghi\u1ec7p, c\u1ea3m bi\u1ebfn \u0111o l\u01b0\u1eddng 3D, h\u1ec7 th\u1ed1ng th\u1ecb gi\u00e1c m\u00e1y v\u00e0 c\u1ea3m bi\u1ebfn d\u1ecbch chuy\u1ec3n laser.<\/p>\n<p>Nh\u00f3m s\u00e1ng l\u1eadp HEROJE \u0111\u00e3 c\u1ed1ng hi\u1ebfn cho nghi\u00ean c\u1ee9u v\u1ec1 c\u00f4ng ngh\u1ec7 ph\u00e2n t\u00edch v\u00e0 nh\u1eadn d\u1ea1ng h\u00ecnh \u1ea3nh v\u00e0 \u0111\u1ed3 h\u1ecda trong h\u01a1n m\u1ed9t th\u1eadp k\u1ef7. K\u1ec3 t\u1eeb khi c\u00f4ng ty ho\u1ea1t \u0111\u1ed9ng \u0111\u1ed9c l\u1eadp v\u1edbi c\u00f4ng ty m\u1eb9 v\u00e0o n\u0103m 2014, ch\u00fang t\u00f4i \u0111\u00e3 ch\u00fa \u00fd v\u00e0 kh\u00e1m ph\u00e1 c\u00e1c c\u00f4ng ngh\u1ec7 ti\u00ean ti\u1ebfn trong ng\u00e0nh to\u00e0n c\u1ea7u, \u0111\u1ed3ng th\u1eddi li\u00ean t\u1ee5c th\u00fac \u0111\u1ea9y s\u1ea3n xu\u1ea5t trong n\u01b0\u1edbc c\u00e1c s\u1ea3n ph\u1ea9m \u0111\u1ed3 h\u1ecda v\u00e0 nh\u1eadn d\u1ea1ng h\u00ecnh \u1ea3nh cao c\u1ea5p.\u00a0<\/p>\n<p>\u00a0<\/p>\n<p>Ch\u00fang t\u00f4i r\u1ea5t vui m\u1eebng khi ch\u1ee9ng ki\u1ebfn \u200b\u200bs\u1ef1 th\u00e0nh c\u00f4ng c\u1ee7a kh\u00e1ch h\u00e0ng v\u00e0 \u0111\u1ed1i t\u00e1c nhi\u1ec1u l\u1ea7n, \u0111\u1ed3ng th\u1eddi h\u1ecd c\u0169ng \u0111ang truy\u1ec1n c\u1ea3m h\u1ee9ng v\u00e0 th\u00fac \u0111\u1ea9y s\u1ef1 ph\u00e1t tri\u1ec3n c\u1ee7a HEROJE. L\u00e0 chuy\u00ean gia v\u1ec1 nh\u1eadn d\u1ea1ng h\u00ecnh \u1ea3nh \u0111\u1ed3 h\u1ecda, ch\u00fang t\u00f4i kh\u00f4ng ch\u1ec9 t\u1eadp trung v\u00e0o hi\u1ec7u qu\u1ea3 v\u00e0 \u0111\u1ed9 tin c\u1eady c\u1ee7a vi\u1ec7c thu th\u1eadp d\u1eef li\u1ec7u trong to\u00e0n b\u1ed9 qu\u00e1 tr\u00ecnh s\u1ea3n xu\u1ea5t v\u00e0 l\u01b0u th\u00f4ng h\u00e0ng h\u00f3a m\u00e0 c\u00f2n cung c\u1ea5p d\u1eef li\u1ec7u c\u1ed1t l\u00f5i nh\u1ea5t \u0111\u1ec3 truy xu\u1ea5t ngu\u1ed3n g\u1ed1c v\u00e0 ki\u1ec3m so\u00e1t ch\u1ea5t l\u01b0\u1ee3ng c\u1ee7a doanh nghi\u1ec7p.<\/p>\n<p>\u00a0<\/p>\n<p>HEROJE c\u00f3 m\u1ed9t \u0111\u1ed9i ng\u0169 tr\u1ebb v\u1edbi n\u0103ng l\u1ef1c v\u00e0 s\u1ee9c s\u1ed1ng v\u01b0\u1ee3t tr\u1ed9i. H\u1ecd kh\u00f4ng ch\u1ec9 c\u00f3 ki\u1ebfn \u200b\u200bth\u1ee9c \u1ee9ng d\u1ee5ng chuy\u00ean s\u00e2u, chuy\u00ean nghi\u1ec7p m\u00e0 c\u00f2n \u0111\u1ea7y quy\u1ebft t\u00e2m, nhi\u1ec7t huy\u1ebft v\u1edbi s\u1ef1 ti\u1ebfn b\u1ed9 v\u00e0 chuy\u1ec3n \u0111\u1ed5i. Ch\u00fang t\u00f4i s\u1ebd lu\u00f4n tu\u00e2n th\u1ee7 kh\u00e1i ni\u1ec7m gi\u00e1 tr\u1ecb v\u1ec1 d\u1ecbch v\u1ee5 chu \u0111\u00e1o, h\u01b0\u1edbng t\u1edbi s\u1ef1 \u0111\u1ed5i m\u1edbi, h\u1ee3p t\u00e1c trung th\u1ef1c v\u00e0 chia s\u1ebb th\u00e0nh t\u00edch. Th\u00f4ng qua s\u1ef1 hi\u1ec3u bi\u1ebft s\u00e2u s\u1eafc v\u00e0 s\u00e2u s\u1eafc v\u1ec1 nhu c\u1ea7u c\u1ee7a t\u1eebng kh\u00e1ch h\u00e0ng, trong qu\u00e1 tr\u00ecnh song h\u00e0nh c\u00f9ng c\u00e1c \u0111\u1ed1i t\u00e1c qu\u1ed1c t\u1ebf, b\u1ed5 sung c\u00e1c chi\u1ebfn l\u01b0\u1ee3c b\u1ea3n \u0111\u1ecba h\u00f3a v\u00e0 d\u1ecbch v\u1ee5 \u0111\u00e1p \u1ee9ng k\u1ecbp th\u1eddi \u0111\u1ec3 gi\u00e0nh \u0111\u01b0\u1ee3c s\u1ef1 c\u00f4ng nh\u1eadn v\u00e0 tin t\u01b0\u1edfng c\u1ee7a ng\u00e0y c\u00e0ng nhi\u1ec1u kh\u00e1ch h\u00e0ng.<\/p>\n<p>\u00a0<\/p>\n<p>Nh\u00ecn v\u1ec1 t\u01b0\u01a1ng lai, \u0111\u1ed9ng l\u1ef1c cho s\u1ef1 ph\u00e1t tri\u1ec3n kh\u00f4ng ng\u1eebng c\u1ee7a ch\u00fang t\u00f4i v\u1eabn s\u1ebd \u0111\u1ebfn t\u1eeb s\u1ef1 th\u00e0nh c\u00f4ng v\u00e0 kh\u1eb3ng \u0111\u1ecbnh c\u1ee7a kh\u00e1ch h\u00e0ng, \u0111\u1ed1i t\u00e1c.<\/p>\n\t\t<\/div>\n\t\t\t\t\t<\/div>\n\n\t\n<\/div>\n<div class=\"row row-small\"  id=\"row-1710482251\">\n\n\t<div id=\"col-1342379106\" class=\"col small-12 large-12\"  >\n\t\t\t\t<div class=\"col-inner\"  >\n\t\t\t\n\t\t\t\n\t<div id=\"text-3762477907\" class=\"text text-title-t-1\">\n\t\t\n<h2>S\u1ea2N PH\u1ea8M<\/h2>\n\t\t\n<style>\n#text-3762477907 {\n  text-align: center;\n}\n<\/style>\n\t<\/div>\n\t\n<div class=\"row\"  id=\"row-133700400\">\n\n\t<div id=\"col-883305940\" class=\"col medium-4 small-12 large-4\"  >\n\t\t\t\t<div class=\"col-inner\"  >\n\t\t\t\n\t\t\t\n\t<div class=\"box has-hover box-t-1  has-hover box-overlay dark box-text-bottom\" >\n\n\t\t<div class=\"box-image\" >\n\t\t\t<a href=\"\/en\/product-category\/he-thong-do-luong-kich-thuoc-hinh-anh\/\"  >\t\t\t<div class=\"image-zoom image-cover\" style=\"padding-top:100%;\">\n\t\t\t\t<img loading=\"lazy\" decoding=\"async\" width=\"1123\" height=\"1319\" src=\"https:\/\/shkvina.vn\/wp-content\/uploads\/2025\/07\/Picture1.png\" class=\"attachment-original size-original\" alt=\"\" srcset=\"https:\/\/shkvina.vn\/wp-content\/uploads\/2025\/07\/Picture1.png 1123w, https:\/\/shkvina.vn\/wp-content\/uploads\/2025\/07\/Picture1-768x902.png 768w, https:\/\/shkvina.vn\/wp-content\/uploads\/2025\/07\/Picture1-10x12.png 10w, https:\/\/shkvina.vn\/wp-content\/uploads\/2025\/07\/Picture1-800x940.png 800w\" sizes=\"auto, (max-width: 1123px) 100vw, 1123px\" \/>\t\t\t\t<div class=\"overlay\" style=\"background-color:1\"><\/div>\t\t\t\t\t\t\t<\/div>\n\t\t\t<\/a>\t\t<\/div>\n\n\t\t<div class=\"box-text text-center\" style=\"background-color:rgba(0, 0, 0, 0.605);\">\n\t\t\t<div class=\"box-text-inner\">\n\t\t\t\t\n\t<div id=\"text-2180707878\" class=\"text text-box-t-1\">\n\t\t\n<h4>H\u1ec7 th\u1ed1ng \u0111o l\u01b0\u1eddng k\u00edch th\u01b0\u1edbc h\u00ecnh \u1ea3nh<\/h4>\n\t\t\n<style>\n#text-2180707878 {\n  text-align: left;\n}\n<\/style>\n\t<\/div>\n\t\n\t\t\t<\/div>\n\t\t<\/div>\n\t<\/div>\n\t\n\t\t<\/div>\n\t\t\t\t\t<\/div>\n\n\t\n\n\t<div id=\"col-1641042243\" class=\"col medium-4 small-12 large-4\"  >\n\t\t\t\t<div class=\"col-inner\"  >\n\t\t\t\n\t\t\t\n\t\t<\/div>\n\t\t\t\t\t<\/div>\n\n\t\n\n\t<div id=\"col-1922674367\" class=\"col medium-4 small-12 large-4\"  >\n\t\t\t\t<div class=\"col-inner\"  >\n\t\t\t\n\t\t\t\n\t\t<\/div>\n\t\t\t\t\t<\/div>\n\n\t\n\n\t<div id=\"col-572171045\" class=\"col medium-4 small-12 large-4\"  >\n\t\t\t\t<div class=\"col-inner\"  >\n\t\t\t\n\t\t\t\n\t\t<\/div>\n\t\t\t\t\t<\/div>\n\n\t\n\n\t<div id=\"col-85918134\" class=\"col medium-4 small-12 large-4\"  >\n\t\t\t\t<div class=\"col-inner\"  >\n\t\t\t\n\t\t\t\n\t\t<\/div>\n\t\t\t\t\t<\/div>\n\n\t\n<\/div>\n\t\t<\/div>\n\t\t\t\t\t<\/div>\n\n\t\n<\/div>\n\t\t<\/div>\n\n\t\t\n<style>\n#section_1735818512 {\n  padding-top: 30px;\n  padding-bottom: 30px;\n}\n#section_1735818512 .ux-shape-divider--top svg {\n  height: 150px;\n  --divider-top-width: 100%;\n}\n#section_1735818512 .ux-shape-divider--bottom svg {\n  height: 150px;\n  --divider-width: 100%;\n}\n<\/style>\n\t<\/section>","protected":false},"excerpt":{"rendered":"","protected":false},"author":1,"featured_media":0,"parent":0,"menu_order":0,"comment_status":"closed","ping_status":"closed","template":"page-blank.php","meta":{"footnotes":""},"class_list":["post-287","page","type-page","status-publish","hentry"],"yoast_head":"<!-- This site is optimized with the Yoast SEO Premium plugin v19.0.1 (Yoast SEO v20.8) - https:\/\/yoast.com\/wordpress\/plugins\/seo\/ -->\n<title>HEROJE - C\u00d4NG TY TNHH TH\u01af\u01a0NG M\u1ea0I SHK INT\u2019L<\/title>\n<meta name=\"robots\" content=\"noindex, follow, max-snippet:-1, max-image-preview:large, max-video-preview:-1\" \/>\n<meta property=\"og:locale\" content=\"en_US\" \/>\n<meta property=\"og:type\" content=\"article\" \/>\n<meta property=\"og:title\" content=\"HEROJE\" \/>\n<meta property=\"og:url\" content=\"https:\/\/shkvina.vn\/en\/hang-chotest\/\" \/>\n<meta property=\"og:site_name\" content=\"C\u00d4NG TY TNHH TH\u01af\u01a0NG M\u1ea0I SHK INT\u2019L\" \/>\n<meta property=\"article:modified_time\" content=\"2025-07-03T03:50:11+00:00\" \/>\n<meta name=\"twitter:card\" content=\"summary_large_image\" \/>\n<meta name=\"twitter:label1\" content=\"Est. reading time\" \/>\n\t<meta name=\"twitter:data1\" content=\"1 minute\" \/>\n<script type=\"application\/ld+json\" class=\"yoast-schema-graph\">{\"@context\":\"https:\/\/schema.org\",\"@graph\":[{\"@type\":\"WebPage\",\"@id\":\"https:\/\/shkvina.vn\/hang-chotest\",\"url\":\"https:\/\/shkvina.vn\/hang-chotest\",\"name\":\"HEROJE - C\u00d4NG TY TNHH TH\u01af\u01a0NG M\u1ea0I SHK INT\u2019L\",\"isPartOf\":{\"@id\":\"https:\/\/shkvina.vn\/#website\"},\"datePublished\":\"2024-01-03T08:54:47+00:00\",\"dateModified\":\"2025-07-03T03:50:11+00:00\",\"breadcrumb\":{\"@id\":\"https:\/\/shkvina.vn\/hang-chotest#breadcrumb\"},\"inLanguage\":\"en-US\",\"potentialAction\":[{\"@type\":\"ReadAction\",\"target\":[\"https:\/\/shkvina.vn\/hang-chotest\"]}]},{\"@type\":\"BreadcrumbList\",\"@id\":\"https:\/\/shkvina.vn\/hang-chotest#breadcrumb\",\"itemListElement\":[{\"@type\":\"ListItem\",\"position\":1,\"name\":\"Home\",\"item\":\"https:\/\/shkvina.vn\/\"},{\"@type\":\"ListItem\",\"position\":2,\"name\":\"HEROJE\"}]},{\"@type\":\"WebSite\",\"@id\":\"https:\/\/shkvina.vn\/#website\",\"url\":\"https:\/\/shkvina.vn\/\",\"name\":\"C\u00d4NG TY TNHH TH\u01af\u01a0NG M\u1ea0I SHK INT\u2019L\",\"description\":\"\",\"potentialAction\":[{\"@type\":\"SearchAction\",\"target\":{\"@type\":\"EntryPoint\",\"urlTemplate\":\"https:\/\/shkvina.vn\/?s={search_term_string}\"},\"query-input\":\"required name=search_term_string\"}],\"inLanguage\":\"en-US\"}]}<\/script>\n<!-- \/ Yoast SEO Premium plugin. -->","yoast_head_json":{"title":"HEROJE - C\u00d4NG TY TNHH TH\u01af\u01a0NG M\u1ea0I SHK INT\u2019L","robots":{"index":"noindex","follow":"follow","max-snippet":"max-snippet:-1","max-image-preview":"max-image-preview:large","max-video-preview":"max-video-preview:-1"},"og_locale":"en_US","og_type":"article","og_title":"HEROJE","og_url":"https:\/\/shkvina.vn\/en\/hang-chotest\/","og_site_name":"C\u00d4NG TY TNHH TH\u01af\u01a0NG M\u1ea0I SHK INT\u2019L","article_modified_time":"2025-07-03T03:50:11+00:00","twitter_card":"summary_large_image","twitter_misc":{"Est. reading time":"1 minute"},"schema":{"@context":"https:\/\/schema.org","@graph":[{"@type":"WebPage","@id":"https:\/\/shkvina.vn\/hang-chotest","url":"https:\/\/shkvina.vn\/hang-chotest","name":"HEROJE - C\u00d4NG TY TNHH TH\u01af\u01a0NG M\u1ea0I SHK INT\u2019L","isPartOf":{"@id":"https:\/\/shkvina.vn\/#website"},"datePublished":"2024-01-03T08:54:47+00:00","dateModified":"2025-07-03T03:50:11+00:00","breadcrumb":{"@id":"https:\/\/shkvina.vn\/hang-chotest#breadcrumb"},"inLanguage":"en-US","potentialAction":[{"@type":"ReadAction","target":["https:\/\/shkvina.vn\/hang-chotest"]}]},{"@type":"BreadcrumbList","@id":"https:\/\/shkvina.vn\/hang-chotest#breadcrumb","itemListElement":[{"@type":"ListItem","position":1,"name":"Home","item":"https:\/\/shkvina.vn\/"},{"@type":"ListItem","position":2,"name":"HEROJE"}]},{"@type":"WebSite","@id":"https:\/\/shkvina.vn\/#website","url":"https:\/\/shkvina.vn\/","name":"C\u00d4NG TY TNHH TH\u01af\u01a0NG M\u1ea0I SHK INT\u2019L","description":"","potentialAction":[{"@type":"SearchAction","target":{"@type":"EntryPoint","urlTemplate":"https:\/\/shkvina.vn\/?s={search_term_string}"},"query-input":"required name=search_term_string"}],"inLanguage":"en-US"}]}},"_links":{"self":[{"href":"https:\/\/shkvina.vn\/en\/wp-json\/wp\/v2\/pages\/287","targetHints":{"allow":["GET"]}}],"collection":[{"href":"https:\/\/shkvina.vn\/en\/wp-json\/wp\/v2\/pages"}],"about":[{"href":"https:\/\/shkvina.vn\/en\/wp-json\/wp\/v2\/types\/page"}],"author":[{"embeddable":true,"href":"https:\/\/shkvina.vn\/en\/wp-json\/wp\/v2\/users\/1"}],"replies":[{"embeddable":true,"href":"https:\/\/shkvina.vn\/en\/wp-json\/wp\/v2\/comments?post=287"}],"version-history":[{"count":27,"href":"https:\/\/shkvina.vn\/en\/wp-json\/wp\/v2\/pages\/287\/revisions"}],"predecessor-version":[{"id":1090,"href":"https:\/\/shkvina.vn\/en\/wp-json\/wp\/v2\/pages\/287\/revisions\/1090"}],"wp:attachment":[{"href":"https:\/\/shkvina.vn\/en\/wp-json\/wp\/v2\/media?parent=287"}],"curies":[{"name":"wp","href":"https:\/\/api.w.org\/{rel}","templated":true}]}}