{"id":268,"date":"2024-01-03T08:46:25","date_gmt":"2024-01-03T08:46:25","guid":{"rendered":"https:\/\/1.duyanhweb.info\/?page_id=268"},"modified":"2024-01-15T03:42:58","modified_gmt":"2024-01-15T03:42:58","slug":"shkviet-video-measuring-machine_2024","status":"publish","type":"page","link":"https:\/\/shkvina.vn\/en\/shkviet-video-measuring-machine_2024","title":{"rendered":"M\u00e1y \u0111o quang h\u1ecdc"},"content":{"rendered":"<section class=\"section\" id=\"section_241002144\">\n\t\t<div class=\"bg section-bg fill bg-fill  bg-loaded\" >\n\n\t\t\t\n\t\t\t\n\t\t\t\n\n\t\t<\/div>\n\n\t\t\n\n\t\t<div class=\"section-content relative\">\n\t\t\t\n\n<div class=\"row\"  id=\"row-2138043137\">\n\n\t<div id=\"col-2084056647\" class=\"col small-12 large-12\"  >\n\t\t\t\t<div class=\"col-inner\"  >\n\t\t\t\n\t\t\t\n<h3>M\u00c1Y \u0110O QUANG H\u1eccC<\/h3>\n<p>Video Measurement System SHK VMS-G Series CNC<\/p>\n\t\t<\/div>\n\t\t\t\t\t<\/div>\n\n\t\n\n\t<div id=\"col-1059938397\" class=\"col medium-6 small-12 large-6\"  data-animate=\"fadeInLeft\">\n\t\t\t\t<div class=\"col-inner\"  >\n\t\t\t\n\t\t\t\n\t<div class=\"img has-hover x md-x lg-x y md-y lg-y\" id=\"image_1673615632\">\n\t\t\t\t\t\t\t\t<div class=\"img-inner dark\" >\n\t\t\t<img loading=\"lazy\" decoding=\"async\" width=\"369\" height=\"351\" src=\"https:\/\/shkvina.vn\/wp-content\/uploads\/2024\/01\/z5017249259510_edd940633993d84db7d34364e2e83e74-1.jpg\" class=\"attachment-original size-original\" alt=\"\" srcset=\"https:\/\/shkvina.vn\/wp-content\/uploads\/2024\/01\/z5017249259510_edd940633993d84db7d34364e2e83e74-1.jpg 369w, https:\/\/shkvina.vn\/wp-content\/uploads\/2024\/01\/z5017249259510_edd940633993d84db7d34364e2e83e74-1-13x12.jpg 13w\" sizes=\"auto, (max-width: 369px) 100vw, 369px\" \/>\t\t\t\t\t\t\n\t\t\t\t\t<\/div>\n\t\t\t\t\t\t\t\t\n<style>\n#image_1673615632 {\n  width: 100%;\n}\n<\/style>\n\t<\/div>\n\t\n\t\t<\/div>\n\t\t\t\t\t<\/div>\n\n\t\n\n\t<div id=\"col-1032515754\" class=\"col medium-6 small-12 large-6\"  data-animate=\"fadeInRight\">\n\t\t\t\t<div class=\"col-inner\"  >\n\t\t\t\n\t\t\t\n<h3>Ph\u1ea1m vi \u0111o XY(mm):<\/h3>\n<p>\u00a0\u2022 VMS 542G : 500 x 400<br \/>\u2022 VMS 562G : 500 x 600<br \/>\u2022 VMS 682G : 600 x 800<br \/>\u2022 VMS 8102G : 800 x 1000<br \/>\u2022 VMS 1012G : 1000 x 1200<br \/>\u2022 VMS 1016G : 1000 x 1600<br \/>\u2022 VMS 1216G : 1200 x 1600<br \/>\u2022 VMS 1318G : 1300 x 1800<br \/>(Ph\u1ea1m vi di chuy\u1ec3n tr\u1ee5c Z : 200)<\/p>\n\t\t<\/div>\n\t\t\t\t\t<\/div>\n\n\t\n<\/div>\n<div class=\"row\"  id=\"row-1596257747\">\n\n\t<div id=\"col-915430002\" class=\"col medium-6 small-12 large-6\"  data-animate=\"fadeInLeft\">\n\t\t\t\t<div class=\"col-inner\"  >\n\t\t\t\n\t\t\t\n\t<div class=\"img has-hover x md-x lg-x y md-y lg-y\" id=\"image_1721508732\">\n\t\t\t\t\t\t\t\t<div class=\"img-inner dark\" >\n\t\t\t<img loading=\"lazy\" decoding=\"async\" width=\"384\" height=\"288\" src=\"https:\/\/shkvina.vn\/wp-content\/uploads\/2024\/01\/z5017248602908_23a1d75c79d6eb91212f54e026e004cf.jpg\" class=\"attachment-original size-original\" alt=\"\" srcset=\"https:\/\/shkvina.vn\/wp-content\/uploads\/2024\/01\/z5017248602908_23a1d75c79d6eb91212f54e026e004cf.jpg 384w, https:\/\/shkvina.vn\/wp-content\/uploads\/2024\/01\/z5017248602908_23a1d75c79d6eb91212f54e026e004cf-16x12.jpg 16w\" sizes=\"auto, (max-width: 384px) 100vw, 384px\" \/>\t\t\t\t\t\t\n\t\t\t\t\t<\/div>\n\t\t\t\t\t\t\t\t\n<style>\n#image_1721508732 {\n  width: 100%;\n}\n<\/style>\n\t<\/div>\n\t\n\t\t<\/div>\n\t\t\t\t\t<\/div>\n\n\t\n\n\t<div id=\"col-140857155\" class=\"col medium-6 small-12 large-6\"  data-animate=\"fadeInRight\">\n\t\t\t\t<div class=\"col-inner\"  >\n\t\t\t\n\t\t\t\n<h3>C\u00e1c t\u00ednh n\u0103ng ch\u00ednh:<\/h3>\n<p>\u2022 Zoom quang h\u1ecdc v\u00e0 k\u1ef9 thu\u1eadt s\u1ed1 c\u00f3 th\u1ec3 l\u1eadp tr\u00ecnh. \u2022 M\u00e1y \u1ea3nh k\u1ef9 thu\u1eadt s\u1ed1 \u0111\u1ed9 ph\u00e2n gi\u1ea3i cao. \u2022 C\u1ea5u tr\u00fac \u0111\u00e1 granite c\u1ea5p 00 c\u00f3 \u0111\u1ed9 \u1ed5n \u0111\u1ecbnh cao<br \/>\u2022 B\u1ed9 m\u00e3 h\u00f3a tuy\u1ebfn t\u00ednh \u0111\u1ed9 ph\u00e2n gi\u1ea3i cao<br \/>\u2022 H\u01b0\u1edbng d\u1eabn tuy\u1ebfn t\u00ednh ch\u00ednh x\u00e1c<br \/>\u2022 Ngu\u1ed3n s\u00e1ng LED ti\u00ean ti\u1ebfn<br \/>\u2022 T\u1ef1 \u0111\u1ed9ng ph\u00e1t hi\u1ec7n c\u1ea1nh<br \/>\u2022 Ph\u1ea7n m\u1ec1m d\u1ec5 s\u1eed d\u1ee5ng<\/p>\n<p>\u2022 \u0110\u1ed9 ch\u00ednh x\u00e1c \u0111o : E2xy = (2.5 ~ 3.0+L\/200) \u03bcm<br \/>\u2022 \u0110\u1ed9 ph\u00e2n gi\u1ea3i : 0.5\u03bcm<br \/>\u2022 \u1ed0ng k\u00ednh zoom 6.5:1 c\u00f3 \u0111\u1ed9ng c\u01a1<br \/>Ph\u00f3ng \u0111\u1ea1i : 34x \u2013 120x<br \/>\u2022 \u00c1nh s\u00e1ng \u0111\u1ed3ng tr\u1ee5c<br \/>\u2022 \u00c1nh s\u00e1ng song song ph\u00eda d\u01b0\u1edbi LED<br \/>\u2022 \u00c1nh s\u00e1ng b\u1ec1 m\u1eb7t v\u00f2ng LED 4 x 8 c\u00f3 th\u1ec3 l\u1eadp v\u1edbi con tr\u1ecf Laser<\/p>\n<h3>H\u1ed7 tr\u1ee3 t\u1eeb ch\u00fang t\u00f4i (T\u00f9y ch\u1ecdn)<\/h3>\n<p>\u2022 Ph\u1ea7n m\u1ec1m Rational VUE<br \/>\u2022 \u1ed0ng k\u00ednh zoom 12.5:1 c\u00f3 \u0111\u1ed9ng c\u01a1<br \/>\u2022 \u0110\u1ea7u d\u00f2 c\u1ea3m \u1ee9ng, H\u1ec7 th\u1ed1ng Laser<\/p>\n\t\t<\/div>\n\t\t\t\t\n<style>\n#col-140857155 > .col-inner {\n  padding: 10px 10px 10px 30px;\n}\n<\/style>\n\t<\/div>\n\n\t\n<\/div>\n<div class=\"row\"  id=\"row-349044196\">\n\n\t<div id=\"col-1782158650\" class=\"col small-12 large-12\"  data-animate=\"fadeInRight\">\n\t\t\t\t<div class=\"col-inner\"  >\n\t\t\t\n\t\t\t\n<h3>This is a simple headline<\/h3>\n\t<div class=\"img has-hover x md-x lg-x y md-y lg-y\" id=\"image_740601700\">\n\t\t\t\t\t\t\t\t<div class=\"img-inner dark\" >\n\t\t\t<img loading=\"lazy\" decoding=\"async\" width=\"743\" height=\"639\" src=\"https:\/\/shkvina.vn\/wp-content\/uploads\/2024\/01\/thong-so.png\" class=\"attachment-original size-original\" alt=\"\" srcset=\"https:\/\/shkvina.vn\/wp-content\/uploads\/2024\/01\/thong-so.png 743w, https:\/\/shkvina.vn\/wp-content\/uploads\/2024\/01\/thong-so-14x12.png 14w, https:\/\/shkvina.vn\/wp-content\/uploads\/2024\/01\/thong-so-600x516.png 600w\" sizes=\"auto, (max-width: 743px) 100vw, 743px\" \/>\t\t\t\t\t\t\n\t\t\t\t\t<\/div>\n\t\t\t\t\t\t\t\t\n<style>\n#image_740601700 {\n  width: 100%;\n}\n<\/style>\n\t<\/div>\n\t\n<p>Th\u00f4ng s\u1ed1 k\u1ef9 thu\u1eadt c\u00f3 th\u1ec3 thay \u0111\u1ed5i m\u00e0 kh\u00f4ng c\u1ea7n th\u00f4ng b\u00e1o tr\u01b0\u1edbc do tu s\u1eeda s\u1ea3n ph\u1ea9m, v.v.<\/p>\n\t\t<\/div>\n\t\t\t\t\t<\/div>\n\n\t\n\n\t<div id=\"col-1186405605\" class=\"col small-12 large-12\"  data-animate=\"fadeInUp\">\n\t\t\t\t<div class=\"col-inner\"  >\n\t\t\t\n\t\t\t\n<h2>Chi ti\u1ebft s\u1ea3n ph\u1ea9m<\/h2>\n\t\t<\/div>\n\t\t\t\t\t<\/div>\n\n\t\n<\/div>\n\t\t<\/div>\n\n\t\t\n<style>\n#section_241002144 {\n  padding-top: 30px;\n  padding-bottom: 30px;\n}\n#section_241002144 .ux-shape-divider--top svg {\n  height: 150px;\n  --divider-top-width: 100%;\n}\n#section_241002144 .ux-shape-divider--bottom svg {\n  height: 150px;\n  --divider-width: 100%;\n}\n<\/style>\n\t<\/section>","protected":false},"excerpt":{"rendered":"","protected":false},"author":1,"featured_media":0,"parent":0,"menu_order":0,"comment_status":"closed","ping_status":"closed","template":"page-blank.php","meta":{"footnotes":""},"class_list":["post-268","page","type-page","status-publish","hentry"],"yoast_head":"<!-- This site is optimized with the Yoast SEO Premium plugin v19.0.1 (Yoast SEO v20.8) - https:\/\/yoast.com\/wordpress\/plugins\/seo\/ -->\n<title>M\u00e1y \u0111o quang h\u1ecdc - C\u00d4NG TY TNHH TH\u01af\u01a0NG M\u1ea0I SHK INT\u2019L<\/title>\n<meta name=\"robots\" content=\"noindex, follow, max-snippet:-1, max-image-preview:large, max-video-preview:-1\" \/>\n<meta property=\"og:locale\" content=\"en_US\" \/>\n<meta property=\"og:type\" content=\"article\" \/>\n<meta property=\"og:title\" content=\"M\u00e1y \u0111o quang h\u1ecdc\" \/>\n<meta property=\"og:url\" content=\"https:\/\/shkvina.vn\/en\/shkviet-video-measuring-machine_2024\/\" \/>\n<meta property=\"og:site_name\" content=\"C\u00d4NG TY TNHH TH\u01af\u01a0NG M\u1ea0I SHK INT\u2019L\" \/>\n<meta property=\"article:modified_time\" content=\"2024-01-15T03:42:58+00:00\" \/>\n<meta name=\"twitter:card\" content=\"summary_large_image\" \/>\n<meta name=\"twitter:label1\" content=\"Est. reading time\" \/>\n\t<meta name=\"twitter:data1\" content=\"1 minute\" \/>\n<script type=\"application\/ld+json\" class=\"yoast-schema-graph\">{\"@context\":\"https:\/\/schema.org\",\"@graph\":[{\"@type\":\"WebPage\",\"@id\":\"https:\/\/shkvina.vn\/shkviet-video-measuring-machine_2024\",\"url\":\"https:\/\/shkvina.vn\/shkviet-video-measuring-machine_2024\",\"name\":\"M\u00e1y \u0111o quang h\u1ecdc - C\u00d4NG TY TNHH TH\u01af\u01a0NG M\u1ea0I SHK INT\u2019L\",\"isPartOf\":{\"@id\":\"https:\/\/shkvina.vn\/#website\"},\"datePublished\":\"2024-01-03T08:46:25+00:00\",\"dateModified\":\"2024-01-15T03:42:58+00:00\",\"breadcrumb\":{\"@id\":\"https:\/\/shkvina.vn\/shkviet-video-measuring-machine_2024#breadcrumb\"},\"inLanguage\":\"en-US\",\"potentialAction\":[{\"@type\":\"ReadAction\",\"target\":[\"https:\/\/shkvina.vn\/shkviet-video-measuring-machine_2024\"]}]},{\"@type\":\"BreadcrumbList\",\"@id\":\"https:\/\/shkvina.vn\/shkviet-video-measuring-machine_2024#breadcrumb\",\"itemListElement\":[{\"@type\":\"ListItem\",\"position\":1,\"name\":\"Home\",\"item\":\"https:\/\/shkvina.vn\/\"},{\"@type\":\"ListItem\",\"position\":2,\"name\":\"M\u00e1y \u0111o quang h\u1ecdc\"}]},{\"@type\":\"WebSite\",\"@id\":\"https:\/\/shkvina.vn\/#website\",\"url\":\"https:\/\/shkvina.vn\/\",\"name\":\"C\u00d4NG TY TNHH TH\u01af\u01a0NG M\u1ea0I SHK INT\u2019L\",\"description\":\"\",\"potentialAction\":[{\"@type\":\"SearchAction\",\"target\":{\"@type\":\"EntryPoint\",\"urlTemplate\":\"https:\/\/shkvina.vn\/?s={search_term_string}\"},\"query-input\":\"required name=search_term_string\"}],\"inLanguage\":\"en-US\"}]}<\/script>\n<!-- \/ Yoast SEO Premium plugin. -->","yoast_head_json":{"title":"M\u00e1y \u0111o quang h\u1ecdc - C\u00d4NG TY TNHH TH\u01af\u01a0NG M\u1ea0I SHK INT\u2019L","robots":{"index":"noindex","follow":"follow","max-snippet":"max-snippet:-1","max-image-preview":"max-image-preview:large","max-video-preview":"max-video-preview:-1"},"og_locale":"en_US","og_type":"article","og_title":"M\u00e1y \u0111o quang h\u1ecdc","og_url":"https:\/\/shkvina.vn\/en\/shkviet-video-measuring-machine_2024\/","og_site_name":"C\u00d4NG TY TNHH TH\u01af\u01a0NG M\u1ea0I SHK INT\u2019L","article_modified_time":"2024-01-15T03:42:58+00:00","twitter_card":"summary_large_image","twitter_misc":{"Est. reading time":"1 minute"},"schema":{"@context":"https:\/\/schema.org","@graph":[{"@type":"WebPage","@id":"https:\/\/shkvina.vn\/shkviet-video-measuring-machine_2024","url":"https:\/\/shkvina.vn\/shkviet-video-measuring-machine_2024","name":"M\u00e1y \u0111o quang h\u1ecdc - C\u00d4NG TY TNHH TH\u01af\u01a0NG M\u1ea0I SHK INT\u2019L","isPartOf":{"@id":"https:\/\/shkvina.vn\/#website"},"datePublished":"2024-01-03T08:46:25+00:00","dateModified":"2024-01-15T03:42:58+00:00","breadcrumb":{"@id":"https:\/\/shkvina.vn\/shkviet-video-measuring-machine_2024#breadcrumb"},"inLanguage":"en-US","potentialAction":[{"@type":"ReadAction","target":["https:\/\/shkvina.vn\/shkviet-video-measuring-machine_2024"]}]},{"@type":"BreadcrumbList","@id":"https:\/\/shkvina.vn\/shkviet-video-measuring-machine_2024#breadcrumb","itemListElement":[{"@type":"ListItem","position":1,"name":"Home","item":"https:\/\/shkvina.vn\/"},{"@type":"ListItem","position":2,"name":"M\u00e1y \u0111o quang h\u1ecdc"}]},{"@type":"WebSite","@id":"https:\/\/shkvina.vn\/#website","url":"https:\/\/shkvina.vn\/","name":"C\u00d4NG TY TNHH TH\u01af\u01a0NG M\u1ea0I SHK INT\u2019L","description":"","potentialAction":[{"@type":"SearchAction","target":{"@type":"EntryPoint","urlTemplate":"https:\/\/shkvina.vn\/?s={search_term_string}"},"query-input":"required name=search_term_string"}],"inLanguage":"en-US"}]}},"_links":{"self":[{"href":"https:\/\/shkvina.vn\/en\/wp-json\/wp\/v2\/pages\/268","targetHints":{"allow":["GET"]}}],"collection":[{"href":"https:\/\/shkvina.vn\/en\/wp-json\/wp\/v2\/pages"}],"about":[{"href":"https:\/\/shkvina.vn\/en\/wp-json\/wp\/v2\/types\/page"}],"author":[{"embeddable":true,"href":"https:\/\/shkvina.vn\/en\/wp-json\/wp\/v2\/users\/1"}],"replies":[{"embeddable":true,"href":"https:\/\/shkvina.vn\/en\/wp-json\/wp\/v2\/comments?post=268"}],"version-history":[{"count":20,"href":"https:\/\/shkvina.vn\/en\/wp-json\/wp\/v2\/pages\/268\/revisions"}],"predecessor-version":[{"id":445,"href":"https:\/\/shkvina.vn\/en\/wp-json\/wp\/v2\/pages\/268\/revisions\/445"}],"wp:attachment":[{"href":"https:\/\/shkvina.vn\/en\/wp-json\/wp\/v2\/media?parent=268"}],"curies":[{"name":"wp","href":"https:\/\/api.w.org\/{rel}","templated":true}]}}