{"id":170,"date":"2023-12-30T03:30:47","date_gmt":"2023-12-30T03:30:47","guid":{"rendered":"https:\/\/1.duyanhweb.info\/?page_id=170"},"modified":"2024-01-30T07:29:31","modified_gmt":"2024-01-30T07:29:31","slug":"ve-chung-toi","status":"publish","type":"page","link":"https:\/\/shkvina.vn\/en\/ve-chung-toi","title":{"rendered":"V\u1ec1 ch\u00fang t\u00f4i"},"content":{"rendered":"<section class=\"section\" id=\"section_2119093152\">\n\t\t<div class=\"bg section-bg fill bg-fill  bg-loaded\" >\n\n\t\t\t\n\t\t\t\n\t\t\t\n\n\t\t<\/div>\n\n\t\t\n\n\t\t<div class=\"section-content relative\">\n\t\t\t\n<div class=\"row\"  id=\"row-189771511\">\n\n\t<div id=\"col-1321427772\" class=\"col small-12 large-12\"  data-animate=\"fadeInLeft\">\n\t\t\t\t<div class=\"col-inner\"  >\n\t\t\t\n\t\t\t\n<div class=\"container section-title-container\" ><h2 class=\"section-title section-title-center\"><b><\/b><span class=\"section-title-main\" >V\u1ec0 CH\u00daNG T\u00d4I<\/span><b><\/b><\/h2><\/div>\n<p style=\"text-align: justify;\"><i>SHK INT\u2019L <\/i>cung c\u1ea5p c\u00e1c gi\u1ea3i ph\u00e1p \u0111o l\u01b0\u1eddng v\u00e0 ki\u1ec3m tra t\u1ef1 \u0111\u1ed9ng ch\u1ea5t l\u01b0\u1ee3ng \u1ed5n \u0111\u1ecbnh v\u00e0 tuy\u1ec7t v\u1eddi. Ch\u00fang t\u00f4i \u0111ang c\u1ed1 g\u1eafng ph\u00e1t tri\u1ec3n c\u00f4ng ngh\u1ec7 ti\u00ean ti\u1ebfn \u0111\u00e1p \u1ee9ng nhu c\u1ea7u c\u1ee7a nhi\u1ec1u kh\u00e1ch h\u00e0ng kh\u00e1c nhau b\u1eb1ng c\u00e1ch t\u00edch h\u1ee3p R &amp; D, thi\u1ebft k\u1ebf v\u00e0 s\u1ea3n xu\u1ea5t s\u1ea3n ph\u1ea9m, ti\u1ebfp th\u1ecb v\u00e0 d\u1ecbch v\u1ee5 sau b\u00e1n h\u00e0ng th\u00e0nh m\u1ed9t.<\/p>\n<p style=\"text-align: justify;\">C\u00f4ng ngh\u1ec7 c\u1ee7a ch\u00fang t\u00f4i \u0111\u01b0\u1ee3c t\u1ed1i \u01b0u h\u00f3a cho c\u00e1c quy tr\u00ecnh s\u1ea3n xu\u1ea5t t\u1ef1 \u0111\u1ed9ng trong c\u00e1c l\u0129nh v\u1ef1c c\u00f4ng nghi\u1ec7p kh\u00e1c nhau nh\u01b0 \u0111o l\u01b0\u1eddng, ki\u1ec3m tra v\u00e0 ph\u00e1n \u0111o\u00e1n \u0111\u1ed9 ch\u00ednh x\u00e1c (Ph\u00e2n t\u00edch).<\/p>\n<p style=\"text-align: justify;\"><i>SHK INT\u2019L<\/i> <i>\u00a0<\/i>provides stable and excellent quality automated measurement and testing solutions. We are striving to develop advanced technology that meets the needs of various customers by integrating R&amp;D, product design and manufacturing, marketing and after-sales service into one.<\/p>\n<p style=\"text-align: justify;\">Our technology is optimized for automated production processes in various industrial sectors such as precision measurement(inspection), analysis and judgment.<\/p>\n\t\t<\/div>\n\t\t\t\t\t<\/div>\n\n\t\n\n\t<div id=\"col-1993909767\" class=\"col small-12 large-12\"  data-animate=\"fadeInLeft\">\n\t\t\t\t<div class=\"col-inner\"  >\n\t\t\t\n\t\t\t\n<div class=\"container section-title-container\" ><h2 class=\"section-title section-title-center\"><b><\/b><span class=\"section-title-main\" >Ph\u00f2ng Tr\u01b0ng B\u00e0y<\/span><b><\/b><\/h2><\/div>\n\n  \n    <div class=\"row large-columns-3 medium-columns- small-columns-2\">\n  <div class=\"gallery-col col\" >\n          <div class=\"col-inner\">\n            <a class=\"image-lightbox lightbox-gallery\" href=\"https:\/\/shkvina.vn\/wp-content\/uploads\/2024\/01\/Picture3.png\" title=\"\">            <div class=\"box has-hover gallery-box box-normal\">\n              <div class=\"box-image image-zoom\" >\n                <img loading=\"lazy\" decoding=\"async\" width=\"624\" height=\"833\" src=\"https:\/\/shkvina.vn\/wp-content\/uploads\/2024\/01\/Picture3.png\" class=\"attachment-original size-original\" alt=\"\" ids=\"718,719,720\" style=\"normal\" lightbox_image_size=\"original\" columns=\"3\" image_size=\"original\" image_hover=\"zoom\" srcset=\"https:\/\/shkvina.vn\/wp-content\/uploads\/2024\/01\/Picture3.png 624w, https:\/\/shkvina.vn\/wp-content\/uploads\/2024\/01\/Picture3-9x12.png 9w\" sizes=\"auto, (max-width: 624px) 100vw, 624px\" \/>                                                              <\/div>\n              <div class=\"box-text text-left\" >\n                 <p><\/p>\n              <\/div>\n            <\/div>\n            <\/a>          <\/div>\n         <\/div><div class=\"gallery-col col\" >\n          <div class=\"col-inner\">\n            <a class=\"image-lightbox lightbox-gallery\" href=\"https:\/\/shkvina.vn\/wp-content\/uploads\/2024\/01\/Picture2-1.jpg\" title=\"\">            <div class=\"box has-hover gallery-box box-normal\">\n              <div class=\"box-image image-zoom\" >\n                <img loading=\"lazy\" decoding=\"async\" width=\"628\" height=\"838\" src=\"https:\/\/shkvina.vn\/wp-content\/uploads\/2024\/01\/Picture2-1.jpg\" class=\"attachment-original size-original\" alt=\"\" ids=\"718,719,720\" style=\"normal\" lightbox_image_size=\"original\" columns=\"3\" image_size=\"original\" image_hover=\"zoom\" srcset=\"https:\/\/shkvina.vn\/wp-content\/uploads\/2024\/01\/Picture2-1.jpg 628w, https:\/\/shkvina.vn\/wp-content\/uploads\/2024\/01\/Picture2-1-9x12.jpg 9w\" sizes=\"auto, (max-width: 628px) 100vw, 628px\" \/>                                                              <\/div>\n              <div class=\"box-text text-left\" >\n                 <p><\/p>\n              <\/div>\n            <\/div>\n            <\/a>          <\/div>\n         <\/div><div class=\"gallery-col col\" >\n          <div class=\"col-inner\">\n            <a class=\"image-lightbox lightbox-gallery\" href=\"https:\/\/shkvina.vn\/wp-content\/uploads\/2024\/01\/Picture1.jpg\" title=\"\">            <div class=\"box has-hover gallery-box box-normal\">\n              <div class=\"box-image image-zoom\" >\n                <img loading=\"lazy\" decoding=\"async\" width=\"628\" height=\"837\" src=\"https:\/\/shkvina.vn\/wp-content\/uploads\/2024\/01\/Picture1.jpg\" class=\"attachment-original size-original\" alt=\"\" ids=\"718,719,720\" style=\"normal\" lightbox_image_size=\"original\" columns=\"3\" image_size=\"original\" image_hover=\"zoom\" srcset=\"https:\/\/shkvina.vn\/wp-content\/uploads\/2024\/01\/Picture1.jpg 628w, https:\/\/shkvina.vn\/wp-content\/uploads\/2024\/01\/Picture1-9x12.jpg 9w\" sizes=\"auto, (max-width: 628px) 100vw, 628px\" \/>                                                              <\/div>\n              <div class=\"box-text text-left\" >\n                 <p><\/p>\n              <\/div>\n            <\/div>\n            <\/a>          <\/div>\n         <\/div><\/div>\n\t\t<\/div>\n\t\t\t\t\t<\/div>\n\n\t\n<\/div>\n\t\t<\/div>\n\n\t\t\n<style>\n#section_2119093152 {\n  padding-top: 30px;\n  padding-bottom: 30px;\n}\n#section_2119093152 .ux-shape-divider--top svg {\n  height: 150px;\n  --divider-top-width: 100%;\n}\n#section_2119093152 .ux-shape-divider--bottom svg {\n  height: 150px;\n  --divider-width: 100%;\n}\n<\/style>\n\t<\/section>","protected":false},"excerpt":{"rendered":"","protected":false},"author":1,"featured_media":0,"parent":0,"menu_order":0,"comment_status":"closed","ping_status":"closed","template":"page-blank.php","meta":{"footnotes":""},"class_list":["post-170","page","type-page","status-publish","hentry"],"yoast_head":"<!-- This site is optimized with the Yoast SEO Premium plugin v19.0.1 (Yoast SEO v20.8) - https:\/\/yoast.com\/wordpress\/plugins\/seo\/ -->\n<title>V\u1ec1 ch\u00fang t\u00f4i - C\u00d4NG TY TNHH TH\u01af\u01a0NG M\u1ea0I SHK INT\u2019L<\/title>\n<meta name=\"robots\" content=\"noindex, follow, max-snippet:-1, max-image-preview:large, max-video-preview:-1\" \/>\n<meta property=\"og:locale\" content=\"en_US\" \/>\n<meta property=\"og:type\" content=\"article\" \/>\n<meta property=\"og:title\" content=\"V\u1ec1 ch\u00fang t\u00f4i\" \/>\n<meta property=\"og:url\" content=\"https:\/\/shkvina.vn\/en\/ve-chung-toi\/\" \/>\n<meta property=\"og:site_name\" content=\"C\u00d4NG TY TNHH TH\u01af\u01a0NG M\u1ea0I SHK INT\u2019L\" \/>\n<meta property=\"article:modified_time\" content=\"2024-01-30T07:29:31+00:00\" \/>\n<meta name=\"twitter:card\" content=\"summary_large_image\" \/>\n<script type=\"application\/ld+json\" class=\"yoast-schema-graph\">{\"@context\":\"https:\/\/schema.org\",\"@graph\":[{\"@type\":\"WebPage\",\"@id\":\"https:\/\/shkvina.vn\/ve-chung-toi\",\"url\":\"https:\/\/shkvina.vn\/ve-chung-toi\",\"name\":\"V\u1ec1 ch\u00fang t\u00f4i - C\u00d4NG TY TNHH TH\u01af\u01a0NG M\u1ea0I SHK INT\u2019L\",\"isPartOf\":{\"@id\":\"https:\/\/shkvina.vn\/#website\"},\"datePublished\":\"2023-12-30T03:30:47+00:00\",\"dateModified\":\"2024-01-30T07:29:31+00:00\",\"breadcrumb\":{\"@id\":\"https:\/\/shkvina.vn\/ve-chung-toi#breadcrumb\"},\"inLanguage\":\"en-US\",\"potentialAction\":[{\"@type\":\"ReadAction\",\"target\":[\"https:\/\/shkvina.vn\/ve-chung-toi\"]}]},{\"@type\":\"BreadcrumbList\",\"@id\":\"https:\/\/shkvina.vn\/ve-chung-toi#breadcrumb\",\"itemListElement\":[{\"@type\":\"ListItem\",\"position\":1,\"name\":\"Home\",\"item\":\"https:\/\/shkvina.vn\/\"},{\"@type\":\"ListItem\",\"position\":2,\"name\":\"V\u1ec1 ch\u00fang t\u00f4i\"}]},{\"@type\":\"WebSite\",\"@id\":\"https:\/\/shkvina.vn\/#website\",\"url\":\"https:\/\/shkvina.vn\/\",\"name\":\"C\u00d4NG TY TNHH TH\u01af\u01a0NG M\u1ea0I SHK INT\u2019L\",\"description\":\"\",\"potentialAction\":[{\"@type\":\"SearchAction\",\"target\":{\"@type\":\"EntryPoint\",\"urlTemplate\":\"https:\/\/shkvina.vn\/?s={search_term_string}\"},\"query-input\":\"required name=search_term_string\"}],\"inLanguage\":\"en-US\"}]}<\/script>\n<!-- \/ Yoast SEO Premium plugin. -->","yoast_head_json":{"title":"V\u1ec1 ch\u00fang t\u00f4i - C\u00d4NG TY TNHH TH\u01af\u01a0NG M\u1ea0I SHK INT\u2019L","robots":{"index":"noindex","follow":"follow","max-snippet":"max-snippet:-1","max-image-preview":"max-image-preview:large","max-video-preview":"max-video-preview:-1"},"og_locale":"en_US","og_type":"article","og_title":"V\u1ec1 ch\u00fang t\u00f4i","og_url":"https:\/\/shkvina.vn\/en\/ve-chung-toi\/","og_site_name":"C\u00d4NG TY TNHH TH\u01af\u01a0NG M\u1ea0I SHK INT\u2019L","article_modified_time":"2024-01-30T07:29:31+00:00","twitter_card":"summary_large_image","schema":{"@context":"https:\/\/schema.org","@graph":[{"@type":"WebPage","@id":"https:\/\/shkvina.vn\/ve-chung-toi","url":"https:\/\/shkvina.vn\/ve-chung-toi","name":"V\u1ec1 ch\u00fang t\u00f4i - C\u00d4NG TY TNHH TH\u01af\u01a0NG M\u1ea0I SHK INT\u2019L","isPartOf":{"@id":"https:\/\/shkvina.vn\/#website"},"datePublished":"2023-12-30T03:30:47+00:00","dateModified":"2024-01-30T07:29:31+00:00","breadcrumb":{"@id":"https:\/\/shkvina.vn\/ve-chung-toi#breadcrumb"},"inLanguage":"en-US","potentialAction":[{"@type":"ReadAction","target":["https:\/\/shkvina.vn\/ve-chung-toi"]}]},{"@type":"BreadcrumbList","@id":"https:\/\/shkvina.vn\/ve-chung-toi#breadcrumb","itemListElement":[{"@type":"ListItem","position":1,"name":"Home","item":"https:\/\/shkvina.vn\/"},{"@type":"ListItem","position":2,"name":"V\u1ec1 ch\u00fang t\u00f4i"}]},{"@type":"WebSite","@id":"https:\/\/shkvina.vn\/#website","url":"https:\/\/shkvina.vn\/","name":"C\u00d4NG TY TNHH TH\u01af\u01a0NG M\u1ea0I SHK INT\u2019L","description":"","potentialAction":[{"@type":"SearchAction","target":{"@type":"EntryPoint","urlTemplate":"https:\/\/shkvina.vn\/?s={search_term_string}"},"query-input":"required name=search_term_string"}],"inLanguage":"en-US"}]}},"_links":{"self":[{"href":"https:\/\/shkvina.vn\/en\/wp-json\/wp\/v2\/pages\/170","targetHints":{"allow":["GET"]}}],"collection":[{"href":"https:\/\/shkvina.vn\/en\/wp-json\/wp\/v2\/pages"}],"about":[{"href":"https:\/\/shkvina.vn\/en\/wp-json\/wp\/v2\/types\/page"}],"author":[{"embeddable":true,"href":"https:\/\/shkvina.vn\/en\/wp-json\/wp\/v2\/users\/1"}],"replies":[{"embeddable":true,"href":"https:\/\/shkvina.vn\/en\/wp-json\/wp\/v2\/comments?post=170"}],"version-history":[{"count":24,"href":"https:\/\/shkvina.vn\/en\/wp-json\/wp\/v2\/pages\/170\/revisions"}],"predecessor-version":[{"id":722,"href":"https:\/\/shkvina.vn\/en\/wp-json\/wp\/v2\/pages\/170\/revisions\/722"}],"wp:attachment":[{"href":"https:\/\/shkvina.vn\/en\/wp-json\/wp\/v2\/media?parent=170"}],"curies":[{"name":"wp","href":"https:\/\/api.w.org\/{rel}","templated":true}]}}